{"id":119922,"date":"2020-01-05T14:12:24","date_gmt":"2020-01-05T14:12:24","guid":{"rendered":"https:\/\/lighthouselocarno.ch\/prodotti\/table-de-chevet-carducci\/"},"modified":"2023-08-24T10:33:59","modified_gmt":"2023-08-24T10:33:59","slug":"table-de-chevet-carducci-arte-pura","status":"publish","type":"product","link":"https:\/\/lighthouselocarno.ch\/fr\/produit\/table-de-chevet-carducci-arte-pura\/","title":{"rendered":"Table de chevet Carducci"},"content":{"rendered":"<p>Table de chevet Shabbychic Arte Pura.<br \/>\nFabriqu\u00e9 \u00e0 la main, livr\u00e9 assembl\u00e9.<br \/>\nBois : contreplaqu\u00e9 de peuplier et d&rsquo;\u00e9pic\u00e9a.<br \/>\nCouleur blanc antique, acrylique.<br \/>\nEquip\u00e9 de 4 roues, 4 tiroirs avec boutons d\u00e9coratifs, 1 compartiment avec rabat arri\u00e8re.<br \/>\nDimensions : 25.5&#215;54.5&#215;68.5 CM<br \/>\nPoids : 15 kg<br \/>\nD\u00e9lai de livraison : environ 3 semaines.<\/p>\n","protected":false},"excerpt":{"rendered":"<p>Superbe table de chevet de style shabbychic de la collection Dress our Space d&rsquo;Arte Pura.<br \/>\nEnti\u00e8rement fabriqu\u00e9 \u00e0 la main en Italie, il est dot\u00e9 de 4 roues qui vous permettent de le d\u00e9placer facilement partout o\u00f9 vous souhaitez disposer de ce meuble polyvalent.<br \/>\nOutre la polyvalence de la fa\u00e7ade, il dispose de quatre tiroirs pratiques d\u00e9cor\u00e9s de boutons m\u00e9talliques tous diff\u00e9rents les uns des autres.<br \/>\nAu dos, un compartiment \u00e0 accessoires ferm\u00e9 par un petit rabat compl\u00e8te cette petite \u0153uvre d&rsquo;art de l&rsquo;artisanat italien.<br \/>\nLa table de chevet est livr\u00e9e assembl\u00e9e et imm\u00e9diatement pr\u00eate \u00e0 l&#8217;emploi.<\/p>\n<p>Bois : peuplier multicouche.<br \/>\nCouleur blanc antique, acrylique.<\/p>\n","protected":false},"featured_media":99979,"template":"","meta":{"_seopress_robots_primary_cat":"none","_seopress_titles_title":"","_seopress_titles_desc":"","_seopress_robots_index":""},"product_brand":[],"product_cat":[3747,4109],"product_tag":[3839,4453,4561,4523],"class_list":{"0":"post-119922","1":"product","2":"type-product","3":"status-publish","4":"has-post-thumbnail","6":"product_cat-decoration-interieure","7":"product_cat-mobilier","8":"product_tag-art-pur","9":"product_tag-shabbychic-fr","10":"product_tag-table-de-chevet","11":"product_tag-vintage-fr","13":"first","14":"instock","15":"shipping-taxable","16":"purchasable","17":"product-type-simple"},"jetpack_sharing_enabled":true,"_links":{"self":[{"href":"https:\/\/lighthouselocarno.ch\/fr\/wp-json\/wp\/v2\/product\/119922","targetHints":{"allow":["GET"]}}],"collection":[{"href":"https:\/\/lighthouselocarno.ch\/fr\/wp-json\/wp\/v2\/product"}],"about":[{"href":"https:\/\/lighthouselocarno.ch\/fr\/wp-json\/wp\/v2\/types\/product"}],"wp:featuredmedia":[{"embeddable":true,"href":"https:\/\/lighthouselocarno.ch\/fr\/wp-json\/wp\/v2\/media\/99979"}],"wp:attachment":[{"href":"https:\/\/lighthouselocarno.ch\/fr\/wp-json\/wp\/v2\/media?parent=119922"}],"wp:term":[{"taxonomy":"product_brand","embeddable":true,"href":"https:\/\/lighthouselocarno.ch\/fr\/wp-json\/wp\/v2\/product_brand?post=119922"},{"taxonomy":"product_cat","embeddable":true,"href":"https:\/\/lighthouselocarno.ch\/fr\/wp-json\/wp\/v2\/product_cat?post=119922"},{"taxonomy":"product_tag","embeddable":true,"href":"https:\/\/lighthouselocarno.ch\/fr\/wp-json\/wp\/v2\/product_tag?post=119922"}],"curies":[{"name":"wp","href":"https:\/\/api.w.org\/{rel}","templated":true}]}}