{"id":119925,"date":"2022-02-13T16:00:38","date_gmt":"2022-02-13T16:00:38","guid":{"rendered":"https:\/\/lighthouselocarno.ch\/prodotti\/ballerines-argentees\/"},"modified":"2023-08-24T13:14:26","modified_gmt":"2023-08-24T13:14:26","slug":"ballerines-argent","status":"publish","type":"product","link":"https:\/\/lighthouselocarno.ch\/fr\/produit\/ballerines-argent\/","title":{"rendered":"Ballerines argent\u00e9es"},"content":{"rendered":"<p><b>Chaussures de ballet en cuir argent\u00e9 100% v\u00e9ritable.<\/b><br \/>\n<b>Fabriqu\u00e9 \u00e0 la main<\/b>. <b>Fabriqu\u00e9 en France.<\/b><br \/>\nSemelle pliante 100% cuir. Talon de 5 mm de hauteur. Les num\u00e9ros \u00e0 commander directement \u00e0 Paris sont disponibles en 2 semaines !<\/p>\n","protected":false},"excerpt":{"rendered":"<p><strong>Ballerines en cuir d&rsquo;agneau v\u00e9ritable<\/strong>. <strong>Semelle en cuir pliable<\/strong> <strong>faite \u00e0 la main<\/strong>, unique et originale de <strong>Bagllerina Paris<\/strong>.<\/p>\n<p>Couleur <b>argent m\u00e9tallis\u00e9<\/b>. <b>Mod\u00e8le id\u00e9al pour les mariages et les c\u00e9r\u00e9monies \u00e9l\u00e9gantes. <\/b>Talon de 5 mm de hauteur.<\/p>\n<p>En resserrant le n\u0153ud sur la pointe, vous pouvez r\u00e9duire votre ballerine d&rsquo;une demi-taille. Id\u00e9al pour ceux qui ont des probl\u00e8mes avec les demi-mesures ! Vous trouverez avec vos ballerines une <strong>\u00e9l\u00e9gante pochette<\/strong> du m\u00eame cuir pour les ranger dans votre sac.<\/p>\n","protected":false},"featured_media":99904,"template":"","meta":{"_seopress_robots_primary_cat":"","_seopress_titles_title":"","_seopress_titles_desc":"","_seopress_robots_index":""},"product_brand":[],"product_cat":[4349,3896,3780],"product_tag":[4487,4564,4459],"class_list":{"0":"post-119925","1":"product","2":"type-product","3":"status-publish","4":"has-post-thumbnail","6":"product_cat-chaussures","7":"product_cat-chaussures-et-accessoires","8":"product_cat-mode-femme","9":"product_tag-bagllerina-fr","10":"product_tag-danseur","11":"product_tag-danseurs","13":"first","14":"instock","15":"shipping-taxable","16":"purchasable","17":"product-type-variable"},"jetpack_sharing_enabled":true,"_links":{"self":[{"href":"https:\/\/lighthouselocarno.ch\/fr\/wp-json\/wp\/v2\/product\/119925","targetHints":{"allow":["GET"]}}],"collection":[{"href":"https:\/\/lighthouselocarno.ch\/fr\/wp-json\/wp\/v2\/product"}],"about":[{"href":"https:\/\/lighthouselocarno.ch\/fr\/wp-json\/wp\/v2\/types\/product"}],"wp:featuredmedia":[{"embeddable":true,"href":"https:\/\/lighthouselocarno.ch\/fr\/wp-json\/wp\/v2\/media\/99904"}],"wp:attachment":[{"href":"https:\/\/lighthouselocarno.ch\/fr\/wp-json\/wp\/v2\/media?parent=119925"}],"wp:term":[{"taxonomy":"product_brand","embeddable":true,"href":"https:\/\/lighthouselocarno.ch\/fr\/wp-json\/wp\/v2\/product_brand?post=119925"},{"taxonomy":"product_cat","embeddable":true,"href":"https:\/\/lighthouselocarno.ch\/fr\/wp-json\/wp\/v2\/product_cat?post=119925"},{"taxonomy":"product_tag","embeddable":true,"href":"https:\/\/lighthouselocarno.ch\/fr\/wp-json\/wp\/v2\/product_tag?post=119925"}],"curies":[{"name":"wp","href":"https:\/\/api.w.org\/{rel}","templated":true}]}}