{"id":119939,"date":"2020-02-12T22:22:49","date_gmt":"2020-02-12T22:22:49","guid":{"rendered":"https:\/\/lighthouselocarno.ch\/prodotti\/cadre-ungaretti\/"},"modified":"2023-08-18T07:55:25","modified_gmt":"2023-08-18T07:55:25","slug":"cadre-ungaretti-art-pura","status":"publish","type":"product","link":"https:\/\/lighthouselocarno.ch\/fr\/produit\/cadre-ungaretti-art-pura\/","title":{"rendered":"Cadre Ungaretti"},"content":{"rendered":"<p>Cadre \u00e0 motif Ungaretti de la collection Dress Your Space - Arte Pura.<br \/>\nCon\u00e7ue pour \u00eatre remplie de photographies sans ordre particulier.<br \/>\nMais en laissant place \u00e0 la cr\u00e9ativit\u00e9, il se pr\u00eate \u00e0 de nombreuses autres utilisations.<br \/>\nJ&rsquo;ai r\u00e9alis\u00e9 des miroirs de salle de bain, mais aussi des miroirs de chambre, des&#8230;<br \/>\nLe cadre est \u00e9quip\u00e9 de crochets permettant de le suspendre comme un tableau.<br \/>\nEnti\u00e8rement ex\u00e9cut\u00e9 et peint \u00e0 la main.<br \/>\nCouleur : laque acrylique mate blanche antique.<br \/>\nMat\u00e9riau : bois massif d&rsquo;\u00e9pic\u00e9a et de peuplier.<br \/>\nDimensions : 85 x 96<br \/>\nPoids : 4 kg<br \/>\nLivr\u00e9 assembl\u00e9.<br \/>\nCe produit ne peut \u00eatre fourni que sur commande.<br \/>\nD\u00e9lai d&rsquo;attente : environ 3 semaines.<\/p>\n","protected":false},"excerpt":{"rendered":"<p>Cadre photo ou porte-miroir de style shabby.<br \/>\nArt pur<\/p>\n","protected":false},"featured_media":100081,"template":"","meta":{"_seopress_robots_primary_cat":"","_seopress_titles_title":"","_seopress_titles_desc":"","_seopress_robots_index":""},"product_brand":[],"product_cat":[6122,7198,3747,4109],"product_tag":[],"class_list":{"0":"post-119939","1":"product","2":"type-product","3":"status-publish","4":"has-post-thumbnail","6":"product_cat-accessoires","7":"product_cat-deco","8":"product_cat-decoration-interieure","9":"product_cat-mobilier","11":"first","12":"instock","13":"shipping-taxable","14":"purchasable","15":"product-type-simple"},"jetpack_sharing_enabled":true,"_links":{"self":[{"href":"https:\/\/lighthouselocarno.ch\/fr\/wp-json\/wp\/v2\/product\/119939","targetHints":{"allow":["GET"]}}],"collection":[{"href":"https:\/\/lighthouselocarno.ch\/fr\/wp-json\/wp\/v2\/product"}],"about":[{"href":"https:\/\/lighthouselocarno.ch\/fr\/wp-json\/wp\/v2\/types\/product"}],"wp:featuredmedia":[{"embeddable":true,"href":"https:\/\/lighthouselocarno.ch\/fr\/wp-json\/wp\/v2\/media\/100081"}],"wp:attachment":[{"href":"https:\/\/lighthouselocarno.ch\/fr\/wp-json\/wp\/v2\/media?parent=119939"}],"wp:term":[{"taxonomy":"product_brand","embeddable":true,"href":"https:\/\/lighthouselocarno.ch\/fr\/wp-json\/wp\/v2\/product_brand?post=119939"},{"taxonomy":"product_cat","embeddable":true,"href":"https:\/\/lighthouselocarno.ch\/fr\/wp-json\/wp\/v2\/product_cat?post=119939"},{"taxonomy":"product_tag","embeddable":true,"href":"https:\/\/lighthouselocarno.ch\/fr\/wp-json\/wp\/v2\/product_tag?post=119939"}],"curies":[{"name":"wp","href":"https:\/\/api.w.org\/{rel}","templated":true}]}}