{"id":119951,"date":"2020-02-08T17:43:02","date_gmt":"2020-02-08T17:43:02","guid":{"rendered":"https:\/\/lighthouselocarno.ch\/prodotti\/meubles-de-salle-de-bains-marco-polo\/"},"modified":"2023-08-18T07:56:19","modified_gmt":"2023-08-18T07:56:19","slug":"meubles-bain-marco-polo-art-pura","status":"publish","type":"product","link":"https:\/\/lighthouselocarno.ch\/fr\/produit\/meubles-bain-marco-polo-art-pura\/","title":{"rendered":"Meubles de salle de bains Marco Polo"},"content":{"rendered":"<p>De la collection Habillez votre espace - Pure Art -<br \/>\nMeuble de salle de bains, socle et dosseret, avec miroir inclinable. \u00c9quip\u00e9 de quatre roues.<br \/>\n\u00c9l\u00e9ment livr\u00e9 assembl\u00e9. Le d\u00e9lai d&rsquo;attente est d&rsquo;environ trois semaines.<br \/>\nEx\u00e9cut\u00e9 et peint enti\u00e8rement \u00e0 la main, vernis blanc vieilli.<br \/>\nMat\u00e9riau : bois de peuplier.<br \/>\nSocle : Cinq tiroirs d\u00e9cor\u00e9s de boutons en m\u00e9tal bijoutier pour ranger les textiles de la salle de bains. Porte-serviettes en bois c\u00f4t\u00e9 gauche.<br \/>\n\u00c9l\u00e9vation : Trois \u00e9tag\u00e8res, deux petits tiroirs \u00e9galement d\u00e9cor\u00e9s de boutons orn\u00e9s de bijoux.<br \/>\nDe chaque c\u00f4t\u00e9 se trouvent deux crochets pour robes de chambre, \u00e0 gauche en lego, \u00e0 droite en m\u00e9tal, mont\u00e9s sur un petit cadre incrust\u00e9.<br \/>\nDimensions : 63x40x197 poids : 36 kg<\/p>\n","protected":false},"excerpt":{"rendered":"<p>Un meuble de salle de bain romantique comme seul Arte Pura peut en cr\u00e9er.<br \/>\nDeux \u00e9l\u00e9ments, tiroirs, miroir inclinable.<br \/>\nCintres sur les c\u00f4t\u00e9s.<\/p>\n","protected":false},"featured_media":100054,"template":"","meta":{"_seopress_robots_primary_cat":"","_seopress_titles_title":"","_seopress_titles_desc":"","_seopress_robots_index":""},"product_brand":[],"product_cat":[3747,4109],"product_tag":[3839,4585,4583],"class_list":{"0":"post-119951","1":"product","2":"type-product","3":"status-publish","4":"has-post-thumbnail","6":"product_cat-decoration-interieure","7":"product_cat-mobilier","8":"product_tag-art-pur","9":"product_tag-meubles-de-salle-de-bain-shabby","10":"product_tag-meubles-de-salle-de-bains","12":"first","13":"instock","14":"shipping-taxable","15":"purchasable","16":"product-type-simple"},"jetpack_sharing_enabled":true,"_links":{"self":[{"href":"https:\/\/lighthouselocarno.ch\/fr\/wp-json\/wp\/v2\/product\/119951","targetHints":{"allow":["GET"]}}],"collection":[{"href":"https:\/\/lighthouselocarno.ch\/fr\/wp-json\/wp\/v2\/product"}],"about":[{"href":"https:\/\/lighthouselocarno.ch\/fr\/wp-json\/wp\/v2\/types\/product"}],"wp:featuredmedia":[{"embeddable":true,"href":"https:\/\/lighthouselocarno.ch\/fr\/wp-json\/wp\/v2\/media\/100054"}],"wp:attachment":[{"href":"https:\/\/lighthouselocarno.ch\/fr\/wp-json\/wp\/v2\/media?parent=119951"}],"wp:term":[{"taxonomy":"product_brand","embeddable":true,"href":"https:\/\/lighthouselocarno.ch\/fr\/wp-json\/wp\/v2\/product_brand?post=119951"},{"taxonomy":"product_cat","embeddable":true,"href":"https:\/\/lighthouselocarno.ch\/fr\/wp-json\/wp\/v2\/product_cat?post=119951"},{"taxonomy":"product_tag","embeddable":true,"href":"https:\/\/lighthouselocarno.ch\/fr\/wp-json\/wp\/v2\/product_tag?post=119951"}],"curies":[{"name":"wp","href":"https:\/\/api.w.org\/{rel}","templated":true}]}}