{"id":119956,"date":"2022-05-02T12:00:59","date_gmt":"2022-05-02T12:00:59","guid":{"rendered":"https:\/\/lighthouselocarno.ch\/prodotti\/bikini-havana-avec-manche-santorini-sans-manche-dentelle-blanche-or\/"},"modified":"2025-08-18T11:55:28","modified_gmt":"2025-08-18T11:55:28","slug":"havane-santorini-blanc-or","status":"publish","type":"product","link":"https:\/\/lighthouselocarno.ch\/fr\/produit\/havane-santorini-blanc-or\/","title":{"rendered":"Bikini Havana avec manche - Santorini sans manche dentelle blanche - or"},"content":{"rendered":"<p><strong><em>Comment choisir un maillot de bain pour se sentir belle ?<\/em><\/strong><\/p>\n<p>Le choix du <strong>maillot de bain id\u00e9al<\/strong> n&rsquo;est pas seulement une question de go\u00fbt. Coupes, couleurs, motifs, bretelles, d\u00e9collet\u00e9s&#8230; autant d&rsquo;\u00e9l\u00e9ments \u00e0 surveiller lors de vos achats de <strong>v\u00eatements de plage<\/strong> et qui peuvent devenir de v\u00e9ritables alli\u00e9s pour mettre en valeur votre <strong>silhouette<\/strong> en toute libert\u00e9. N&rsquo;oubliez pas que certains types de <strong>maillots de bain<\/strong> peuvent vous aider \u00e0 recr\u00e9er une <strong>harmonie entre vos formes <\/strong>. Le corps f\u00e9minin peut \u00eatre divis\u00e9 en quatre types de physique : pomme, poire, rectangle ou sablier. Ce sont les lignes directrices standard qui vous aideront \u00e0 choisir le <strong>bon maillot de bain<\/strong>, celui qui mettra en valeur les meilleures parties de votre corps. N&rsquo;oubliez pas que le bon maillot de bain est aussi celui qui cache les d\u00e9fauts et met en valeur les points forts.<\/p>\n","protected":false},"excerpt":{"rendered":"<p>HAVANE AVEC MANCHE<br \/>\nSANTORINI SANS MANCHE.<\/p>\n<p><b>Magnifique bikini en dentelle blanche et tissu enduit dor\u00e9.<\/b><br \/>\nMod\u00e8le HAVANA : haut en dentelle avec manches.<br \/>\nMod\u00e8le SANTORINI : haut en dentelle sans manches.<br \/>\nBretelles d\u00e9tachables. Haut nou\u00e9 dans le dos.<br \/>\nMini culotte ouverte.<br \/>\nTissu : 80% Polyamide 20% Elasthanne dentelle.<br \/>\nCouleur : cr\u00e8me - or.<br \/>\nLavage \u00e0 la main. <\/p>\n","protected":false},"featured_media":100153,"template":"","meta":{"_seopress_robots_primary_cat":"2544","_seopress_titles_title":"","_seopress_titles_desc":"","_seopress_robots_index":""},"product_brand":[],"product_cat":[3756],"product_tag":[4569,3878,4588,3959],"class_list":{"0":"post-119956","1":"product","2":"type-product","3":"status-publish","4":"has-post-thumbnail","6":"product_cat-vente","7":"product_tag-amour-et-haine","8":"product_tag-bikini-fr","9":"product_tag-bikini-or-et-dentelle","10":"product_tag-dentelle","12":"first","13":"outofstock","14":"sale","15":"shipping-taxable","16":"purchasable","17":"product-type-variable"},"jetpack_sharing_enabled":true,"_links":{"self":[{"href":"https:\/\/lighthouselocarno.ch\/fr\/wp-json\/wp\/v2\/product\/119956","targetHints":{"allow":["GET"]}}],"collection":[{"href":"https:\/\/lighthouselocarno.ch\/fr\/wp-json\/wp\/v2\/product"}],"about":[{"href":"https:\/\/lighthouselocarno.ch\/fr\/wp-json\/wp\/v2\/types\/product"}],"wp:featuredmedia":[{"embeddable":true,"href":"https:\/\/lighthouselocarno.ch\/fr\/wp-json\/wp\/v2\/media\/100153"}],"wp:attachment":[{"href":"https:\/\/lighthouselocarno.ch\/fr\/wp-json\/wp\/v2\/media?parent=119956"}],"wp:term":[{"taxonomy":"product_brand","embeddable":true,"href":"https:\/\/lighthouselocarno.ch\/fr\/wp-json\/wp\/v2\/product_brand?post=119956"},{"taxonomy":"product_cat","embeddable":true,"href":"https:\/\/lighthouselocarno.ch\/fr\/wp-json\/wp\/v2\/product_cat?post=119956"},{"taxonomy":"product_tag","embeddable":true,"href":"https:\/\/lighthouselocarno.ch\/fr\/wp-json\/wp\/v2\/product_tag?post=119956"}],"curies":[{"name":"wp","href":"https:\/\/api.w.org\/{rel}","templated":true}]}}