{"id":119962,"date":"2020-02-12T22:04:01","date_gmt":"2020-02-12T22:04:01","guid":{"rendered":"https:\/\/lighthouselocarno.ch\/prodotti\/cassette-bellini\/"},"modified":"2023-08-18T07:55:33","modified_gmt":"2023-08-18T07:55:33","slug":"boite-beauty-art-pure","status":"publish","type":"product","link":"https:\/\/lighthouselocarno.ch\/fr\/produit\/boite-beauty-art-pure\/","title":{"rendered":"Cassette Bellini"},"content":{"rendered":"<p>Paire de tiroirs conteneurs avec couvercle et fermeture en m\u00e9tal sur le devant.<br \/>\nUn vrai amour, le mod\u00e8le Bellini de la collection Dress Your Space - Arte Pura.<br \/>\nCes \u00e9l\u00e9ments particuliers se pr\u00eatent bien au confinement, \u00e0 utiliser seuls ou par paires. Ils vous aideront \u00e0 cr\u00e9er des solutions d&rsquo;ameublement infinies dans n&rsquo;importe quel environnement.<br \/>\nEnti\u00e8rement ex\u00e9cut\u00e9 et peint \u00e0 la main.<br \/>\nCouleur : laque acrylique mate blanche antique.<br \/>\nMat\u00e9riau : bois de peuplier massif.<br \/>\nDimensions : 40 x 29 x 20<br \/>\nPoids : 3 kg chacun.<br \/>\nLivr\u00e9 assembl\u00e9. 2 pi\u00e8ces.<br \/>\nCe produit ne peut \u00eatre fourni que sur commande.<br \/>\nD\u00e9lai d&rsquo;attente : environ 3 semaines.<\/p>\n","protected":false},"excerpt":{"rendered":"<p>Paire de tiroirs en peuplier massif avec fermeture frontale.<br \/>\nArt pur  <\/p>\n","protected":false},"featured_media":100072,"template":"","meta":{"_seopress_robots_primary_cat":"","_seopress_titles_title":"","_seopress_titles_desc":"","_seopress_robots_index":""},"product_brand":[],"product_cat":[6122,3958,7198,3747,4109],"product_tag":[3839,4593,4596,3774],"class_list":{"0":"post-119962","1":"product","2":"type-product","3":"status-publish","4":"has-post-thumbnail","6":"product_cat-accessoires","7":"product_cat-cuisine","8":"product_cat-deco","9":"product_cat-decoration-interieure","10":"product_cat-mobilier","11":"product_tag-art-pur","12":"product_tag-baule-fr","13":"product_tag-cassette-fr","14":"product_tag-minable","16":"first","17":"instock","18":"shipping-taxable","19":"purchasable","20":"product-type-simple"},"jetpack_sharing_enabled":true,"_links":{"self":[{"href":"https:\/\/lighthouselocarno.ch\/fr\/wp-json\/wp\/v2\/product\/119962","targetHints":{"allow":["GET"]}}],"collection":[{"href":"https:\/\/lighthouselocarno.ch\/fr\/wp-json\/wp\/v2\/product"}],"about":[{"href":"https:\/\/lighthouselocarno.ch\/fr\/wp-json\/wp\/v2\/types\/product"}],"wp:featuredmedia":[{"embeddable":true,"href":"https:\/\/lighthouselocarno.ch\/fr\/wp-json\/wp\/v2\/media\/100072"}],"wp:attachment":[{"href":"https:\/\/lighthouselocarno.ch\/fr\/wp-json\/wp\/v2\/media?parent=119962"}],"wp:term":[{"taxonomy":"product_brand","embeddable":true,"href":"https:\/\/lighthouselocarno.ch\/fr\/wp-json\/wp\/v2\/product_brand?post=119962"},{"taxonomy":"product_cat","embeddable":true,"href":"https:\/\/lighthouselocarno.ch\/fr\/wp-json\/wp\/v2\/product_cat?post=119962"},{"taxonomy":"product_tag","embeddable":true,"href":"https:\/\/lighthouselocarno.ch\/fr\/wp-json\/wp\/v2\/product_tag?post=119962"}],"curies":[{"name":"wp","href":"https:\/\/api.w.org\/{rel}","templated":true}]}}