{"id":120029,"date":"2022-05-02T15:08:02","date_gmt":"2022-05-02T15:08:02","guid":{"rendered":"https:\/\/lighthouselocarno.ch\/prodotti\/bikini-blanc-avec-decoration-de-bijoux\/"},"modified":"2023-08-30T16:03:43","modified_gmt":"2023-08-30T16:03:43","slug":"bikini-blanc-avec-decoration-bijoux","status":"publish","type":"product","link":"https:\/\/lighthouselocarno.ch\/fr\/produit\/bikini-blanc-avec-decoration-bijoux\/","title":{"rendered":"Bikini blanc avec d\u00e9coration de bijoux"},"content":{"rendered":"<p><strong><em>Comment choisir un maillot de bain pour se sentir belle ?<\/em><\/strong><\/p>\n<p>Le choix du <strong>maillot de bain id\u00e9al<\/strong> n&rsquo;est pas seulement une question de go\u00fbt. Coupes, couleurs, motifs, bretelles, d\u00e9collet\u00e9s&#8230; autant d&rsquo;\u00e9l\u00e9ments \u00e0 surveiller lors de vos achats de <strong>v\u00eatements de plage<\/strong> et qui peuvent devenir de v\u00e9ritables alli\u00e9s pour mettre en valeur votre <strong>silhouette<\/strong> en toute libert\u00e9. N&rsquo;oubliez pas que certains types de <strong>maillots de bain<\/strong> peuvent vous aider \u00e0 recr\u00e9er une <strong>harmonie entre vos formes <\/strong>. Le corps f\u00e9minin peut \u00eatre divis\u00e9 en quatre types de physique : pomme, poire, rectangle ou sablier. Ce sont les lignes directrices standard qui vous aideront \u00e0 choisir le <strong>bon maillot de bain<\/strong>, celui qui mettra en valeur les meilleures parties de votre corps. N&rsquo;oubliez pas que le bon maillot de bain est aussi celui qui cache les d\u00e9fauts et met en valeur les points forts.<\/p>\n<p>&nbsp;<\/p>\n","protected":false},"excerpt":{"rendered":"<p><b>\u00c9l\u00e9gant bikini <\/b>bandeau orn\u00e9 d&rsquo;un bijou en <b>cristal Swarovski<\/b> sur le c\u00f4t\u00e9 gauche de la culotte.<\/p>\n<p><b>La ceinture se noue dans le dos et comporte deux bretelles amovibles.<\/b><br \/>\nCouleur : bandeau blanc avec broderie en lurex argent\u00e9, robe blanche avec anneaux et pierres en m\u00e9tal dor\u00e9.<br \/>\nFait \u00e0 la main.<br \/>\nTissu : 80% Polyamide 20% Elasthanne<\/p>\n","protected":false},"featured_media":100117,"template":"","meta":{"_seopress_robots_primary_cat":"2544","_seopress_titles_title":"","_seopress_titles_desc":"","_seopress_robots_index":""},"product_brand":[],"product_cat":[3756],"product_tag":[3878,4590,4591],"class_list":{"0":"post-120029","1":"product","2":"type-product","3":"status-publish","4":"has-post-thumbnail","6":"product_cat-vente","7":"product_tag-bikini-fr","8":"product_tag-ilaria-vitagliano-fr","9":"product_tag-vetements-de-plage-2020","11":"first","12":"instock","13":"sale","14":"shipping-taxable","15":"purchasable","16":"product-type-variable","17":"has-default-attributes"},"jetpack_sharing_enabled":true,"_links":{"self":[{"href":"https:\/\/lighthouselocarno.ch\/fr\/wp-json\/wp\/v2\/product\/120029","targetHints":{"allow":["GET"]}}],"collection":[{"href":"https:\/\/lighthouselocarno.ch\/fr\/wp-json\/wp\/v2\/product"}],"about":[{"href":"https:\/\/lighthouselocarno.ch\/fr\/wp-json\/wp\/v2\/types\/product"}],"wp:featuredmedia":[{"embeddable":true,"href":"https:\/\/lighthouselocarno.ch\/fr\/wp-json\/wp\/v2\/media\/100117"}],"wp:attachment":[{"href":"https:\/\/lighthouselocarno.ch\/fr\/wp-json\/wp\/v2\/media?parent=120029"}],"wp:term":[{"taxonomy":"product_brand","embeddable":true,"href":"https:\/\/lighthouselocarno.ch\/fr\/wp-json\/wp\/v2\/product_brand?post=120029"},{"taxonomy":"product_cat","embeddable":true,"href":"https:\/\/lighthouselocarno.ch\/fr\/wp-json\/wp\/v2\/product_cat?post=120029"},{"taxonomy":"product_tag","embeddable":true,"href":"https:\/\/lighthouselocarno.ch\/fr\/wp-json\/wp\/v2\/product_tag?post=120029"}],"curies":[{"name":"wp","href":"https:\/\/api.w.org\/{rel}","templated":true}]}}