{"id":120064,"date":"2020-02-11T12:27:47","date_gmt":"2020-02-11T12:27:47","guid":{"rendered":"https:\/\/lighthouselocarno.ch\/prodotti\/lanterne-en-ceramique-avec-coeurs\/"},"modified":"2024-06-10T15:25:27","modified_gmt":"2024-06-10T15:25:27","slug":"lanterne-en-ceramique-coeur","status":"publish","type":"product","link":"https:\/\/lighthouselocarno.ch\/fr\/produit\/lanterne-en-ceramique-coeur\/","title":{"rendered":"Lanterne en c\u00e9ramique avec des c\u0153urs"},"content":{"rendered":"<p><b>Fabriqu\u00e9 en Italie.<\/b><\/p>\n<p>Deux tailles : grande d50 cm, petite d30 cm.<br \/>\nCouleur blanc, taupe, poign\u00e9e en corde.<br \/>\nPour une utilisation \u00e0 l&rsquo;ext\u00e9rieur et \u00e0 l&rsquo;int\u00e9rieur.<\/p>\n<p>R\u00e9sistant aux intemp\u00e9ries et \u00e0 la lumi\u00e8re du soleil.<br \/>\nOrigine : Toscane . Fabriqu\u00e9 en Italie<\/p>\n","protected":false},"excerpt":{"rendered":"<p><b>Lanterne<\/b> romantique en <b>c\u00e9ramique faite \u00e0 la main avec des c\u0153urs sculpt\u00e9s<\/b>.<br \/>\nIl est si beau qu&rsquo;il n&rsquo;a pas besoin d&rsquo;\u00eatre pr\u00e9sent\u00e9.<br \/>\nLa lanterne en forme de c\u0153ur est disponible en trois tailles.<br \/>\nLe grand mod\u00e8le a un diam\u00e8tre de 50 cm, le petit mod\u00e8le a un diam\u00e8tre de 30 cm.<br \/>\nCouleur blanche ou argile. La poign\u00e9e est en corde.<br \/>\nId\u00e9al pour l&rsquo;int\u00e9rieur mais aussi pour l&rsquo;ext\u00e9rieur.<br \/>\nOrigine : Toscane. Fabriqu\u00e9 en Italie<\/p>\n","protected":false},"featured_media":100060,"template":"","meta":{"_seopress_robots_primary_cat":"none","_seopress_titles_title":"","_seopress_titles_desc":"","_seopress_robots_index":""},"product_brand":[],"product_cat":[4268,3747,4625],"product_tag":[4630,4628,4629,4626,4627,4631,3774],"class_list":{"0":"post-120064","1":"product","2":"type-product","3":"status-publish","4":"has-post-thumbnail","6":"product_cat-bougies","7":"product_cat-decoration-interieure","8":"product_cat-lanternes","9":"product_tag-coeurs-de-lanternes","10":"product_tag-decor-de-jardin","11":"product_tag-decoration-interieure","12":"product_tag-lanterne-fr","13":"product_tag-lanterne-fr-2","14":"product_tag-mariage","15":"product_tag-minable","17":"first","18":"instock","19":"shipping-taxable","20":"purchasable","21":"product-type-variable","22":"has-default-attributes"},"jetpack_sharing_enabled":true,"_links":{"self":[{"href":"https:\/\/lighthouselocarno.ch\/fr\/wp-json\/wp\/v2\/product\/120064","targetHints":{"allow":["GET"]}}],"collection":[{"href":"https:\/\/lighthouselocarno.ch\/fr\/wp-json\/wp\/v2\/product"}],"about":[{"href":"https:\/\/lighthouselocarno.ch\/fr\/wp-json\/wp\/v2\/types\/product"}],"wp:featuredmedia":[{"embeddable":true,"href":"https:\/\/lighthouselocarno.ch\/fr\/wp-json\/wp\/v2\/media\/100060"}],"wp:attachment":[{"href":"https:\/\/lighthouselocarno.ch\/fr\/wp-json\/wp\/v2\/media?parent=120064"}],"wp:term":[{"taxonomy":"product_brand","embeddable":true,"href":"https:\/\/lighthouselocarno.ch\/fr\/wp-json\/wp\/v2\/product_brand?post=120064"},{"taxonomy":"product_cat","embeddable":true,"href":"https:\/\/lighthouselocarno.ch\/fr\/wp-json\/wp\/v2\/product_cat?post=120064"},{"taxonomy":"product_tag","embeddable":true,"href":"https:\/\/lighthouselocarno.ch\/fr\/wp-json\/wp\/v2\/product_tag?post=120064"}],"curies":[{"name":"wp","href":"https:\/\/api.w.org\/{rel}","templated":true}]}}