{"id":120165,"date":"2020-03-09T16:58:24","date_gmt":"2020-03-09T16:58:24","guid":{"rendered":"https:\/\/lighthouselocarno.ch\/prodotti\/rideau-de-la-suite-corinthienne-220-x-300\/"},"modified":"2023-08-29T16:01:12","modified_gmt":"2023-08-29T16:01:12","slug":"tenda-suite-corinzio-220-x-300","status":"publish","type":"product","link":"https:\/\/lighthouselocarno.ch\/fr\/produit\/tenda-suite-corinzio-220-x-300\/","title":{"rendered":"Rideau de la suite corinthienne 220 x 300"},"content":{"rendered":"<p>SUITE DE RIDEAUX CORINZIO CHEZ MOI Collection.<br \/>\nRideau en viscose et dentelle de Corinthe.<br \/>\nIl se compose de trois bandes de dentelle de 70 cm de large qui dissimulent des cannoli en viscose qui s&rsquo;ouvrent \u00e0 l&rsquo;extr\u00e9mit\u00e9 du rideau. Le rideau est dot\u00e9 d&rsquo;une boucle de b\u00e2ton recouverte de dentelle et de lacets pour l&rsquo;attacher au b\u00e2ton.<br \/>\nTous les produits sont fabriqu\u00e9s en Italie.<br \/>\nLa couleur argile est un beige tr\u00e8s d\u00e9licat qui se marie bien avec le gris tourterelle et le gris.<br \/>\n\u00c9galement disponible en ivoire.<\/p>\n<p>Tissu : 100% viscose.<br \/>\nDimensions : L 220 x 300 H<\/p>\n<p>D\u00e9lai de livraison : 2-3 semaines<\/p>\n","protected":false},"excerpt":{"rendered":"<p>SUITE DE LA TENTE CORINTHIENNE,<br \/>\nCollection CHEZ MOI.<br \/>\nTissu : 100% VISCOSE<br \/>\nDimensions : L 220 x 300 H<\/p>\n","protected":false},"featured_media":100201,"template":"","meta":{"_seopress_robots_primary_cat":"81","_seopress_titles_title":"","_seopress_titles_desc":"","_seopress_robots_index":""},"product_brand":[],"product_cat":[3747,6071,7194],"product_tag":[4365,3774,4647,4649],"class_list":{"0":"post-120165","1":"product","2":"type-product","3":"status-publish","4":"has-post-thumbnail","6":"product_cat-decoration-interieure","7":"product_cat-tentes","8":"product_cat-tentes-fr","9":"product_tag-dentelle-fr","10":"product_tag-minable","11":"product_tag-rideau-fr","12":"product_tag-rideau-en-dentelle","14":"first","15":"instock","16":"shipping-taxable","17":"purchasable","18":"product-type-variable"},"jetpack_sharing_enabled":true,"_links":{"self":[{"href":"https:\/\/lighthouselocarno.ch\/fr\/wp-json\/wp\/v2\/product\/120165","targetHints":{"allow":["GET"]}}],"collection":[{"href":"https:\/\/lighthouselocarno.ch\/fr\/wp-json\/wp\/v2\/product"}],"about":[{"href":"https:\/\/lighthouselocarno.ch\/fr\/wp-json\/wp\/v2\/types\/product"}],"wp:featuredmedia":[{"embeddable":true,"href":"https:\/\/lighthouselocarno.ch\/fr\/wp-json\/wp\/v2\/media\/100201"}],"wp:attachment":[{"href":"https:\/\/lighthouselocarno.ch\/fr\/wp-json\/wp\/v2\/media?parent=120165"}],"wp:term":[{"taxonomy":"product_brand","embeddable":true,"href":"https:\/\/lighthouselocarno.ch\/fr\/wp-json\/wp\/v2\/product_brand?post=120165"},{"taxonomy":"product_cat","embeddable":true,"href":"https:\/\/lighthouselocarno.ch\/fr\/wp-json\/wp\/v2\/product_cat?post=120165"},{"taxonomy":"product_tag","embeddable":true,"href":"https:\/\/lighthouselocarno.ch\/fr\/wp-json\/wp\/v2\/product_tag?post=120165"}],"curies":[{"name":"wp","href":"https:\/\/api.w.org\/{rel}","templated":true}]}}