{"id":120252,"date":"2020-05-09T19:47:54","date_gmt":"2020-05-09T19:47:54","guid":{"rendered":"https:\/\/lighthouselocarno.ch\/prodotti\/coraline-lampe-polyvalente\/"},"modified":"2024-06-27T11:08:56","modified_gmt":"2024-06-27T11:08:56","slug":"coraline-lampe-multiuso-charlot-cie","status":"publish","type":"product","link":"https:\/\/lighthouselocarno.ch\/fr\/produit\/coraline-lampe-multiuso-charlot-cie\/","title":{"rendered":"CORALINE - lampe polyvalente"},"content":{"rendered":"<p data-sourcepos=\"5:1-5:4\"><strong>Lampe \u00e0 poser polyvalente et originale<\/strong><\/p>\n<p data-sourcepos=\"5:1-5:4\"><strong>Un design unique, fabriqu\u00e9 \u00e0 la main :<\/strong><\/p>\n<ul data-sourcepos=\"7:1-7:123\">\n<li data-sourcepos=\"7:1-7:123\"><strong>Fabriqu\u00e9e \u00e0 la main avec soin :<\/strong> chaque lampe est une \u0153uvre d&rsquo;art unique, fabriqu\u00e9e \u00e0 la main avec la plus grande attention aux d\u00e9tails. Le savoir-faire artisanal garantit un produit de haute qualit\u00e9 et une esth\u00e9tique raffin\u00e9e.<\/li>\n<li data-sourcepos=\"8:1-8:162\"><strong>Design fleuri :<\/strong> la forme fleurie de la lampe attire tous les regards et d\u00e9core \u00e9l\u00e9gamment n&rsquo;importe quelle pi\u00e8ce.<\/li>\n<li data-sourcepos=\"9:1-10:0\"><strong>Mat\u00e9riaux de<\/strong> haute qualit\u00e9 <strong>:<\/strong> le choix de fils de fer et de papier cr\u00eap\u00e9 de haute qualit\u00e9 garantit la solidit\u00e9, la durabilit\u00e9 et une esth\u00e9tique irr\u00e9prochable.<\/li>\n<\/ul>\n<p data-sourcepos=\"11:1-11:13\"><strong>Polyvalence d&rsquo;utilisation :<\/strong><\/p>\n<ul data-sourcepos=\"13:1-15:0\">\n<li data-sourcepos=\"13:1-13:321\"><strong>Lampe de table, applique murale ou plafonnier<\/strong>: gr\u00e2ce \u00e0 son design polyvalent, cette lampe peut \u00eatre utilis\u00e9e de diff\u00e9rentes mani\u00e8res : comme lampe de table pour \u00e9clairer un coin sombre, comme applique murale pour cr\u00e9er un \u00e9clairage d&rsquo;ambiance sur les murs ou comme plafonnier pour \u00e9clairer uniform\u00e9ment une pi\u00e8ce.<\/li>\n<li data-sourcepos=\"14:1-15:0\"><strong>Id\u00e9al pour diff\u00e9rentes pi\u00e8ces :<\/strong> La lampe est parfaite pour meubler n&rsquo;importe quelle pi\u00e8ce, du salon \u00e0 la chambre \u00e0 coucher, du bureau au hall d&rsquo;entr\u00e9e. Sa lumi\u00e8re douce et accueillante cr\u00e9e une atmosph\u00e8re relaxante et confortable dans n&rsquo;importe quel espace.<\/li>\n<\/ul>\n<p data-sourcepos=\"16:1-16:34\"><strong>Disponible en deux tailles :<\/strong><\/p>\n<ul data-sourcepos=\"18:1-20:0\">\n<li data-sourcepos=\"18:1-18:110\"><strong>Grand :<\/strong> 70 x 45 cm, id\u00e9al pour \u00e9clairer de grands espaces ou cr\u00e9er un point focal dans un meuble.<\/li>\n<li data-sourcepos=\"19:1-20:0\"><strong>Petit :<\/strong> 30 x 20 cm, parfait pour les tables de chevet, les bureaux ou les \u00e9tag\u00e8res.<\/li>\n<\/ul>\n<p data-sourcepos=\"21:1-21:18\"><strong>Couleur blanche :<\/strong><\/p>\n<p data-sourcepos=\"23:1-23:137\">La couleur blanche neutre s&rsquo;adapte parfaitement \u00e0 tous les styles d&rsquo;ameublement, du moderne au classique, du minimal \u00e0 l&rsquo;industriel.<\/p>\n<p data-sourcepos=\"25:1-25:19\"><strong>Cadeau id\u00e9al<\/strong><\/p>\n<p data-sourcepos=\"27:1-27:190\">Cette lampe de table design est une id\u00e9e de cadeau parfaite pour les amoureux du design, de l&rsquo;artisanat et de la lumi\u00e8re. Un objet unique et raffin\u00e9 qui ne manquera pas d&rsquo;\u00eatre appr\u00e9ci\u00e9.<\/p>\n<p>Toutes les lampes sont fabriqu\u00e9es dans l&rsquo;atelier de l&rsquo;artiste au moment de l&rsquo;achat.<br \/>\nD\u00e9lai de livraison : environ 3-4 semaines<\/p>\n","protected":false},"excerpt":{"rendered":"<p><strong>Lampe de table design.<\/strong> Elle peut \u00e9galement \u00eatre utilis\u00e9e comme applique <strong>murale ou comme plafonnier <\/strong>. Sa <strong>forme de fleur<\/strong>, compos\u00e9e d&rsquo;une base en fil de fer recouverte de <strong>papier cr\u00eap\u00e9<\/strong> avec un jeu dense de pointes allong\u00e9es, diffuse une lumi\u00e8re douce et suggestive qui cr\u00e9e une atmosph\u00e8re raffin\u00e9e et \u00e9l\u00e9gante dans n&rsquo;importe quel environnement. <strong>Fabriqu\u00e9e \u00e0 la main.<\/strong><\/p>\n","protected":false},"featured_media":100387,"template":"","meta":{"_seopress_robots_primary_cat":"none","_seopress_titles_title":"","_seopress_titles_desc":"Lampe de table design. Peut \u00e9galement \u00eatre utilis\u00e9 comme lampe murale ou de plafond, en forme de fleur, avec du papier cr\u00e9pon, fait \u00e0 la main. Cr\u00e9ez une atmosph\u00e8re raffin\u00e9e","_seopress_robots_index":""},"product_brand":[],"product_cat":[3747,7190],"product_tag":[4673,8387,4047,8393,8375,4672],"class_list":{"0":"post-120252","1":"product","2":"type-product","3":"status-publish","4":"has-post-thumbnail","6":"product_cat-decoration-interieure","7":"product_cat-lampes","8":"product_tag-applique-murale-design","9":"product_tag-designer-tischlampen-fr","10":"product_tag-lampe-design","11":"product_tag-lampes-de-table-design-fr","12":"product_tag-lampes-de-table-design-lampes-de-table-design","13":"product_tag-plafonnier-design","15":"first","16":"instock","17":"shipping-taxable","18":"purchasable","19":"product-type-variable"},"jetpack_sharing_enabled":true,"_links":{"self":[{"href":"https:\/\/lighthouselocarno.ch\/fr\/wp-json\/wp\/v2\/product\/120252","targetHints":{"allow":["GET"]}}],"collection":[{"href":"https:\/\/lighthouselocarno.ch\/fr\/wp-json\/wp\/v2\/product"}],"about":[{"href":"https:\/\/lighthouselocarno.ch\/fr\/wp-json\/wp\/v2\/types\/product"}],"wp:featuredmedia":[{"embeddable":true,"href":"https:\/\/lighthouselocarno.ch\/fr\/wp-json\/wp\/v2\/media\/100387"}],"wp:attachment":[{"href":"https:\/\/lighthouselocarno.ch\/fr\/wp-json\/wp\/v2\/media?parent=120252"}],"wp:term":[{"taxonomy":"product_brand","embeddable":true,"href":"https:\/\/lighthouselocarno.ch\/fr\/wp-json\/wp\/v2\/product_brand?post=120252"},{"taxonomy":"product_cat","embeddable":true,"href":"https:\/\/lighthouselocarno.ch\/fr\/wp-json\/wp\/v2\/product_cat?post=120252"},{"taxonomy":"product_tag","embeddable":true,"href":"https:\/\/lighthouselocarno.ch\/fr\/wp-json\/wp\/v2\/product_tag?post=120252"}],"curies":[{"name":"wp","href":"https:\/\/api.w.org\/{rel}","templated":true}]}}