{"id":120253,"date":"2020-05-09T17:43:00","date_gmt":"2020-05-09T17:43:00","guid":{"rendered":"https:\/\/lighthouselocarno.ch\/prodotti\/lustre-design-alleluia\/"},"modified":"2023-07-05T14:49:55","modified_gmt":"2023-07-05T14:49:55","slug":"lustre-design-alleluia","status":"publish","type":"product","link":"https:\/\/lighthouselocarno.ch\/fr\/produit\/lustre-design-alleluia\/","title":{"rendered":"Lustre design All\u00e9luia"},"content":{"rendered":"<p>Spectaculaire lampe suspendue fabriqu\u00e9e enti\u00e8rement \u00e0 la main. Constitu\u00e9 d&rsquo;une fine base en fil de fer recouverte de fleurs cylindriques en papier cr\u00e9pon, il est enti\u00e8rement r\u00e9alis\u00e9 \u00e0 la main.<\/p>\n<p>Dimensions<br \/>\nGrand : 160&#215;55 cm<br \/>\nPetit : 105&#215;45 cm<\/p>\n<p>Couleur : blanc<\/p>\n<p>Toutes les lampes sont fabriqu\u00e9es dans l&rsquo;atelier de l&rsquo;artiste au moment de l&rsquo;achat.<br \/>\nD\u00e9lai de livraison : environ 3-4 semaines<\/p>\n","protected":false},"excerpt":{"rendered":"<p>Spectaculaire lampe suspendue faite \u00e0 la main par un designer.<\/p>\n","protected":false},"featured_media":100351,"template":"","meta":{"_seopress_robots_primary_cat":"","_seopress_titles_title":"","_seopress_titles_desc":"","_seopress_robots_index":""},"product_brand":[],"product_cat":[3747,7190],"product_tag":[4674,4677,4047],"class_list":{"0":"post-120253","1":"product","2":"type-product","3":"status-publish","4":"has-post-thumbnail","6":"product_cat-decoration-interieure","7":"product_cat-lampes","8":"product_tag-la-lampe-a-fait-lamour","9":"product_tag-lampe-a-papier-fr","10":"product_tag-lampe-design","12":"first","13":"instock","14":"shipping-taxable","15":"purchasable","16":"product-type-variable","17":"has-default-attributes"},"jetpack_sharing_enabled":true,"_links":{"self":[{"href":"https:\/\/lighthouselocarno.ch\/fr\/wp-json\/wp\/v2\/product\/120253","targetHints":{"allow":["GET"]}}],"collection":[{"href":"https:\/\/lighthouselocarno.ch\/fr\/wp-json\/wp\/v2\/product"}],"about":[{"href":"https:\/\/lighthouselocarno.ch\/fr\/wp-json\/wp\/v2\/types\/product"}],"wp:featuredmedia":[{"embeddable":true,"href":"https:\/\/lighthouselocarno.ch\/fr\/wp-json\/wp\/v2\/media\/100351"}],"wp:attachment":[{"href":"https:\/\/lighthouselocarno.ch\/fr\/wp-json\/wp\/v2\/media?parent=120253"}],"wp:term":[{"taxonomy":"product_brand","embeddable":true,"href":"https:\/\/lighthouselocarno.ch\/fr\/wp-json\/wp\/v2\/product_brand?post=120253"},{"taxonomy":"product_cat","embeddable":true,"href":"https:\/\/lighthouselocarno.ch\/fr\/wp-json\/wp\/v2\/product_cat?post=120253"},{"taxonomy":"product_tag","embeddable":true,"href":"https:\/\/lighthouselocarno.ch\/fr\/wp-json\/wp\/v2\/product_tag?post=120253"}],"curies":[{"name":"wp","href":"https:\/\/api.w.org\/{rel}","templated":true}]}}