{"id":120254,"date":"2020-05-09T18:49:04","date_gmt":"2020-05-09T18:49:04","guid":{"rendered":"https:\/\/lighthouselocarno.ch\/prodotti\/eponge-applique\/"},"modified":"2023-07-05T14:49:54","modified_gmt":"2023-07-05T14:49:54","slug":"eponge-applique-charlot-cie","status":"publish","type":"product","link":"https:\/\/lighthouselocarno.ch\/fr\/produit\/eponge-applique-charlot-cie\/","title":{"rendered":"\u00c9PONGE - Applique"},"content":{"rendered":"<p>Fabriqu\u00e9 en France<\/p>\n","protected":false},"excerpt":{"rendered":"<p>Magnifique lampe murale design enti\u00e8rement fabriqu\u00e9e \u00e0 la main. Constitu\u00e9 d&rsquo;une fine base en fil de fer recouverte de papier cr\u00e9pon en forme d&rsquo;\u00e9ponge de mer allong\u00e9e.<\/p>\n<p>Dimensions<br \/>\nGrand : 85 x 60 cm<br \/>\nPetit : 45 x 35 cm<\/p>\n<p>Couleur : blanc<\/p>\n<p>Toutes les lampes sont fabriqu\u00e9es dans l&rsquo;atelier de l&rsquo;artiste au moment de l&rsquo;achat.<br \/>\nD\u00e9lai de livraison : environ 3-4 semaines<\/p>\n","protected":false},"featured_media":100369,"template":"","meta":{"_seopress_robots_primary_cat":"","_seopress_titles_title":"","_seopress_titles_desc":"","_seopress_robots_index":""},"product_brand":[],"product_cat":[3747,7190],"product_tag":[4673,4675],"class_list":{"0":"post-120254","1":"product","2":"type-product","3":"status-publish","4":"has-post-thumbnail","6":"product_cat-decoration-interieure","7":"product_cat-lampes","8":"product_tag-applique-murale-design","9":"product_tag-lampe-murale","11":"first","12":"instock","13":"shipping-taxable","14":"purchasable","15":"product-type-variable","16":"has-default-attributes"},"jetpack_sharing_enabled":true,"_links":{"self":[{"href":"https:\/\/lighthouselocarno.ch\/fr\/wp-json\/wp\/v2\/product\/120254","targetHints":{"allow":["GET"]}}],"collection":[{"href":"https:\/\/lighthouselocarno.ch\/fr\/wp-json\/wp\/v2\/product"}],"about":[{"href":"https:\/\/lighthouselocarno.ch\/fr\/wp-json\/wp\/v2\/types\/product"}],"wp:featuredmedia":[{"embeddable":true,"href":"https:\/\/lighthouselocarno.ch\/fr\/wp-json\/wp\/v2\/media\/100369"}],"wp:attachment":[{"href":"https:\/\/lighthouselocarno.ch\/fr\/wp-json\/wp\/v2\/media?parent=120254"}],"wp:term":[{"taxonomy":"product_brand","embeddable":true,"href":"https:\/\/lighthouselocarno.ch\/fr\/wp-json\/wp\/v2\/product_brand?post=120254"},{"taxonomy":"product_cat","embeddable":true,"href":"https:\/\/lighthouselocarno.ch\/fr\/wp-json\/wp\/v2\/product_cat?post=120254"},{"taxonomy":"product_tag","embeddable":true,"href":"https:\/\/lighthouselocarno.ch\/fr\/wp-json\/wp\/v2\/product_tag?post=120254"}],"curies":[{"name":"wp","href":"https:\/\/api.w.org\/{rel}","templated":true}]}}