{"id":120269,"date":"2020-09-24T11:49:53","date_gmt":"2020-09-24T11:49:53","guid":{"rendered":"https:\/\/lighthouselocarno.ch\/prodotti\/bols-de-noel\/"},"modified":"2024-12-08T14:26:33","modified_gmt":"2024-12-08T14:26:33","slug":"petanque-natal","status":"publish","type":"product","link":"https:\/\/lighthouselocarno.ch\/fr\/produit\/petanque-natal\/","title":{"rendered":"Bols de No\u00ebl"},"content":{"rendered":"<p>Bo\u00eete de 6 boules de No\u00ebl en verre Couleur rose D 7 cm<\/p>\n","protected":false},"excerpt":{"rendered":"<p>Bo\u00eete de 6 boules de No\u00ebl en verre rose. Pour rendre votre No\u00ebl magique.<\/p>\n","protected":false},"featured_media":100510,"template":"","meta":{"_seopress_robots_primary_cat":"","_seopress_titles_title":"","_seopress_titles_desc":"","_seopress_robots_index":""},"product_brand":[],"product_cat":[3747,4040,4137],"product_tag":[4687,4683,4689],"class_list":{"0":"post-120269","1":"product","2":"type-product","3":"status-publish","4":"has-post-thumbnail","6":"product_cat-decoration-interieure","7":"product_cat-decorations-fr","8":"product_cat-decorations-de-noel","9":"product_tag-bols-de-noel","10":"product_tag-decorations-de-noel-fr","11":"product_tag-rose","13":"first","14":"instock","15":"shipping-taxable","16":"purchasable","17":"product-type-simple"},"jetpack_sharing_enabled":true,"_links":{"self":[{"href":"https:\/\/lighthouselocarno.ch\/fr\/wp-json\/wp\/v2\/product\/120269","targetHints":{"allow":["GET"]}}],"collection":[{"href":"https:\/\/lighthouselocarno.ch\/fr\/wp-json\/wp\/v2\/product"}],"about":[{"href":"https:\/\/lighthouselocarno.ch\/fr\/wp-json\/wp\/v2\/types\/product"}],"wp:featuredmedia":[{"embeddable":true,"href":"https:\/\/lighthouselocarno.ch\/fr\/wp-json\/wp\/v2\/media\/100510"}],"wp:attachment":[{"href":"https:\/\/lighthouselocarno.ch\/fr\/wp-json\/wp\/v2\/media?parent=120269"}],"wp:term":[{"taxonomy":"product_brand","embeddable":true,"href":"https:\/\/lighthouselocarno.ch\/fr\/wp-json\/wp\/v2\/product_brand?post=120269"},{"taxonomy":"product_cat","embeddable":true,"href":"https:\/\/lighthouselocarno.ch\/fr\/wp-json\/wp\/v2\/product_cat?post=120269"},{"taxonomy":"product_tag","embeddable":true,"href":"https:\/\/lighthouselocarno.ch\/fr\/wp-json\/wp\/v2\/product_tag?post=120269"}],"curies":[{"name":"wp","href":"https:\/\/api.w.org\/{rel}","templated":true}]}}