{"id":120276,"date":"2022-05-07T12:45:25","date_gmt":"2022-05-07T12:45:25","guid":{"rendered":"https:\/\/lighthouselocarno.ch\/prodotti\/rideau-en-organza-blanc-019\/"},"modified":"2023-08-30T16:31:36","modified_gmt":"2023-08-30T16:31:36","slug":"tente-en-organisation-blanc-019","status":"publish","type":"product","link":"https:\/\/lighthouselocarno.ch\/fr\/produit\/tente-en-organisation-blanc-019\/","title":{"rendered":"Rideau en organza - Blanc 019"},"content":{"rendered":"<p>Rideau blanc en organza avec cantonni\u00e8re en organza. Partie sup\u00e9rieure avec pr\u00e9paration pour un b\u00e2ton et fermeture avec des boutons Agoya en nacre. Taille 130&#215;300 cm.<\/p>\n","protected":false},"excerpt":{"rendered":"<p>Rideau blanc en organza avec cantonni\u00e8re en organza. Partie sup\u00e9rieure avec pr\u00e9paration pour un b\u00e2ton et fermeture avec des boutons Agoya en nacre. Taille 130&#215;300 cm.<\/p>\n","protected":false},"featured_media":106156,"template":"","meta":{"_seopress_robots_primary_cat":"","_seopress_titles_title":"","_seopress_titles_desc":"","_seopress_robots_index":""},"product_brand":[],"product_cat":[3747,6071,7194],"product_tag":[],"class_list":{"0":"post-120276","1":"product","2":"type-product","3":"status-publish","4":"has-post-thumbnail","6":"product_cat-decoration-interieure","7":"product_cat-tentes","8":"product_cat-tentes-fr","10":"first","11":"instock","12":"shipping-taxable","13":"purchasable","14":"product-type-simple"},"jetpack_sharing_enabled":true,"_links":{"self":[{"href":"https:\/\/lighthouselocarno.ch\/fr\/wp-json\/wp\/v2\/product\/120276","targetHints":{"allow":["GET"]}}],"collection":[{"href":"https:\/\/lighthouselocarno.ch\/fr\/wp-json\/wp\/v2\/product"}],"about":[{"href":"https:\/\/lighthouselocarno.ch\/fr\/wp-json\/wp\/v2\/types\/product"}],"wp:featuredmedia":[{"embeddable":true,"href":"https:\/\/lighthouselocarno.ch\/fr\/wp-json\/wp\/v2\/media\/106156"}],"wp:attachment":[{"href":"https:\/\/lighthouselocarno.ch\/fr\/wp-json\/wp\/v2\/media?parent=120276"}],"wp:term":[{"taxonomy":"product_brand","embeddable":true,"href":"https:\/\/lighthouselocarno.ch\/fr\/wp-json\/wp\/v2\/product_brand?post=120276"},{"taxonomy":"product_cat","embeddable":true,"href":"https:\/\/lighthouselocarno.ch\/fr\/wp-json\/wp\/v2\/product_cat?post=120276"},{"taxonomy":"product_tag","embeddable":true,"href":"https:\/\/lighthouselocarno.ch\/fr\/wp-json\/wp\/v2\/product_tag?post=120276"}],"curies":[{"name":"wp","href":"https:\/\/api.w.org\/{rel}","templated":true}]}}