{"id":120281,"date":"2020-09-22T18:41:04","date_gmt":"2020-09-22T18:41:04","guid":{"rendered":"https:\/\/lighthouselocarno.ch\/prodotti\/paire-danges-suspendus\/"},"modified":"2023-08-24T09:49:47","modified_gmt":"2023-08-24T09:49:47","slug":"paire-danges-cintres","status":"publish","type":"product","link":"https:\/\/lighthouselocarno.ch\/fr\/produit\/paire-danges-cintres\/","title":{"rendered":"Paire d&rsquo;anges suspendus"},"content":{"rendered":"<p>Paire d&rsquo;anges suspendus au mur.<br \/>\nMat\u00e9riau : bois et pl\u00e2tre<br \/>\nCouleur : blanc antique<br \/>\nDimensions : 49 x 8 x 20 cm<\/p>\n","protected":false},"excerpt":{"rendered":"<p>Belle paire d&rsquo;anges vestimentaires.<br \/>\nOn en trouve partout.<br \/>\nA l&rsquo;entr\u00e9e, \u00e0 c\u00f4t\u00e9 du lit de votre b\u00e9b\u00e9, dans la salle de bain, dans votre atelier !<br \/>\nBois blanc antique.<br \/>\nDimensions 49 x 8 x 20 cm<\/p>\n","protected":false},"featured_media":100489,"template":"","meta":{"_seopress_robots_primary_cat":"2549","_seopress_titles_title":"","_seopress_titles_desc":"","_seopress_robots_index":""},"product_brand":[],"product_cat":[3747,4040,7200],"product_tag":[4695,4697],"class_list":{"0":"post-120281","1":"product","2":"type-product","3":"status-publish","4":"has-post-thumbnail","6":"product_cat-decoration-interieure","7":"product_cat-decorations-fr","8":"product_cat-porte-manteaux","9":"product_tag-anges","10":"product_tag-anges-suspendus","12":"first","13":"instock","14":"shipping-taxable","15":"purchasable","16":"product-type-variable"},"jetpack_sharing_enabled":true,"_links":{"self":[{"href":"https:\/\/lighthouselocarno.ch\/fr\/wp-json\/wp\/v2\/product\/120281","targetHints":{"allow":["GET"]}}],"collection":[{"href":"https:\/\/lighthouselocarno.ch\/fr\/wp-json\/wp\/v2\/product"}],"about":[{"href":"https:\/\/lighthouselocarno.ch\/fr\/wp-json\/wp\/v2\/types\/product"}],"wp:featuredmedia":[{"embeddable":true,"href":"https:\/\/lighthouselocarno.ch\/fr\/wp-json\/wp\/v2\/media\/100489"}],"wp:attachment":[{"href":"https:\/\/lighthouselocarno.ch\/fr\/wp-json\/wp\/v2\/media?parent=120281"}],"wp:term":[{"taxonomy":"product_brand","embeddable":true,"href":"https:\/\/lighthouselocarno.ch\/fr\/wp-json\/wp\/v2\/product_brand?post=120281"},{"taxonomy":"product_cat","embeddable":true,"href":"https:\/\/lighthouselocarno.ch\/fr\/wp-json\/wp\/v2\/product_cat?post=120281"},{"taxonomy":"product_tag","embeddable":true,"href":"https:\/\/lighthouselocarno.ch\/fr\/wp-json\/wp\/v2\/product_tag?post=120281"}],"curies":[{"name":"wp","href":"https:\/\/api.w.org\/{rel}","templated":true}]}}