{"id":120282,"date":"2022-05-07T12:45:30","date_gmt":"2022-05-07T12:45:30","guid":{"rendered":"https:\/\/lighthouselocarno.ch\/prodotti\/taie-doreiller-decorative-en-lin-lourd-avec-boutons-agoya-blanc-019\/"},"modified":"2023-08-30T16:31:31","modified_gmt":"2023-08-30T16:31:31","slug":"taie-doreiller-decoration-en-lin-lourd-avec-boutons-agoya-blanc-019","status":"publish","type":"product","link":"https:\/\/lighthouselocarno.ch\/fr\/produit\/taie-doreiller-decoration-en-lin-lourd-avec-boutons-agoya-blanc-019\/","title":{"rendered":"Taie d&rsquo;oreiller d\u00e9corative en lin lourd avec boutons agoya - Blanc 019"},"content":{"rendered":"<p>Taie d&rsquo;oreiller d\u00e9corative blanche avec rang\u00e9e centrale de boutons Agoya en nacre. Profil\u00e9 avec tuyauterie. Taille 40X60 cm.<\/p>\n","protected":false},"excerpt":{"rendered":"<p>Taie d&rsquo;oreiller d\u00e9corative blanche avec rang\u00e9e centrale de boutons Agoya en nacre. Profil\u00e9 avec tuyauterie. Taille 40X60 cm.<\/p>\n","protected":false},"featured_media":106162,"template":"","meta":{"_seopress_robots_primary_cat":"","_seopress_titles_title":"","_seopress_titles_desc":"","_seopress_robots_index":""},"product_brand":[],"product_cat":[7129,3747,4040,5970,5969,4066],"product_tag":[],"class_list":{"0":"post-120282","1":"product","2":"type-product","3":"status-publish","4":"has-post-thumbnail","6":"product_cat-coussins-deco","7":"product_cat-decoration-interieure","8":"product_cat-decorations-fr","9":"product_cat-housses-de-coussin","10":"product_cat-le-lit","11":"product_cat-non-classe","13":"first","14":"instock","15":"shipping-taxable","16":"purchasable","17":"product-type-simple"},"jetpack_sharing_enabled":true,"_links":{"self":[{"href":"https:\/\/lighthouselocarno.ch\/fr\/wp-json\/wp\/v2\/product\/120282","targetHints":{"allow":["GET"]}}],"collection":[{"href":"https:\/\/lighthouselocarno.ch\/fr\/wp-json\/wp\/v2\/product"}],"about":[{"href":"https:\/\/lighthouselocarno.ch\/fr\/wp-json\/wp\/v2\/types\/product"}],"wp:featuredmedia":[{"embeddable":true,"href":"https:\/\/lighthouselocarno.ch\/fr\/wp-json\/wp\/v2\/media\/106162"}],"wp:attachment":[{"href":"https:\/\/lighthouselocarno.ch\/fr\/wp-json\/wp\/v2\/media?parent=120282"}],"wp:term":[{"taxonomy":"product_brand","embeddable":true,"href":"https:\/\/lighthouselocarno.ch\/fr\/wp-json\/wp\/v2\/product_brand?post=120282"},{"taxonomy":"product_cat","embeddable":true,"href":"https:\/\/lighthouselocarno.ch\/fr\/wp-json\/wp\/v2\/product_cat?post=120282"},{"taxonomy":"product_tag","embeddable":true,"href":"https:\/\/lighthouselocarno.ch\/fr\/wp-json\/wp\/v2\/product_tag?post=120282"}],"curies":[{"name":"wp","href":"https:\/\/api.w.org\/{rel}","templated":true}]}}