{"id":120290,"date":"2020-09-24T09:41:55","date_gmt":"2020-09-24T09:41:55","guid":{"rendered":"https:\/\/lighthouselocarno.ch\/prodotti\/couronne-de-feuilles-de-figuier\/"},"modified":"2025-12-23T23:25:42","modified_gmt":"2025-12-23T23:25:42","slug":"couronne-avec-feuilles","status":"publish","type":"product","link":"https:\/\/lighthouselocarno.ch\/fr\/produit\/couronne-avec-feuilles\/","title":{"rendered":"Couronne de feuilles de figuier"},"content":{"rendered":"<p>Belle couronne d\u00e9corative en feuille de figuier.<br \/>\nId\u00e9ale comme centre de table, couronne de l&rsquo;Avent, ou \u00e0 suspendre \u00e0 la porte d&rsquo;entr\u00e9e.<br \/>\nMat\u00e9riau : tissu synth\u00e9tique<br \/>\nCouleur : bordeaux - bronze<br \/>\nDimension : 76 cm<\/p>\n","protected":false},"excerpt":{"rendered":"<p>Belle et \u00e9l\u00e9gante couronne avec feuilles de figuier en tissu couleur bordeaux-bronze.<br \/>\nUne touche de grande classe pour vos d\u00e9corations de No\u00ebl.<br \/>\nId\u00e9ale comme centre de table, couronne de l&rsquo;Avent, ou simplement sur votre porte d&rsquo;entr\u00e9e orn\u00e9e de quelques oiseaux.<\/p>\n","protected":false},"featured_media":100501,"template":"","meta":{"_seopress_robots_primary_cat":"","_seopress_titles_title":"","_seopress_titles_desc":"","_seopress_robots_index":""},"product_brand":[],"product_cat":[3747,4040,4137,3756],"product_tag":[4178,4683,4698,4700],"class_list":{"0":"post-120290","1":"product","2":"type-product","3":"status-publish","4":"has-post-thumbnail","6":"product_cat-decoration-interieure","7":"product_cat-decorations-fr","8":"product_cat-decorations-de-noel","9":"product_cat-vente","10":"product_tag-decoration-de-noel-fr-2","11":"product_tag-decorations-de-noel-fr","12":"product_tag-garland-fr","13":"product_tag-noel","15":"first","16":"outofstock","17":"sale","18":"shipping-taxable","19":"purchasable","20":"product-type-simple"},"jetpack_sharing_enabled":true,"_links":{"self":[{"href":"https:\/\/lighthouselocarno.ch\/fr\/wp-json\/wp\/v2\/product\/120290","targetHints":{"allow":["GET"]}}],"collection":[{"href":"https:\/\/lighthouselocarno.ch\/fr\/wp-json\/wp\/v2\/product"}],"about":[{"href":"https:\/\/lighthouselocarno.ch\/fr\/wp-json\/wp\/v2\/types\/product"}],"wp:featuredmedia":[{"embeddable":true,"href":"https:\/\/lighthouselocarno.ch\/fr\/wp-json\/wp\/v2\/media\/100501"}],"wp:attachment":[{"href":"https:\/\/lighthouselocarno.ch\/fr\/wp-json\/wp\/v2\/media?parent=120290"}],"wp:term":[{"taxonomy":"product_brand","embeddable":true,"href":"https:\/\/lighthouselocarno.ch\/fr\/wp-json\/wp\/v2\/product_brand?post=120290"},{"taxonomy":"product_cat","embeddable":true,"href":"https:\/\/lighthouselocarno.ch\/fr\/wp-json\/wp\/v2\/product_cat?post=120290"},{"taxonomy":"product_tag","embeddable":true,"href":"https:\/\/lighthouselocarno.ch\/fr\/wp-json\/wp\/v2\/product_tag?post=120290"}],"curies":[{"name":"wp","href":"https:\/\/api.w.org\/{rel}","templated":true}]}}