{"id":120301,"date":"2020-09-24T09:40:32","date_gmt":"2020-09-24T09:40:32","guid":{"rendered":"https:\/\/lighthouselocarno.ch\/prodotti\/guirlande-decorative-avec-feuilles-de-figuier\/"},"modified":"2023-08-24T09:49:47","modified_gmt":"2023-08-24T09:49:47","slug":"couronne-decorative-avec-feuille-de-figure","status":"publish","type":"product","link":"https:\/\/lighthouselocarno.ch\/fr\/produit\/couronne-decorative-avec-feuille-de-figure\/","title":{"rendered":"Guirlande d\u00e9corative avec feuilles de figuier"},"content":{"rendered":"<p>Guirlande d\u00e9focatoire avec des feuilles de figuier.<br \/>\nCouleur bourgogne-bronze<br \/>\nLongueur : 183 cm<\/p>\n","protected":false},"excerpt":{"rendered":"<p>Jolie guirlande d\u00e9corative aux mille usages !<br \/>\nId\u00e9al pour entourer une porte, au-dessus de la chemin\u00e9e ou comme pi\u00e8ce ma\u00eetresse allong\u00e9e cr\u00e9ant des effets spectaculaires.<br \/>\nTissu bordeaux-bronze.<\/p>\n","protected":false},"featured_media":100492,"template":"","meta":{"_seopress_robots_primary_cat":"","_seopress_titles_title":"","_seopress_titles_desc":"","_seopress_robots_index":""},"product_brand":[],"product_cat":[3747,4040,4137,3756],"product_tag":[4178,4683,4698,4700],"class_list":{"0":"post-120301","1":"product","2":"type-product","3":"status-publish","4":"has-post-thumbnail","6":"product_cat-decoration-interieure","7":"product_cat-decorations-fr","8":"product_cat-decorations-de-noel","9":"product_cat-vente","10":"product_tag-decoration-de-noel-fr-2","11":"product_tag-decorations-de-noel-fr","12":"product_tag-garland-fr","13":"product_tag-noel","15":"first","16":"outofstock","17":"sale","18":"shipping-taxable","19":"purchasable","20":"product-type-simple"},"jetpack_sharing_enabled":true,"_links":{"self":[{"href":"https:\/\/lighthouselocarno.ch\/fr\/wp-json\/wp\/v2\/product\/120301","targetHints":{"allow":["GET"]}}],"collection":[{"href":"https:\/\/lighthouselocarno.ch\/fr\/wp-json\/wp\/v2\/product"}],"about":[{"href":"https:\/\/lighthouselocarno.ch\/fr\/wp-json\/wp\/v2\/types\/product"}],"wp:featuredmedia":[{"embeddable":true,"href":"https:\/\/lighthouselocarno.ch\/fr\/wp-json\/wp\/v2\/media\/100492"}],"wp:attachment":[{"href":"https:\/\/lighthouselocarno.ch\/fr\/wp-json\/wp\/v2\/media?parent=120301"}],"wp:term":[{"taxonomy":"product_brand","embeddable":true,"href":"https:\/\/lighthouselocarno.ch\/fr\/wp-json\/wp\/v2\/product_brand?post=120301"},{"taxonomy":"product_cat","embeddable":true,"href":"https:\/\/lighthouselocarno.ch\/fr\/wp-json\/wp\/v2\/product_cat?post=120301"},{"taxonomy":"product_tag","embeddable":true,"href":"https:\/\/lighthouselocarno.ch\/fr\/wp-json\/wp\/v2\/product_tag?post=120301"}],"curies":[{"name":"wp","href":"https:\/\/api.w.org\/{rel}","templated":true}]}}