{"id":120309,"date":"2021-02-15T16:34:22","date_gmt":"2021-02-15T16:34:22","guid":{"rendered":"https:\/\/lighthouselocarno.ch\/prodotti\/savon-naturel-150-g-magnolia\/"},"modified":"2024-12-16T09:47:26","modified_gmt":"2024-12-16T09:47:26","slug":"savon-naturel-150-g-magnolia","status":"publish","type":"product","link":"https:\/\/lighthouselocarno.ch\/fr\/produit\/savon-naturel-150-g-magnolia\/","title":{"rendered":"Savon naturel 150 g Magnolia"},"content":{"rendered":"","protected":false},"excerpt":{"rendered":"<p>Savon bio au lait de brebis senteur Magnolia Un v\u00e9ritable chouchou pour une peau encore plus belle et plus douce. D&rsquo;excellente qualit\u00e9, lipo-r\u00e9parateur, id\u00e9al pour le soin du visage et du corps tous les matins. Le parfum est d\u00e9licat, romantique ! Chaque savon est \u00e9l\u00e9gamment emball\u00e9 dans une bo\u00eete d\u00e9cor\u00e9e d&rsquo;une belle rose en tissu et d&rsquo;un ruban d&rsquo;organza comme sur la photo. Poids 150 grammes<\/p>\n","protected":false},"featured_media":101662,"template":"","meta":{"_seopress_robots_primary_cat":"none","_seopress_titles_title":"","_seopress_titles_desc":"","_seopress_robots_index":""},"product_brand":[],"product_cat":[3747,7316,7318],"product_tag":[4712,4726,4719,4724],"class_list":{"0":"post-120309","1":"product","2":"type-product","3":"status-publish","4":"has-post-thumbnail","6":"product_cat-decoration-interieure","7":"product_cat-parfums-et-savons","8":"product_cat-savon-naturel","9":"product_tag-savon","10":"product_tag-savon-a-la-pivoine","11":"product_tag-savon-au-lait-de-brebis","12":"product_tag-savon-biologique","14":"first","15":"instock","16":"shipping-taxable","17":"purchasable","18":"product-type-simple"},"jetpack_sharing_enabled":true,"_links":{"self":[{"href":"https:\/\/lighthouselocarno.ch\/fr\/wp-json\/wp\/v2\/product\/120309","targetHints":{"allow":["GET"]}}],"collection":[{"href":"https:\/\/lighthouselocarno.ch\/fr\/wp-json\/wp\/v2\/product"}],"about":[{"href":"https:\/\/lighthouselocarno.ch\/fr\/wp-json\/wp\/v2\/types\/product"}],"wp:featuredmedia":[{"embeddable":true,"href":"https:\/\/lighthouselocarno.ch\/fr\/wp-json\/wp\/v2\/media\/101662"}],"wp:attachment":[{"href":"https:\/\/lighthouselocarno.ch\/fr\/wp-json\/wp\/v2\/media?parent=120309"}],"wp:term":[{"taxonomy":"product_brand","embeddable":true,"href":"https:\/\/lighthouselocarno.ch\/fr\/wp-json\/wp\/v2\/product_brand?post=120309"},{"taxonomy":"product_cat","embeddable":true,"href":"https:\/\/lighthouselocarno.ch\/fr\/wp-json\/wp\/v2\/product_cat?post=120309"},{"taxonomy":"product_tag","embeddable":true,"href":"https:\/\/lighthouselocarno.ch\/fr\/wp-json\/wp\/v2\/product_tag?post=120309"}],"curies":[{"name":"wp","href":"https:\/\/api.w.org\/{rel}","templated":true}]}}