{"id":120317,"date":"2021-02-15T17:31:06","date_gmt":"2021-02-15T17:31:06","guid":{"rendered":"https:\/\/lighthouselocarno.ch\/prodotti\/grand-plat-en-forme-de-coeur\/"},"modified":"2021-02-15T17:31:06","modified_gmt":"2021-02-15T17:31:06","slug":"grand-plat-en-forme-de-coeur","status":"publish","type":"product","link":"https:\/\/lighthouselocarno.ch\/fr\/produit\/grand-plat-en-forme-de-coeur\/","title":{"rendered":"Grand plat en forme de c\u0153ur"},"content":{"rendered":"","protected":false},"excerpt":{"rendered":"<p>Grande assiette en forme de c\u0153ur, couleur cr\u00e8me, en gr\u00e8s.<br \/>\nDimensions : 25\u00d729 cm<br \/>\nFabriqu\u00e9 en. Italie<\/p>\n","protected":false},"featured_media":101677,"template":"","meta":{"_seopress_robots_primary_cat":"","_seopress_titles_title":"","_seopress_titles_desc":"","_seopress_robots_index":""},"product_brand":[],"product_cat":[3958,3747,4040,3757],"product_tag":[4732,4736,4731],"class_list":{"0":"post-120317","1":"product","2":"type-product","3":"status-publish","4":"has-post-thumbnail","6":"product_cat-cuisine","7":"product_cat-decoration-interieure","8":"product_cat-decorations-fr","9":"product_cat-table-fr","10":"product_tag-assiette-en-forme-de-coeur","11":"product_tag-assiette-shabby","12":"product_tag-plaque-de-coeur-fr","14":"first","15":"onbackorder","16":"shipping-taxable","17":"purchasable","18":"product-type-simple"},"jetpack_sharing_enabled":true,"_links":{"self":[{"href":"https:\/\/lighthouselocarno.ch\/fr\/wp-json\/wp\/v2\/product\/120317","targetHints":{"allow":["GET"]}}],"collection":[{"href":"https:\/\/lighthouselocarno.ch\/fr\/wp-json\/wp\/v2\/product"}],"about":[{"href":"https:\/\/lighthouselocarno.ch\/fr\/wp-json\/wp\/v2\/types\/product"}],"wp:featuredmedia":[{"embeddable":true,"href":"https:\/\/lighthouselocarno.ch\/fr\/wp-json\/wp\/v2\/media\/101677"}],"wp:attachment":[{"href":"https:\/\/lighthouselocarno.ch\/fr\/wp-json\/wp\/v2\/media?parent=120317"}],"wp:term":[{"taxonomy":"product_brand","embeddable":true,"href":"https:\/\/lighthouselocarno.ch\/fr\/wp-json\/wp\/v2\/product_brand?post=120317"},{"taxonomy":"product_cat","embeddable":true,"href":"https:\/\/lighthouselocarno.ch\/fr\/wp-json\/wp\/v2\/product_cat?post=120317"},{"taxonomy":"product_tag","embeddable":true,"href":"https:\/\/lighthouselocarno.ch\/fr\/wp-json\/wp\/v2\/product_tag?post=120317"}],"curies":[{"name":"wp","href":"https:\/\/api.w.org\/{rel}","templated":true}]}}