{"id":120319,"date":"2021-02-15T12:13:29","date_gmt":"2021-02-15T12:13:29","guid":{"rendered":"https:\/\/lighthouselocarno.ch\/prodotti\/savon-naturel-a-lhuile-dolive\/"},"modified":"2025-01-15T11:21:23","modified_gmt":"2025-01-15T11:21:23","slug":"savon-bio-huile-huile-huile","status":"publish","type":"product","link":"https:\/\/lighthouselocarno.ch\/fr\/produit\/savon-bio-huile-huile-huile\/","title":{"rendered":"Savon naturel \u00e0 l&rsquo;huile d&rsquo;olive"},"content":{"rendered":"","protected":false},"excerpt":{"rendered":"<p>Savon biologique au lait de brebis enrichi \u00e0 l&rsquo;huile d&rsquo;olive pour une peau encore plus belle et soign\u00e9e.<br \/>  Excellente qualit\u00e9, lipor\u00e9platissante, id\u00e9ale pour d\u00e9miner le visage et le corps tous les matins.<br \/>  Parfum d\u00e9licat d&rsquo;huile d&rsquo;olive.<br \/>  Chaque savon est emball\u00e9 individuellement et d\u00e9cor\u00e9 d&rsquo;une d\u00e9licate petite rose comme sur la photo.<br \/>  Poids 100 grammes<\/p>\n","protected":false},"featured_media":101602,"template":"","meta":{"_seopress_robots_primary_cat":"","_seopress_titles_title":"","_seopress_titles_desc":"","_seopress_robots_index":""},"product_brand":[],"product_cat":[3747,4040,3883],"product_tag":[4712,4733,4719,4724],"class_list":{"0":"post-120319","1":"product","2":"type-product","3":"status-publish","4":"has-post-thumbnail","6":"product_cat-decoration-interieure","7":"product_cat-decorations-fr","8":"product_cat-salle-de-bains","9":"product_tag-savon","10":"product_tag-savon-a-lhuile-dolive","11":"product_tag-savon-au-lait-de-brebis","12":"product_tag-savon-biologique","14":"first","15":"onbackorder","16":"shipping-taxable","17":"purchasable","18":"product-type-simple"},"jetpack_sharing_enabled":true,"_links":{"self":[{"href":"https:\/\/lighthouselocarno.ch\/fr\/wp-json\/wp\/v2\/product\/120319","targetHints":{"allow":["GET"]}}],"collection":[{"href":"https:\/\/lighthouselocarno.ch\/fr\/wp-json\/wp\/v2\/product"}],"about":[{"href":"https:\/\/lighthouselocarno.ch\/fr\/wp-json\/wp\/v2\/types\/product"}],"wp:featuredmedia":[{"embeddable":true,"href":"https:\/\/lighthouselocarno.ch\/fr\/wp-json\/wp\/v2\/media\/101602"}],"wp:attachment":[{"href":"https:\/\/lighthouselocarno.ch\/fr\/wp-json\/wp\/v2\/media?parent=120319"}],"wp:term":[{"taxonomy":"product_brand","embeddable":true,"href":"https:\/\/lighthouselocarno.ch\/fr\/wp-json\/wp\/v2\/product_brand?post=120319"},{"taxonomy":"product_cat","embeddable":true,"href":"https:\/\/lighthouselocarno.ch\/fr\/wp-json\/wp\/v2\/product_cat?post=120319"},{"taxonomy":"product_tag","embeddable":true,"href":"https:\/\/lighthouselocarno.ch\/fr\/wp-json\/wp\/v2\/product_tag?post=120319"}],"curies":[{"name":"wp","href":"https:\/\/api.w.org\/{rel}","templated":true}]}}