{"id":120331,"date":"2023-02-15T16:10:42","date_gmt":"2023-02-15T16:10:42","guid":{"rendered":"https:\/\/lighthouselocarno.ch\/prodotti\/savon-naturel-pink-heart\/"},"modified":"2023-12-30T13:19:03","modified_gmt":"2023-12-30T13:19:03","slug":"savon-naturel-coeur-rose-2","status":"publish","type":"product","link":"https:\/\/lighthouselocarno.ch\/fr\/produit\/savon-naturel-coeur-rose-2\/","title":{"rendered":"Savon naturel Pink Heart"},"content":{"rendered":"","protected":false},"excerpt":{"rendered":"<p>Savon naturel en forme de c\u0153ur au lait de brebis biologique, senteur Magnolia.<br \/>\nUn v\u00e9ritable chouchou pour une peau encore plus belle et plus douce.<br \/>\nExcellente qualit\u00e9, relipidante, id\u00e9ale pour le soin du visage et du corps tous les matins.<br \/>\nSavon doux et cr\u00e9meux au lait de brebis et \u00e0 la graisse de laine de brebis.<br \/>\nDoux pour la peau - convient \u00e9galement aux peaux sensibles.<br \/>\nUn soin naturel de haute qualit\u00e9 avec un parfum merveilleux.<br \/>\nChaque pain de savon est emball\u00e9 individuellement et d\u00e9cor\u00e9 d&rsquo;un \u00e9l\u00e9gant n\u0153ud en satin, comme illustr\u00e9.<br \/>\nPoids 80 grammes<br \/>\nFabriqu\u00e9 en Autriche.<\/p>\n","protected":false},"featured_media":101650,"template":"","meta":{"_seopress_robots_primary_cat":"","_seopress_titles_title":"","_seopress_titles_desc":"","_seopress_robots_index":""},"product_brand":[],"product_cat":[3747,7316,7318],"product_tag":[4752,4719,4755,4757,4758],"class_list":{"0":"post-120331","1":"product","2":"type-product","3":"status-publish","4":"has-post-thumbnail","6":"product_cat-decoration-interieure","7":"product_cat-parfums-et-savons","8":"product_cat-savon-naturel","9":"product_tag-florex-fr","10":"product_tag-savon-au-lait-de-brebis","11":"product_tag-savon-biologique-fr","12":"product_tag-savon-de-coeur","13":"product_tag-savon-naturel-classique","15":"first","16":"instock","17":"shipping-taxable","18":"purchasable","19":"product-type-simple"},"jetpack_sharing_enabled":true,"_links":{"self":[{"href":"https:\/\/lighthouselocarno.ch\/fr\/wp-json\/wp\/v2\/product\/120331","targetHints":{"allow":["GET"]}}],"collection":[{"href":"https:\/\/lighthouselocarno.ch\/fr\/wp-json\/wp\/v2\/product"}],"about":[{"href":"https:\/\/lighthouselocarno.ch\/fr\/wp-json\/wp\/v2\/types\/product"}],"wp:featuredmedia":[{"embeddable":true,"href":"https:\/\/lighthouselocarno.ch\/fr\/wp-json\/wp\/v2\/media\/101650"}],"wp:attachment":[{"href":"https:\/\/lighthouselocarno.ch\/fr\/wp-json\/wp\/v2\/media?parent=120331"}],"wp:term":[{"taxonomy":"product_brand","embeddable":true,"href":"https:\/\/lighthouselocarno.ch\/fr\/wp-json\/wp\/v2\/product_brand?post=120331"},{"taxonomy":"product_cat","embeddable":true,"href":"https:\/\/lighthouselocarno.ch\/fr\/wp-json\/wp\/v2\/product_cat?post=120331"},{"taxonomy":"product_tag","embeddable":true,"href":"https:\/\/lighthouselocarno.ch\/fr\/wp-json\/wp\/v2\/product_tag?post=120331"}],"curies":[{"name":"wp","href":"https:\/\/api.w.org\/{rel}","templated":true}]}}