{"id":120336,"date":"2021-02-15T17:13:00","date_gmt":"2021-02-15T17:13:00","guid":{"rendered":"https:\/\/lighthouselocarno.ch\/prodotti\/mini-splashback-en-verre\/"},"modified":"2023-09-13T09:08:33","modified_gmt":"2023-09-13T09:08:33","slug":"mini-small-glass-rack","status":"publish","type":"product","link":"https:\/\/lighthouselocarno.ch\/fr\/produit\/mini-small-glass-rack\/","title":{"rendered":"Mini Splashback en verre"},"content":{"rendered":"<p>Lavage \u00e0 la main. Tenir hors de port\u00e9e des enfants.<\/p>\n","protected":false},"excerpt":{"rendered":"<p>Magnifique et romantique porte-g\u00e2teau en verre avec cloche d\u00e9cor\u00e9e d&rsquo;un coeur.<br \/>\nSouffl\u00e9 \u00e0 la main.<br \/>\nDimensions<br \/>\nD7 cm<br \/>\nH11 cm<br \/>\nFabriqu\u00e9 en Italie<\/p>\n","protected":false},"featured_media":101668,"template":"","meta":{"_seopress_robots_primary_cat":"none","_seopress_titles_title":"","_seopress_titles_desc":"","_seopress_robots_index":""},"product_brand":[],"product_cat":[3747,4040,3757,7229],"product_tag":[4764,4761,4760],"class_list":{"0":"post-120336","1":"product","2":"type-product","3":"status-publish","4":"has-post-thumbnail","6":"product_cat-decoration-interieure","7":"product_cat-decorations-fr","8":"product_cat-table-fr","9":"product_cat-plats-et-tasses","10":"product_tag-dosseret-shabby","11":"product_tag-elevateur-de-coeur","12":"product_tag-elevateur-en-verre","14":"first","15":"instock","16":"shipping-taxable","17":"purchasable","18":"product-type-simple"},"jetpack_sharing_enabled":true,"_links":{"self":[{"href":"https:\/\/lighthouselocarno.ch\/fr\/wp-json\/wp\/v2\/product\/120336","targetHints":{"allow":["GET"]}}],"collection":[{"href":"https:\/\/lighthouselocarno.ch\/fr\/wp-json\/wp\/v2\/product"}],"about":[{"href":"https:\/\/lighthouselocarno.ch\/fr\/wp-json\/wp\/v2\/types\/product"}],"wp:featuredmedia":[{"embeddable":true,"href":"https:\/\/lighthouselocarno.ch\/fr\/wp-json\/wp\/v2\/media\/101668"}],"wp:attachment":[{"href":"https:\/\/lighthouselocarno.ch\/fr\/wp-json\/wp\/v2\/media?parent=120336"}],"wp:term":[{"taxonomy":"product_brand","embeddable":true,"href":"https:\/\/lighthouselocarno.ch\/fr\/wp-json\/wp\/v2\/product_brand?post=120336"},{"taxonomy":"product_cat","embeddable":true,"href":"https:\/\/lighthouselocarno.ch\/fr\/wp-json\/wp\/v2\/product_cat?post=120336"},{"taxonomy":"product_tag","embeddable":true,"href":"https:\/\/lighthouselocarno.ch\/fr\/wp-json\/wp\/v2\/product_tag?post=120336"}],"curies":[{"name":"wp","href":"https:\/\/api.w.org\/{rel}","templated":true}]}}