{"id":120338,"date":"2021-02-15T18:12:24","date_gmt":"2021-02-15T18:12:24","guid":{"rendered":"https:\/\/lighthouselocarno.ch\/prodotti\/bol-a-rechaud-en-satin\/"},"modified":"2021-02-15T18:12:24","modified_gmt":"2021-02-15T18:12:24","slug":"porte-boules-a-reverbere","status":"publish","type":"product","link":"https:\/\/lighthouselocarno.ch\/fr\/produit\/porte-boules-a-reverbere\/","title":{"rendered":"Bol \u00e0 r\u00e9chaud en satin"},"content":{"rendered":"","protected":false},"excerpt":{"rendered":"<p>Sph\u00e8re \u00e0 r\u00e9chaud en verre d\u00e9poli blanc laiteux raffin\u00e9<br \/>\nDimensions<br \/>\nd8 h6.8 cm<br \/>\nFabriqu\u00e9 en Italie  <\/p>\n","protected":false},"featured_media":101701,"template":"","meta":{"_seopress_robots_primary_cat":"","_seopress_titles_title":"","_seopress_titles_desc":"","_seopress_robots_index":""},"product_brand":[],"product_cat":[3958,3747,4040,3757],"product_tag":[4762,4763],"class_list":{"0":"post-120338","1":"product","2":"type-product","3":"status-publish","4":"has-post-thumbnail","6":"product_cat-cuisine","7":"product_cat-decoration-interieure","8":"product_cat-decorations-fr","9":"product_cat-table-fr","10":"product_tag-chandelier","11":"product_tag-t-light-fr","13":"first","14":"onbackorder","15":"shipping-taxable","16":"purchasable","17":"product-type-simple"},"jetpack_sharing_enabled":true,"_links":{"self":[{"href":"https:\/\/lighthouselocarno.ch\/fr\/wp-json\/wp\/v2\/product\/120338","targetHints":{"allow":["GET"]}}],"collection":[{"href":"https:\/\/lighthouselocarno.ch\/fr\/wp-json\/wp\/v2\/product"}],"about":[{"href":"https:\/\/lighthouselocarno.ch\/fr\/wp-json\/wp\/v2\/types\/product"}],"wp:featuredmedia":[{"embeddable":true,"href":"https:\/\/lighthouselocarno.ch\/fr\/wp-json\/wp\/v2\/media\/101701"}],"wp:attachment":[{"href":"https:\/\/lighthouselocarno.ch\/fr\/wp-json\/wp\/v2\/media?parent=120338"}],"wp:term":[{"taxonomy":"product_brand","embeddable":true,"href":"https:\/\/lighthouselocarno.ch\/fr\/wp-json\/wp\/v2\/product_brand?post=120338"},{"taxonomy":"product_cat","embeddable":true,"href":"https:\/\/lighthouselocarno.ch\/fr\/wp-json\/wp\/v2\/product_cat?post=120338"},{"taxonomy":"product_tag","embeddable":true,"href":"https:\/\/lighthouselocarno.ch\/fr\/wp-json\/wp\/v2\/product_tag?post=120338"}],"curies":[{"name":"wp","href":"https:\/\/api.w.org\/{rel}","templated":true}]}}