{"id":120342,"date":"2020-03-09T15:22:40","date_gmt":"2020-03-09T15:22:40","guid":{"rendered":"https:\/\/lighthouselocarno.ch\/prodotti\/corinthien-serviettes-de-bain\/"},"modified":"2023-07-05T14:52:49","modified_gmt":"2023-07-05T14:52:49","slug":"set-de-serviettes-corinthien","status":"publish","type":"product","link":"https:\/\/lighthouselocarno.ch\/fr\/produit\/set-de-serviettes-corinthien\/","title":{"rendered":"Corinthien Serviettes de bain."},"content":{"rendered":"<p>SERVIETTES DE BAIN \u00abCORINTHIENNES<br \/>\nDouceur de l&rsquo;\u00e9ponge et finesse de la dentelle pour cet ensemble de bain raffin\u00e9 et douillet. Fabriqu\u00e9 en Italie. Disponible en blanc, argile, ivoire, b\u00e9ton et vintage<br \/>\n100% coton.<br \/>\nDimensions : serviette de toilette 100 x 60, serviette d&rsquo;invit\u00e9 40 x 60 cm.<br \/>\nD\u00e9lai de livraison : 2-3 semaines.<\/p>\n","protected":false},"excerpt":{"rendered":"<p>SERVIETTES DE BAIN \u00abCORINTHIENNES<br \/>\nDouceur de l&rsquo;\u00e9ponge et finesse de la dentelle.<br \/>\n100% coton.<\/p>\n","protected":false},"featured_media":100909,"template":"","meta":{"_seopress_robots_primary_cat":"","_seopress_titles_title":"","_seopress_titles_desc":"","_seopress_robots_index":""},"product_brand":[],"product_cat":[3747,3883,6039],"product_tag":[4774,4772,4770],"class_list":{"0":"post-120342","1":"product","2":"type-product","3":"status-publish","4":"has-post-thumbnail","6":"product_cat-decoration-interieure","7":"product_cat-salle-de-bains","8":"product_cat-serviettes-fr","9":"product_tag-serviette-couple-fr","10":"product_tag-serviettes-avec-lace-fr","11":"product_tag-shabby-fr","13":"first","14":"instock","15":"shipping-taxable","16":"purchasable","17":"product-type-variable"},"jetpack_sharing_enabled":true,"_links":{"self":[{"href":"https:\/\/lighthouselocarno.ch\/fr\/wp-json\/wp\/v2\/product\/120342","targetHints":{"allow":["GET"]}}],"collection":[{"href":"https:\/\/lighthouselocarno.ch\/fr\/wp-json\/wp\/v2\/product"}],"about":[{"href":"https:\/\/lighthouselocarno.ch\/fr\/wp-json\/wp\/v2\/types\/product"}],"wp:featuredmedia":[{"embeddable":true,"href":"https:\/\/lighthouselocarno.ch\/fr\/wp-json\/wp\/v2\/media\/100909"}],"wp:attachment":[{"href":"https:\/\/lighthouselocarno.ch\/fr\/wp-json\/wp\/v2\/media?parent=120342"}],"wp:term":[{"taxonomy":"product_brand","embeddable":true,"href":"https:\/\/lighthouselocarno.ch\/fr\/wp-json\/wp\/v2\/product_brand?post=120342"},{"taxonomy":"product_cat","embeddable":true,"href":"https:\/\/lighthouselocarno.ch\/fr\/wp-json\/wp\/v2\/product_cat?post=120342"},{"taxonomy":"product_tag","embeddable":true,"href":"https:\/\/lighthouselocarno.ch\/fr\/wp-json\/wp\/v2\/product_tag?post=120342"}],"curies":[{"name":"wp","href":"https:\/\/api.w.org\/{rel}","templated":true}]}}