{"id":120361,"date":"2021-07-08T21:39:11","date_gmt":"2021-07-08T21:39:11","guid":{"rendered":"https:\/\/lighthouselocarno.ch\/prodotti\/set-de-table-en-lin-et-dentelle-armonia-40x40-cm\/"},"modified":"2023-09-02T10:08:12","modified_gmt":"2023-09-02T10:08:12","slug":"napperon-american-linen-and-lace","status":"publish","type":"product","link":"https:\/\/lighthouselocarno.ch\/fr\/produit\/napperon-american-linen-and-lace\/","title":{"rendered":"Set de table en lin et dentelle Armonia 40&#215;40 cm"},"content":{"rendered":"","protected":false},"excerpt":{"rendered":"<p>Set de table en lin et dentelle Armonia di Arte pura de Daniela Dallavalle.<\/p>\n<p>De beaux sets de table pour commencer la journ\u00e9e d\u00e8s le petit-d\u00e9jeuner. 100% pur lin italien, fabriqu\u00e9 en Italie.<\/p>\n<p>Tous les sets et attaches de serviettes de la ligne Arte Pura de Daniela Dallavalle doivent \u00eatre combin\u00e9s avec les sets de table.<\/p>\n<p>Les sets de table ont une taille de 40&#215;40 et sont disponibles dans toutes les couleurs. Pour le blanc, il faut compter environ 10 jours, pour les autres couleurs, 4 \u00e0 6 semaines.<\/p>\n<p>Lavage en machine, programme d\u00e9licat \u00e0 30 degr\u00e9s, essorage doux.<\/p>\n<p>Pour les premiers lavages en Vieilles couleurs, je recommande d&rsquo;ajouter 4 \u00e0 5 cuill\u00e8res \u00e0 soupe de gros sel de mer pour fixer les couleurs, qui sont tr\u00e8s naturelles !<\/p>\n<p>Veuillez noter qu&rsquo;il s&rsquo;agit d&rsquo;un produit haut de gamme, teint \u00e0 la main. Si vous avez achet\u00e9 plusieurs pi\u00e8ces de la m\u00eame couleur, je vous recommande de toujours les laver ensemble afin que la couleur de chaque pi\u00e8ce de lin reste uniforme.<\/p>\n","protected":false},"featured_media":102106,"template":"","meta":{"_seopress_robots_primary_cat":"none","_seopress_titles_title":"","_seopress_titles_desc":"","_seopress_robots_index":""},"product_brand":[],"product_cat":[3747,3757,6061],"product_tag":[3966,3964],"class_list":{"0":"post-120361","1":"product","2":"type-product","3":"status-publish","4":"has-post-thumbnail","6":"product_cat-decoration-interieure","7":"product_cat-table-fr","8":"product_cat-set-de-table","9":"product_tag-napperon-fr","10":"product_tag-napperon","12":"first","13":"instock","14":"shipping-taxable","15":"purchasable","16":"product-type-variable"},"jetpack_sharing_enabled":true,"_links":{"self":[{"href":"https:\/\/lighthouselocarno.ch\/fr\/wp-json\/wp\/v2\/product\/120361","targetHints":{"allow":["GET"]}}],"collection":[{"href":"https:\/\/lighthouselocarno.ch\/fr\/wp-json\/wp\/v2\/product"}],"about":[{"href":"https:\/\/lighthouselocarno.ch\/fr\/wp-json\/wp\/v2\/types\/product"}],"wp:featuredmedia":[{"embeddable":true,"href":"https:\/\/lighthouselocarno.ch\/fr\/wp-json\/wp\/v2\/media\/102106"}],"wp:attachment":[{"href":"https:\/\/lighthouselocarno.ch\/fr\/wp-json\/wp\/v2\/media?parent=120361"}],"wp:term":[{"taxonomy":"product_brand","embeddable":true,"href":"https:\/\/lighthouselocarno.ch\/fr\/wp-json\/wp\/v2\/product_brand?post=120361"},{"taxonomy":"product_cat","embeddable":true,"href":"https:\/\/lighthouselocarno.ch\/fr\/wp-json\/wp\/v2\/product_cat?post=120361"},{"taxonomy":"product_tag","embeddable":true,"href":"https:\/\/lighthouselocarno.ch\/fr\/wp-json\/wp\/v2\/product_tag?post=120361"}],"curies":[{"name":"wp","href":"https:\/\/api.w.org\/{rel}","templated":true}]}}