{"id":120383,"date":"2023-04-13T15:23:55","date_gmt":"2023-04-13T15:23:55","guid":{"rendered":"https:\/\/lighthouselocarno.ch\/prodotti\/bougie-cube-et-perle-faite-a-la-main\/"},"modified":"2023-06-30T05:23:32","modified_gmt":"2023-06-30T05:23:32","slug":"bougie-artisanat-cube-et-perles-art-pur","status":"publish","type":"product","link":"https:\/\/lighthouselocarno.ch\/fr\/produit\/bougie-artisanat-cube-et-perles-art-pur\/","title":{"rendered":"Bougie cube et perle faite \u00e0 la main"},"content":{"rendered":"","protected":false},"excerpt":{"rendered":"<p>Bougie artisanale en forme de cube, marbr\u00e9e et perl\u00e9e.<\/p>\n<p>La bougie artisanale est disponible dans toutes les couleurs d&rsquo;Arte Pura et dans deux tailles diff\u00e9rentes,<\/p>\n<p>1,3 kg et 1,6 kg.<\/p>\n<p>Disponible dans la boutique dans la couleur Veronica Old.<br \/>\nToutes les autres couleurs peuvent \u00eatre command\u00e9es dans un d\u00e9lai de 4 \u00e0 6 semaines.<\/p>\n","protected":false},"featured_media":102151,"template":"","meta":{"_seopress_robots_primary_cat":"79","_seopress_titles_title":"","_seopress_titles_desc":"","_seopress_robots_index":""},"product_brand":[],"product_cat":[4268,7125,3747],"product_tag":[4794,4795,4271,4793],"class_list":{"0":"post-120383","1":"product","2":"type-product","3":"status-publish","4":"has-post-thumbnail","6":"product_cat-bougies","7":"product_cat-bougies-fr","8":"product_cat-decoration-interieure","9":"product_tag-bougie-fr","10":"product_tag-bougie-fr-2","11":"product_tag-bougie-artisanale","12":"product_tag-chandelle","14":"first","15":"instock","16":"shipping-taxable","17":"purchasable","18":"product-type-variable"},"jetpack_sharing_enabled":true,"_links":{"self":[{"href":"https:\/\/lighthouselocarno.ch\/fr\/wp-json\/wp\/v2\/product\/120383","targetHints":{"allow":["GET"]}}],"collection":[{"href":"https:\/\/lighthouselocarno.ch\/fr\/wp-json\/wp\/v2\/product"}],"about":[{"href":"https:\/\/lighthouselocarno.ch\/fr\/wp-json\/wp\/v2\/types\/product"}],"wp:featuredmedia":[{"embeddable":true,"href":"https:\/\/lighthouselocarno.ch\/fr\/wp-json\/wp\/v2\/media\/102151"}],"wp:attachment":[{"href":"https:\/\/lighthouselocarno.ch\/fr\/wp-json\/wp\/v2\/media?parent=120383"}],"wp:term":[{"taxonomy":"product_brand","embeddable":true,"href":"https:\/\/lighthouselocarno.ch\/fr\/wp-json\/wp\/v2\/product_brand?post=120383"},{"taxonomy":"product_cat","embeddable":true,"href":"https:\/\/lighthouselocarno.ch\/fr\/wp-json\/wp\/v2\/product_cat?post=120383"},{"taxonomy":"product_tag","embeddable":true,"href":"https:\/\/lighthouselocarno.ch\/fr\/wp-json\/wp\/v2\/product_tag?post=120383"}],"curies":[{"name":"wp","href":"https:\/\/api.w.org\/{rel}","templated":true}]}}