{"id":120510,"date":"2020-05-18T15:39:46","date_gmt":"2020-05-18T15:39:46","guid":{"rendered":"https:\/\/lighthouselocarno.ch\/prodotti\/audacieuse-triangle-chantal-thomass\/"},"modified":"2023-08-24T09:49:43","modified_gmt":"2023-08-24T09:49:43","slug":"bra-2","status":"publish","type":"product","link":"https:\/\/lighthouselocarno.ch\/fr\/produit\/bra-2\/","title":{"rendered":"AUDACIEUSE Triangle - Chantal Thomass"},"content":{"rendered":"<p>Soutien-gorge triangle, collection AUDACIEUSE - Chantal Thomass.<br \/>\nDouble bande \u00e9lastique avec insertion de tulle souple entre les deux.<br \/>\nDes bonnets souples formant un d\u00e9collet\u00e9 profond orn\u00e9 de n\u0153uds en satin sont \u00e9galement pr\u00e9sents pour d\u00e9corer les deux bretelles.<br \/>\n100% polyester.<br \/>\nCouleur : blanc.<\/p>\n","protected":false},"excerpt":{"rendered":"<p>Soutien-gorge triangle, collection AUDACIEUSE<br \/>\nChantal Thomass.<\/p>\n","protected":false},"featured_media":99628,"template":"","meta":{"_seopress_robots_primary_cat":"","_seopress_titles_title":"","_seopress_titles_desc":"","_seopress_robots_index":""},"product_brand":[],"product_cat":[4809,3780,3766],"product_tag":[4378,4377,4812],"class_list":{"0":"post-120510","1":"product","2":"type-product","3":"status-publish","4":"has-post-thumbnail","6":"product_cat-lingerie","7":"product_cat-mode-femme","8":"product_cat-vetements","9":"product_tag-lingerie-fr","10":"product_tag-soutien-gorge-chantal-thomass","11":"product_tag-soutien-gorge-triangle","13":"first","14":"instock","15":"shipping-taxable","16":"purchasable","17":"product-type-variable","18":"has-default-attributes"},"jetpack_sharing_enabled":true,"_links":{"self":[{"href":"https:\/\/lighthouselocarno.ch\/fr\/wp-json\/wp\/v2\/product\/120510","targetHints":{"allow":["GET"]}}],"collection":[{"href":"https:\/\/lighthouselocarno.ch\/fr\/wp-json\/wp\/v2\/product"}],"about":[{"href":"https:\/\/lighthouselocarno.ch\/fr\/wp-json\/wp\/v2\/types\/product"}],"wp:featuredmedia":[{"embeddable":true,"href":"https:\/\/lighthouselocarno.ch\/fr\/wp-json\/wp\/v2\/media\/99628"}],"wp:attachment":[{"href":"https:\/\/lighthouselocarno.ch\/fr\/wp-json\/wp\/v2\/media?parent=120510"}],"wp:term":[{"taxonomy":"product_brand","embeddable":true,"href":"https:\/\/lighthouselocarno.ch\/fr\/wp-json\/wp\/v2\/product_brand?post=120510"},{"taxonomy":"product_cat","embeddable":true,"href":"https:\/\/lighthouselocarno.ch\/fr\/wp-json\/wp\/v2\/product_cat?post=120510"},{"taxonomy":"product_tag","embeddable":true,"href":"https:\/\/lighthouselocarno.ch\/fr\/wp-json\/wp\/v2\/product_tag?post=120510"}],"curies":[{"name":"wp","href":"https:\/\/api.w.org\/{rel}","templated":true}]}}