{"id":120530,"date":"2022-01-23T17:42:18","date_gmt":"2022-01-23T17:42:18","guid":{"rendered":"https:\/\/lighthouselocarno.ch\/prodotti\/bouillotte-bijoux\/"},"modified":"2022-01-23T17:42:18","modified_gmt":"2022-01-23T17:42:18","slug":"bouillotte","status":"publish","type":"product","link":"https:\/\/lighthouselocarno.ch\/fr\/produit\/bouillotte\/","title":{"rendered":"Bouillotte Bijoux"},"content":{"rendered":"<p>Bouillotte \u00e9l\u00e9gante, \u00e9ponge douce, 100% coton.<br \/>\nLigne Bijoux Luna di Giorno.<\/p>\n","protected":false},"excerpt":{"rendered":"<p><b>Bouillotte<\/b> \u00e9l\u00e9gante 100% <b>coton<\/b> \u00e9ponge doux. <b>Fabriqu\u00e9 en Italie. <\/b>Collections Moon Day.<\/p>\n","protected":false},"featured_media":99889,"template":"","meta":{"_seopress_robots_primary_cat":"61","_seopress_titles_title":"","_seopress_titles_desc":"","_seopress_robots_index":""},"product_brand":[],"product_cat":[3756],"product_tag":[4825,4826,4823,4822,4455],"class_list":{"0":"post-120530","1":"product","2":"type-product","3":"status-publish","4":"has-post-thumbnail","6":"product_cat-vente","7":"product_tag-bain","8":"product_tag-bouillotte-fr","9":"product_tag-salle-de-bains","10":"product_tag-se-detendre","11":"product_tag-spa-fr","13":"first","14":"outofstock","15":"sale","16":"shipping-taxable","17":"purchasable","18":"product-type-variable","19":"has-default-attributes"},"jetpack_sharing_enabled":true,"_links":{"self":[{"href":"https:\/\/lighthouselocarno.ch\/fr\/wp-json\/wp\/v2\/product\/120530","targetHints":{"allow":["GET"]}}],"collection":[{"href":"https:\/\/lighthouselocarno.ch\/fr\/wp-json\/wp\/v2\/product"}],"about":[{"href":"https:\/\/lighthouselocarno.ch\/fr\/wp-json\/wp\/v2\/types\/product"}],"wp:featuredmedia":[{"embeddable":true,"href":"https:\/\/lighthouselocarno.ch\/fr\/wp-json\/wp\/v2\/media\/99889"}],"wp:attachment":[{"href":"https:\/\/lighthouselocarno.ch\/fr\/wp-json\/wp\/v2\/media?parent=120530"}],"wp:term":[{"taxonomy":"product_brand","embeddable":true,"href":"https:\/\/lighthouselocarno.ch\/fr\/wp-json\/wp\/v2\/product_brand?post=120530"},{"taxonomy":"product_cat","embeddable":true,"href":"https:\/\/lighthouselocarno.ch\/fr\/wp-json\/wp\/v2\/product_cat?post=120530"},{"taxonomy":"product_tag","embeddable":true,"href":"https:\/\/lighthouselocarno.ch\/fr\/wp-json\/wp\/v2\/product_tag?post=120530"}],"curies":[{"name":"wp","href":"https:\/\/api.w.org\/{rel}","templated":true}]}}