{"id":120536,"date":"2019-12-02T20:48:29","date_gmt":"2019-12-02T20:48:29","guid":{"rendered":"https:\/\/lighthouselocarno.ch\/prodotti\/pantoufles-en-cuir-elegantes\/"},"modified":"2025-12-23T23:25:47","modified_gmt":"2025-12-23T23:25:47","slug":"pantoufles-elegantes-en-cuir-pour-la-maison","status":"publish","type":"product","link":"https:\/\/lighthouselocarno.ch\/fr\/produit\/pantoufles-elegantes-en-cuir-pour-la-maison\/","title":{"rendered":"Pantoufles en cuir \u00e9l\u00e9gantes"},"content":{"rendered":"<p>Tr\u00e8s douce <b>pantoufle d&rsquo;int\u00e9rieur 100 % cuir de veau<\/b> Couleur Argent.<\/p>\n","protected":false},"excerpt":{"rendered":"<p><b>\u00c9l\u00e9gantes pantoufles d&rsquo;int\u00e9rieur fabriqu\u00e9es \u00e0 100 % en cuir v\u00e9ritable<\/b>. Couleur argent.<\/p>\n<p>Semelle rembourr\u00e9e et renforc\u00e9e. Id\u00e9al \u00e9galement pour le yoga.<\/p>\n","protected":false},"featured_media":99916,"template":"","meta":{"_seopress_robots_primary_cat":"none","_seopress_titles_title":"","_seopress_titles_desc":"","_seopress_robots_index":""},"product_brand":[],"product_cat":[4349,3896,3780],"product_tag":[4487,4824,4564,4459],"class_list":{"0":"post-120536","1":"product","2":"type-product","3":"status-publish","4":"has-post-thumbnail","6":"product_cat-chaussures","7":"product_cat-chaussures-et-accessoires","8":"product_cat-mode-femme","9":"product_tag-bagllerina-fr","10":"product_tag-cocon","11":"product_tag-danseur","12":"product_tag-danseurs","14":"first","15":"instock","16":"shipping-taxable","17":"purchasable","18":"product-type-variable","19":"has-default-attributes"},"jetpack_sharing_enabled":true,"_links":{"self":[{"href":"https:\/\/lighthouselocarno.ch\/fr\/wp-json\/wp\/v2\/product\/120536","targetHints":{"allow":["GET"]}}],"collection":[{"href":"https:\/\/lighthouselocarno.ch\/fr\/wp-json\/wp\/v2\/product"}],"about":[{"href":"https:\/\/lighthouselocarno.ch\/fr\/wp-json\/wp\/v2\/types\/product"}],"wp:featuredmedia":[{"embeddable":true,"href":"https:\/\/lighthouselocarno.ch\/fr\/wp-json\/wp\/v2\/media\/99916"}],"wp:attachment":[{"href":"https:\/\/lighthouselocarno.ch\/fr\/wp-json\/wp\/v2\/media?parent=120536"}],"wp:term":[{"taxonomy":"product_brand","embeddable":true,"href":"https:\/\/lighthouselocarno.ch\/fr\/wp-json\/wp\/v2\/product_brand?post=120536"},{"taxonomy":"product_cat","embeddable":true,"href":"https:\/\/lighthouselocarno.ch\/fr\/wp-json\/wp\/v2\/product_cat?post=120536"},{"taxonomy":"product_tag","embeddable":true,"href":"https:\/\/lighthouselocarno.ch\/fr\/wp-json\/wp\/v2\/product_tag?post=120536"}],"curies":[{"name":"wp","href":"https:\/\/api.w.org\/{rel}","templated":true}]}}