{"id":120636,"date":"2019-11-20T18:26:10","date_gmt":"2019-11-20T18:26:10","guid":{"rendered":"https:\/\/lighthouselocarno.ch\/prodotti\/porte-dentelle-geometrique-avec-pendentifs\/"},"modified":"2023-07-05T15:08:38","modified_gmt":"2023-07-05T15:08:38","slug":"support-avec-courbe-art-pure","status":"publish","type":"product","link":"https:\/\/lighthouselocarno.ch\/fr\/produit\/support-avec-courbe-art-pure\/","title":{"rendered":"Porte-dentelle g\u00e9om\u00e9trique avec pendentifs"},"content":{"rendered":"<p>CONSEILS DE BEAUT\u00c9<\/p>\n<p>WASH<br \/>\nLavable en machine \u00e0 30-40 degr\u00e9s.<br \/>\nTous les v\u00eatements Arte Pura sont teints \u00e0 la main avec des pigments min\u00e9raux naturels.<br \/>\nIl est possible qu&rsquo;ils perdent un peu de leur couleur lors des premiers lavages, ce qui donne une teinte vintage propre \u00e0 cette marque.<br \/>\nLorsque vous lavez des v\u00eatements aux couleurs anciennes, je vous recommande vivement d&rsquo;ajouter 1 kg de sel de mer dans la machine \u00e0 laver pendant les 3 \u00e0 4 premiers lavages afin de bien fixer les couleurs.<\/p>\n<p>Les pigments utilis\u00e9s pour la coloration sont tous d&rsquo;origine min\u00e9rale naturelle.<br \/>\nLes couleurs sont m\u00e9lang\u00e9es dans des bains sp\u00e9ciaux o\u00f9 les v\u00eatements sont teints un par un.<\/p>\n<p>Ne pas repasser<\/p>\n<p>Ne pas javelliser<\/p>\n","protected":false},"excerpt":{"rendered":"<p>Magnifique porte-pain en dentelle g\u00e9om\u00e9trique brod\u00e9e sur organza, orn\u00e9 d&rsquo;un pendentif romantique.<br \/>\nUtilisez-le pour tenir le pain sur la table, les petits objets ou comme vide-poche pratique.<\/p>\n<p>Disponible en plusieurs couleurs dans la boutique.<\/p>\n<p>Disponible sur commande dans un d\u00e9lai de 4 \u00e0 6 semaines dans toutes les autres couleurs.<\/p>\n<p>&nbsp;<\/p>\n","protected":false},"featured_media":99814,"template":"","meta":{"_seopress_robots_primary_cat":"79","_seopress_titles_title":"","_seopress_titles_desc":"","_seopress_robots_index":""},"product_brand":[],"product_cat":[6122,3958,3747],"product_tag":[3839,4419,4414],"class_list":{"0":"post-120636","1":"product","2":"type-product","3":"status-publish","4":"has-post-thumbnail","6":"product_cat-accessoires","7":"product_cat-cuisine","8":"product_cat-decoration-interieure","9":"product_tag-art-pur","10":"product_tag-boite-a-pain","11":"product_tag-titulaire","12":"pa_colore-blanc-019","14":"first","15":"instock","16":"shipping-taxable","17":"purchasable","18":"product-type-variable"},"jetpack_sharing_enabled":true,"_links":{"self":[{"href":"https:\/\/lighthouselocarno.ch\/fr\/wp-json\/wp\/v2\/product\/120636","targetHints":{"allow":["GET"]}}],"collection":[{"href":"https:\/\/lighthouselocarno.ch\/fr\/wp-json\/wp\/v2\/product"}],"about":[{"href":"https:\/\/lighthouselocarno.ch\/fr\/wp-json\/wp\/v2\/types\/product"}],"wp:featuredmedia":[{"embeddable":true,"href":"https:\/\/lighthouselocarno.ch\/fr\/wp-json\/wp\/v2\/media\/99814"}],"wp:attachment":[{"href":"https:\/\/lighthouselocarno.ch\/fr\/wp-json\/wp\/v2\/media?parent=120636"}],"wp:term":[{"taxonomy":"product_brand","embeddable":true,"href":"https:\/\/lighthouselocarno.ch\/fr\/wp-json\/wp\/v2\/product_brand?post=120636"},{"taxonomy":"product_cat","embeddable":true,"href":"https:\/\/lighthouselocarno.ch\/fr\/wp-json\/wp\/v2\/product_cat?post=120636"},{"taxonomy":"product_tag","embeddable":true,"href":"https:\/\/lighthouselocarno.ch\/fr\/wp-json\/wp\/v2\/product_tag?post=120636"}],"curies":[{"name":"wp","href":"https:\/\/api.w.org\/{rel}","templated":true}]}}