{"id":120672,"date":"2020-01-05T14:33:02","date_gmt":"2020-01-05T14:33:02","guid":{"rendered":"https:\/\/lighthouselocarno.ch\/prodotti\/table-de-chevet-alfieri\/"},"modified":"2023-07-05T14:59:34","modified_gmt":"2023-07-05T14:59:34","slug":"table-de-chevet-alphers-art-pure","status":"publish","type":"product","link":"https:\/\/lighthouselocarno.ch\/fr\/produit\/table-de-chevet-alphers-art-pure\/","title":{"rendered":"Table de chevet Alfieri"},"content":{"rendered":"<p>Table de chevet Shabbychic Arte Pura.<br \/>\nFabriqu\u00e9 \u00e0 la main, livr\u00e9 assembl\u00e9.<br \/>\nBois : peuplier multicouche.<br \/>\nCouleur blanc antique, acrylique.<br \/>\nEquip\u00e9 de 4 roues, 2 \u00e9tag\u00e8res, 1 plateau coulissant, 1 tiroir.<br \/>\nDimensions : 54.5x 25&#215;62 CM<br \/>\nPoids : 9 kg<br \/>\nD\u00e9lai de livraison : environ 3 semaines.<\/p>\n","protected":false},"excerpt":{"rendered":"<p>Superbe table de chevet de style shabbychic de la collection Dress our Space d&rsquo;Arte Pura.<br \/>\nEnti\u00e8rement fabriqu\u00e9 \u00e0 la main en Italie, il est dot\u00e9 de 4 roues qui vous permettent de le d\u00e9placer facilement partout o\u00f9 vous souhaitez disposer de ce meuble polyvalent.<br \/>\nOutre sa polyvalence, il est dot\u00e9 d&rsquo;un plateau rectangulaire \u00e0 bords hauts qui permet de servir le petit-d\u00e9jeuner au lit en toute s\u00e9curit\u00e9.<br \/>\nUn tiroir \u00e0 bijoux compl\u00e8te cette petite \u0153uvre d&rsquo;art de l&rsquo;artisanat italien.<br \/>\nLa table de chevet est livr\u00e9e assembl\u00e9e et imm\u00e9diatement pr\u00eate \u00e0 l&#8217;emploi.<\/p>\n<p>Bois : peuplier multicouche.<br \/>\nCouleur blanc antique, acrylique.<\/p>\n","protected":false},"featured_media":99985,"template":"","meta":{"_seopress_robots_primary_cat":"","_seopress_titles_title":"","_seopress_titles_desc":"","_seopress_robots_index":""},"product_brand":[],"product_cat":[3747,4109],"product_tag":[4861,4863,4865],"class_list":{"0":"post-120672","1":"product","2":"type-product","3":"status-publish","4":"has-post-thumbnail","6":"product_cat-decoration-interieure","7":"product_cat-mobilier","8":"product_tag-table-de-chevet-blanche","9":"product_tag-table-de-chevet-en-bois-faite-a-la-main","10":"product_tag-table-de-chevet-shabby","12":"first","13":"instock","14":"shipping-taxable","15":"purchasable","16":"product-type-simple"},"jetpack_sharing_enabled":true,"_links":{"self":[{"href":"https:\/\/lighthouselocarno.ch\/fr\/wp-json\/wp\/v2\/product\/120672","targetHints":{"allow":["GET"]}}],"collection":[{"href":"https:\/\/lighthouselocarno.ch\/fr\/wp-json\/wp\/v2\/product"}],"about":[{"href":"https:\/\/lighthouselocarno.ch\/fr\/wp-json\/wp\/v2\/types\/product"}],"wp:featuredmedia":[{"embeddable":true,"href":"https:\/\/lighthouselocarno.ch\/fr\/wp-json\/wp\/v2\/media\/99985"}],"wp:attachment":[{"href":"https:\/\/lighthouselocarno.ch\/fr\/wp-json\/wp\/v2\/media?parent=120672"}],"wp:term":[{"taxonomy":"product_brand","embeddable":true,"href":"https:\/\/lighthouselocarno.ch\/fr\/wp-json\/wp\/v2\/product_brand?post=120672"},{"taxonomy":"product_cat","embeddable":true,"href":"https:\/\/lighthouselocarno.ch\/fr\/wp-json\/wp\/v2\/product_cat?post=120672"},{"taxonomy":"product_tag","embeddable":true,"href":"https:\/\/lighthouselocarno.ch\/fr\/wp-json\/wp\/v2\/product_tag?post=120672"}],"curies":[{"name":"wp","href":"https:\/\/api.w.org\/{rel}","templated":true}]}}