{"id":120680,"date":"2020-01-22T18:05:34","date_gmt":"2020-01-22T18:05:34","guid":{"rendered":"https:\/\/lighthouselocarno.ch\/prodotti\/porte-manteau-raffaello\/"},"modified":"2023-08-18T07:56:03","modified_gmt":"2023-08-18T07:56:03","slug":"cintre-raffaello-by-art-pura","status":"publish","type":"product","link":"https:\/\/lighthouselocarno.ch\/fr\/produit\/cintre-raffaello-by-art-pura\/","title":{"rendered":"Porte-manteau Raffaello"},"content":{"rendered":"<p>Porte-manteau Raffaello par Arte Pura.<br \/>\nTr\u00e8s beau, pratique et maniable. L\u00e9ger \u00e0 d\u00e9placer m\u00eame pour une femme car il est mont\u00e9 sur 4 roues.<br \/>\nDeux \u00e9tag\u00e8res, dont l&rsquo;une sert de porte-chapeaux, et une tringle de suspension en m\u00e9tal tr\u00e8s solide.<br \/>\nBois multicouche de sapin et de peuplier.<br \/>\nCouleur acrylique antique blanche.<br \/>\nAssembl\u00e9s et peints \u00e0 la main.<br \/>\nSur commande uniquement.<br \/>\nD\u00e9lai de livraison : environ 3 semaines<\/p>\n","protected":false},"excerpt":{"rendered":"<p>Porte-manteau de style shabbychic, collection Arte Pura.<br \/>\n\u00c9quip\u00e9 de 4 roues, il est facile et l\u00e9ger \u00e0 d\u00e9placer !<br \/>\nDeux \u00e9tag\u00e8res et une barre de suspension en m\u00e9tal solide.<br \/>\nCouleur acrylique antique blanche.<\/p>\n","protected":false},"featured_media":99991,"template":"","meta":{"_seopress_robots_primary_cat":"","_seopress_titles_title":"","_seopress_titles_desc":"","_seopress_robots_index":""},"product_brand":[],"product_cat":[3747,4040,4109,7200],"product_tag":[3839,4872,4873],"class_list":{"0":"post-120680","1":"product","2":"type-product","3":"status-publish","4":"has-post-thumbnail","6":"product_cat-decoration-interieure","7":"product_cat-decorations-fr","8":"product_cat-mobilier","9":"product_cat-porte-manteaux","10":"product_tag-art-pur","11":"product_tag-porte-manteau","12":"product_tag-porte-manteau-shabbychic","14":"first","15":"instock","16":"shipping-taxable","17":"purchasable","18":"product-type-variable"},"jetpack_sharing_enabled":true,"_links":{"self":[{"href":"https:\/\/lighthouselocarno.ch\/fr\/wp-json\/wp\/v2\/product\/120680","targetHints":{"allow":["GET"]}}],"collection":[{"href":"https:\/\/lighthouselocarno.ch\/fr\/wp-json\/wp\/v2\/product"}],"about":[{"href":"https:\/\/lighthouselocarno.ch\/fr\/wp-json\/wp\/v2\/types\/product"}],"wp:featuredmedia":[{"embeddable":true,"href":"https:\/\/lighthouselocarno.ch\/fr\/wp-json\/wp\/v2\/media\/99991"}],"wp:attachment":[{"href":"https:\/\/lighthouselocarno.ch\/fr\/wp-json\/wp\/v2\/media?parent=120680"}],"wp:term":[{"taxonomy":"product_brand","embeddable":true,"href":"https:\/\/lighthouselocarno.ch\/fr\/wp-json\/wp\/v2\/product_brand?post=120680"},{"taxonomy":"product_cat","embeddable":true,"href":"https:\/\/lighthouselocarno.ch\/fr\/wp-json\/wp\/v2\/product_cat?post=120680"},{"taxonomy":"product_tag","embeddable":true,"href":"https:\/\/lighthouselocarno.ch\/fr\/wp-json\/wp\/v2\/product_tag?post=120680"}],"curies":[{"name":"wp","href":"https:\/\/api.w.org\/{rel}","templated":true}]}}