{"id":120688,"date":"2020-01-31T19:05:47","date_gmt":"2020-01-31T19:05:47","guid":{"rendered":"https:\/\/lighthouselocarno.ch\/prodotti\/caftan-en-lin-avec-fond-brode\/"},"modified":"2023-07-05T15:08:36","modified_gmt":"2023-07-05T15:08:36","slug":"caftan-en-linen-avec-fond-brode","status":"publish","type":"product","link":"https:\/\/lighthouselocarno.ch\/fr\/produit\/caftan-en-linen-avec-fond-brode\/","title":{"rendered":"Caftan en lin avec fond brod\u00e9"},"content":{"rendered":"<p>TOP SELLER<br \/>\nMagnifique <b>caftan<\/b>, fond brod\u00e9, boutons orn\u00e9s de pierres Swarovski.<br \/>\nManches longues avec attaches lat\u00e9rales.<br \/>\nTissu : 100 % lin lourd.<br \/>\nDentelle : 100% coton<\/p>\n","protected":false},"excerpt":{"rendered":"<p>TOP SELLER<br \/>\n<b>Caftan en lin \u00e9pais. Manches longues avec cordons de serrage  <\/b>pour r\u00e9gler la longueur. Le bas est orn\u00e9 d&rsquo;une \u00e9l\u00e9gante broderie en pur coton. Col rond. L&rsquo;ouverture sur le devant est ferm\u00e9e par d&rsquo;\u00e9l\u00e9gants boutons orn\u00e9s de bijoux Swarovski.<\/p>\n","protected":false},"featured_media":100021,"template":"","meta":{"_seopress_robots_primary_cat":"","_seopress_titles_title":"","_seopress_titles_desc":"","_seopress_robots_index":""},"product_brand":[],"product_cat":[3780,3773,3766],"product_tag":[3839,3975,4877,4875],"class_list":{"0":"post-120688","1":"product","2":"type-product","3":"status-publish","4":"has-post-thumbnail","6":"product_cat-mode-femme","7":"product_cat-robes","8":"product_cat-vetements","9":"product_tag-art-pur","10":"product_tag-caftan-fr","11":"product_tag-caftan-en-lin","12":"product_tag-daniela-dallavalle-fr","14":"first","15":"instock","16":"shipping-taxable","17":"purchasable","18":"product-type-variable"},"jetpack_sharing_enabled":true,"_links":{"self":[{"href":"https:\/\/lighthouselocarno.ch\/fr\/wp-json\/wp\/v2\/product\/120688","targetHints":{"allow":["GET"]}}],"collection":[{"href":"https:\/\/lighthouselocarno.ch\/fr\/wp-json\/wp\/v2\/product"}],"about":[{"href":"https:\/\/lighthouselocarno.ch\/fr\/wp-json\/wp\/v2\/types\/product"}],"wp:featuredmedia":[{"embeddable":true,"href":"https:\/\/lighthouselocarno.ch\/fr\/wp-json\/wp\/v2\/media\/100021"}],"wp:attachment":[{"href":"https:\/\/lighthouselocarno.ch\/fr\/wp-json\/wp\/v2\/media?parent=120688"}],"wp:term":[{"taxonomy":"product_brand","embeddable":true,"href":"https:\/\/lighthouselocarno.ch\/fr\/wp-json\/wp\/v2\/product_brand?post=120688"},{"taxonomy":"product_cat","embeddable":true,"href":"https:\/\/lighthouselocarno.ch\/fr\/wp-json\/wp\/v2\/product_cat?post=120688"},{"taxonomy":"product_tag","embeddable":true,"href":"https:\/\/lighthouselocarno.ch\/fr\/wp-json\/wp\/v2\/product_tag?post=120688"}],"curies":[{"name":"wp","href":"https:\/\/api.w.org\/{rel}","templated":true}]}}