{"id":120738,"date":"2022-05-07T12:46:18","date_gmt":"2022-05-07T12:46:18","guid":{"rendered":"https:\/\/lighthouselocarno.ch\/prodotti\/petit-porte-bonheur-avec-demi-perles-retro-900\/"},"modified":"2023-09-01T15:41:16","modified_gmt":"2023-09-01T15:41:16","slug":"porte-petits-petits-petits-petits-petits-petits-petits-petits-petits-petits-petits-petits-retro-900","status":"publish","type":"product","link":"https:\/\/lighthouselocarno.ch\/fr\/produit\/porte-petits-petits-petits-petits-petits-petits-petits-petits-petits-petits-petits-petits-retro-900\/","title":{"rendered":"Petit porte-bonheur avec demi-perles - Retro 900"},"content":{"rendered":"<p>Petit support blanc naturel en coton durci. D\u00e9cor\u00e9 d&rsquo;applications de demi-perles. En bas, insert avec logo Arte Pura brod\u00e9. Diam\u00e8tre 12 cm, hauteur 10 cm.<\/p>\n","protected":false},"excerpt":{"rendered":"<p>Petit support blanc naturel en coton durci. D\u00e9cor\u00e9 d&rsquo;applications de demi-perles. En bas, insert avec logo Arte Pura brod\u00e9. Diam\u00e8tre 12 cm, hauteur 10 cm.<\/p>\n","protected":false},"featured_media":106180,"template":"","meta":{"_seopress_robots_primary_cat":"","_seopress_titles_title":"","_seopress_titles_desc":"","_seopress_robots_index":""},"product_brand":[],"product_cat":[6122,3747,4066,7314],"product_tag":[],"class_list":{"0":"post-120738","1":"product","2":"type-product","3":"status-publish","4":"has-post-thumbnail","6":"product_cat-accessoires","7":"product_cat-decoration-interieure","8":"product_cat-non-classe","9":"product_cat-porte-objets","11":"first","12":"instock","13":"shipping-taxable","14":"purchasable","15":"product-type-simple"},"jetpack_sharing_enabled":true,"_links":{"self":[{"href":"https:\/\/lighthouselocarno.ch\/fr\/wp-json\/wp\/v2\/product\/120738","targetHints":{"allow":["GET"]}}],"collection":[{"href":"https:\/\/lighthouselocarno.ch\/fr\/wp-json\/wp\/v2\/product"}],"about":[{"href":"https:\/\/lighthouselocarno.ch\/fr\/wp-json\/wp\/v2\/types\/product"}],"wp:featuredmedia":[{"embeddable":true,"href":"https:\/\/lighthouselocarno.ch\/fr\/wp-json\/wp\/v2\/media\/106180"}],"wp:attachment":[{"href":"https:\/\/lighthouselocarno.ch\/fr\/wp-json\/wp\/v2\/media?parent=120738"}],"wp:term":[{"taxonomy":"product_brand","embeddable":true,"href":"https:\/\/lighthouselocarno.ch\/fr\/wp-json\/wp\/v2\/product_brand?post=120738"},{"taxonomy":"product_cat","embeddable":true,"href":"https:\/\/lighthouselocarno.ch\/fr\/wp-json\/wp\/v2\/product_cat?post=120738"},{"taxonomy":"product_tag","embeddable":true,"href":"https:\/\/lighthouselocarno.ch\/fr\/wp-json\/wp\/v2\/product_tag?post=120738"}],"curies":[{"name":"wp","href":"https:\/\/api.w.org\/{rel}","templated":true}]}}