{"id":120739,"date":"2021-07-06T10:56:21","date_gmt":"2021-07-06T10:56:21","guid":{"rendered":"https:\/\/lighthouselocarno.ch\/prodotti\/bougie-torche-avec-dentelle-elegante\/"},"modified":"2023-08-29T16:12:00","modified_gmt":"2023-08-29T16:12:00","slug":"bougie-un-torche-avec-lace-art-pure","status":"publish","type":"product","link":"https:\/\/lighthouselocarno.ch\/fr\/produit\/bougie-un-torche-avec-lace-art-pure\/","title":{"rendered":"Bougie torche avec dentelle \u00e9l\u00e9gante"},"content":{"rendered":"","protected":false},"excerpt":{"rendered":"<p>Bougie torche avec dentelle \u00e9l\u00e9gante par ARTE PURA.<br \/>\nBougie d&rsquo;int\u00e9rieur d\u00e9licieusement parfum\u00e9e, coul\u00e9e \u00e0 la main en dentelle.<\/p>\n<p>Produit artisanal fabriqu\u00e9 en Italie, pour un d\u00e9cor \u00e0 la fois romantique et distingu\u00e9.<\/p>\n<p>Id\u00e9al comme id\u00e9e de cadeau pour toute occasion.<\/p>\n<p>Bougie artisanale de la ligne Arte Pura de Daniela Dallavalle.<\/p>\n","protected":false},"featured_media":102088,"template":"","meta":{"_seopress_robots_primary_cat":"","_seopress_titles_title":"","_seopress_titles_desc":"","_seopress_robots_index":""},"product_brand":[],"product_cat":[4268,4267,3747,4040],"product_tag":[4271],"class_list":{"0":"post-120739","1":"product","2":"type-product","3":"status-publish","4":"has-post-thumbnail","6":"product_cat-bougies","7":"product_cat-bougies-et-parfums","8":"product_cat-decoration-interieure","9":"product_cat-decorations-fr","10":"product_tag-bougie-artisanale","12":"first","13":"instock","14":"shipping-taxable","15":"product-type-variable"},"jetpack_sharing_enabled":true,"_links":{"self":[{"href":"https:\/\/lighthouselocarno.ch\/fr\/wp-json\/wp\/v2\/product\/120739","targetHints":{"allow":["GET"]}}],"collection":[{"href":"https:\/\/lighthouselocarno.ch\/fr\/wp-json\/wp\/v2\/product"}],"about":[{"href":"https:\/\/lighthouselocarno.ch\/fr\/wp-json\/wp\/v2\/types\/product"}],"wp:featuredmedia":[{"embeddable":true,"href":"https:\/\/lighthouselocarno.ch\/fr\/wp-json\/wp\/v2\/media\/102088"}],"wp:attachment":[{"href":"https:\/\/lighthouselocarno.ch\/fr\/wp-json\/wp\/v2\/media?parent=120739"}],"wp:term":[{"taxonomy":"product_brand","embeddable":true,"href":"https:\/\/lighthouselocarno.ch\/fr\/wp-json\/wp\/v2\/product_brand?post=120739"},{"taxonomy":"product_cat","embeddable":true,"href":"https:\/\/lighthouselocarno.ch\/fr\/wp-json\/wp\/v2\/product_cat?post=120739"},{"taxonomy":"product_tag","embeddable":true,"href":"https:\/\/lighthouselocarno.ch\/fr\/wp-json\/wp\/v2\/product_tag?post=120739"}],"curies":[{"name":"wp","href":"https:\/\/api.w.org\/{rel}","templated":true}]}}