{"id":120742,"date":"2021-02-13T16:05:35","date_gmt":"2021-02-13T16:05:35","guid":{"rendered":"https:\/\/lighthouselocarno.ch\/prodotti\/pinceau-a-coeur\/"},"modified":"2021-02-13T16:05:35","modified_gmt":"2021-02-13T16:05:35","slug":"coeur-brosse","status":"publish","type":"product","link":"https:\/\/lighthouselocarno.ch\/fr\/produit\/coeur-brosse\/","title":{"rendered":"Pinceau \u00e0 c\u0153ur"},"content":{"rendered":"<p>Brosse \u00e0 ongles en forme de c\u0153ur en bois et en poils naturels.<\/p>\n","protected":false},"excerpt":{"rendered":"<p>Brosse romantique pour l&rsquo;hygi\u00e8ne des mains et des ongles.<br \/>\nBois et poils naturels.<br \/>\nDimensions 5x5x0.5cm<\/p>\n","protected":false},"featured_media":101584,"template":"","meta":{"_seopress_robots_primary_cat":"","_seopress_titles_title":"","_seopress_titles_desc":"","_seopress_robots_index":""},"product_brand":[],"product_cat":[3747,4040,3883],"product_tag":[4897,4894],"class_list":{"0":"post-120742","1":"product","2":"type-product","3":"status-publish","4":"has-post-thumbnail","6":"product_cat-decoration-interieure","7":"product_cat-decorations-fr","8":"product_cat-salle-de-bains","9":"product_tag-brosse-a-ongles","10":"product_tag-pinceau-a-coeur","12":"first","13":"onbackorder","14":"shipping-taxable","15":"purchasable","16":"product-type-simple"},"jetpack_sharing_enabled":true,"_links":{"self":[{"href":"https:\/\/lighthouselocarno.ch\/fr\/wp-json\/wp\/v2\/product\/120742","targetHints":{"allow":["GET"]}}],"collection":[{"href":"https:\/\/lighthouselocarno.ch\/fr\/wp-json\/wp\/v2\/product"}],"about":[{"href":"https:\/\/lighthouselocarno.ch\/fr\/wp-json\/wp\/v2\/types\/product"}],"wp:featuredmedia":[{"embeddable":true,"href":"https:\/\/lighthouselocarno.ch\/fr\/wp-json\/wp\/v2\/media\/101584"}],"wp:attachment":[{"href":"https:\/\/lighthouselocarno.ch\/fr\/wp-json\/wp\/v2\/media?parent=120742"}],"wp:term":[{"taxonomy":"product_brand","embeddable":true,"href":"https:\/\/lighthouselocarno.ch\/fr\/wp-json\/wp\/v2\/product_brand?post=120742"},{"taxonomy":"product_cat","embeddable":true,"href":"https:\/\/lighthouselocarno.ch\/fr\/wp-json\/wp\/v2\/product_cat?post=120742"},{"taxonomy":"product_tag","embeddable":true,"href":"https:\/\/lighthouselocarno.ch\/fr\/wp-json\/wp\/v2\/product_tag?post=120742"}],"curies":[{"name":"wp","href":"https:\/\/api.w.org\/{rel}","templated":true}]}}