{"id":120890,"date":"2023-02-15T12:46:27","date_gmt":"2023-02-15T12:46:27","guid":{"rendered":"https:\/\/lighthouselocarno.ch\/prodotti\/cube-a-bougie-petit-avec-dentelle-rose\/"},"modified":"2023-06-30T05:23:28","modified_gmt":"2023-06-30T05:23:28","slug":"bougie-petit-cube-avec-lace-rose-2","status":"publish","type":"product","link":"https:\/\/lighthouselocarno.ch\/fr\/produit\/bougie-petit-cube-avec-lace-rose-2\/","title":{"rendered":"Cube \u00e0 bougie petit avec dentelle Rose"},"content":{"rendered":"","protected":false},"excerpt":{"rendered":"<p><strong>Bougie blanche coul\u00e9e \u00e0 la main<\/strong> en forme de petit cube, <strong>d\u00e9cor\u00e9e de dentelle de<\/strong> rose. L\u00e9g\u00e8rement <strong>parfum\u00e9<\/strong> \u00e0 l&rsquo;essence de lin. 1,3 kg. 60H de lumi\u00e8re. Fabriqu\u00e9 \u00e0 la main. Fabriqu\u00e9 en Italie.<\/p>\n","protected":false},"featured_media":106183,"template":"","meta":{"_seopress_robots_primary_cat":"","_seopress_titles_title":"","_seopress_titles_desc":"","_seopress_robots_index":""},"product_brand":[],"product_cat":[4268,7125,3747],"product_tag":[4794,4911,4274,4907,4909,4908,4910],"class_list":{"0":"post-120890","1":"product","2":"type-product","3":"status-publish","4":"has-post-thumbnail","6":"product_cat-bougies","7":"product_cat-bougies-fr","8":"product_cat-decoration-interieure","9":"product_tag-bougie-fr","10":"product_tag-bougie-dart-pur","11":"product_tag-bougie-parfumee","12":"product_tag-bougie-parfumee-avec-dentelle","13":"product_tag-bougie-parfumee-decoree-de-dentelle-fr-2","14":"product_tag-bougie-parfumee-decoree-de-dentelle-fr","15":"product_tag-duftkerze-mit-spitze-verziert-fr","17":"first","18":"instock","19":"shipping-taxable","20":"purchasable","21":"product-type-simple"},"jetpack_sharing_enabled":true,"_links":{"self":[{"href":"https:\/\/lighthouselocarno.ch\/fr\/wp-json\/wp\/v2\/product\/120890","targetHints":{"allow":["GET"]}}],"collection":[{"href":"https:\/\/lighthouselocarno.ch\/fr\/wp-json\/wp\/v2\/product"}],"about":[{"href":"https:\/\/lighthouselocarno.ch\/fr\/wp-json\/wp\/v2\/types\/product"}],"wp:featuredmedia":[{"embeddable":true,"href":"https:\/\/lighthouselocarno.ch\/fr\/wp-json\/wp\/v2\/media\/106183"}],"wp:attachment":[{"href":"https:\/\/lighthouselocarno.ch\/fr\/wp-json\/wp\/v2\/media?parent=120890"}],"wp:term":[{"taxonomy":"product_brand","embeddable":true,"href":"https:\/\/lighthouselocarno.ch\/fr\/wp-json\/wp\/v2\/product_brand?post=120890"},{"taxonomy":"product_cat","embeddable":true,"href":"https:\/\/lighthouselocarno.ch\/fr\/wp-json\/wp\/v2\/product_cat?post=120890"},{"taxonomy":"product_tag","embeddable":true,"href":"https:\/\/lighthouselocarno.ch\/fr\/wp-json\/wp\/v2\/product_tag?post=120890"}],"curies":[{"name":"wp","href":"https:\/\/api.w.org\/{rel}","templated":true}]}}