{"id":121007,"date":"2021-07-30T17:23:27","date_gmt":"2021-07-30T17:23:27","guid":{"rendered":"https:\/\/lighthouselocarno.ch\/prodotti\/agoya-130x180-cm-nappe-sectionnelle-en-lin-avec-boutons\/"},"modified":"2023-08-19T13:50:35","modified_gmt":"2023-08-19T13:50:35","slug":"nappe-linen-composable-avec-boutons-agoya-130x180-cm-art-pure","status":"publish","type":"product","link":"https:\/\/lighthouselocarno.ch\/fr\/produit\/nappe-linen-composable-avec-boutons-agoya-130x180-cm-art-pure\/","title":{"rendered":"Agoya 130&#215;180 cm nappe sectionnelle en lin avec boutons"},"content":{"rendered":"","protected":false},"excerpt":{"rendered":"<p>Nappe en lin lourd boutonn\u00e9 Agoya. Cette magnifique nappe pour tables longues s&rsquo;adapte \u00e0 tout type de table.<\/p>\n<p>Les boutons permettent d&rsquo;assembler plusieurs pi\u00e8ces, m\u00eame de couleurs diff\u00e9rentes, et d&rsquo;allonger la table selon les besoins.<\/p>\n<p>Dimensions : 130&#215;180<\/p>\n<p>Tissu : 100% pur lin italien<\/p>\n<p>Disponible dans la boutique dans les couleurs White et Veronica<\/p>\n<p>Disponible, sur commande, dans un d\u00e9lai de 4 \u00e0 6 semaines dans toutes les autres couleurs.<\/p>\n<p>WASH<br \/>\nLavable en machine \u00e0 30-40 degr\u00e9s.<br \/>\nTous les v\u00eatements Arte Pura sont teints \u00e0 la main dans des couleurs naturelles.<br \/>\nIl est possible qu&rsquo;ils perdent un peu de leur couleur lors des premiers lavages, ce qui donne une teinte vintage propre \u00e0 cette marque.<br \/>\nLorsque vous lavez des v\u00eatements aux couleurs anciennes, je vous recommande vivement d&rsquo;ajouter 1 kg de sel de mer dans la machine \u00e0 laver pendant les 3 \u00e0 4 premiers lavages afin de bien fixer les couleurs.<\/p>\n<div>Les pigments utilis\u00e9s pour la coloration sont tous d&rsquo;origine min\u00e9rale naturelle.<\/div>\n<div>Les couleurs sont m\u00e9lang\u00e9es dans des bains sp\u00e9ciaux o\u00f9 les v\u00eatements sont teints un par un.<\/div>\n","protected":false},"featured_media":102121,"template":"","meta":{"_seopress_robots_primary_cat":"none","_seopress_titles_title":"","_seopress_titles_desc":"","_seopress_robots_index":""},"product_brand":[],"product_cat":[3747,3757,5978],"product_tag":[4921],"class_list":{"0":"post-121007","1":"product","2":"type-product","3":"status-publish","4":"has-post-thumbnail","6":"product_cat-decoration-interieure","7":"product_cat-table-fr","8":"product_cat-nappes","9":"product_tag-nappe","11":"first","12":"instock","13":"shipping-taxable","14":"purchasable","15":"product-type-variable"},"jetpack_sharing_enabled":true,"_links":{"self":[{"href":"https:\/\/lighthouselocarno.ch\/fr\/wp-json\/wp\/v2\/product\/121007","targetHints":{"allow":["GET"]}}],"collection":[{"href":"https:\/\/lighthouselocarno.ch\/fr\/wp-json\/wp\/v2\/product"}],"about":[{"href":"https:\/\/lighthouselocarno.ch\/fr\/wp-json\/wp\/v2\/types\/product"}],"wp:featuredmedia":[{"embeddable":true,"href":"https:\/\/lighthouselocarno.ch\/fr\/wp-json\/wp\/v2\/media\/102121"}],"wp:attachment":[{"href":"https:\/\/lighthouselocarno.ch\/fr\/wp-json\/wp\/v2\/media?parent=121007"}],"wp:term":[{"taxonomy":"product_brand","embeddable":true,"href":"https:\/\/lighthouselocarno.ch\/fr\/wp-json\/wp\/v2\/product_brand?post=121007"},{"taxonomy":"product_cat","embeddable":true,"href":"https:\/\/lighthouselocarno.ch\/fr\/wp-json\/wp\/v2\/product_cat?post=121007"},{"taxonomy":"product_tag","embeddable":true,"href":"https:\/\/lighthouselocarno.ch\/fr\/wp-json\/wp\/v2\/product_tag?post=121007"}],"curies":[{"name":"wp","href":"https:\/\/api.w.org\/{rel}","templated":true}]}}