{"id":121333,"date":"2021-09-05T09:27:27","date_gmt":"2021-09-05T09:27:27","guid":{"rendered":"https:\/\/lighthouselocarno.ch\/prodotti\/paire-de-serviettes-de-toilette-et-dinvites-avec-dentelle-harmony\/"},"modified":"2023-09-09T13:17:56","modified_gmt":"2023-09-09T13:17:56","slug":"serviette-couple-face-et-hosts-avec-lace-harmony-art-pure","status":"publish","type":"product","link":"https:\/\/lighthouselocarno.ch\/fr\/produit\/serviette-couple-face-et-hosts-avec-lace-harmony-art-pure\/","title":{"rendered":"Paire de serviettes de toilette et d&rsquo;invit\u00e9s avec dentelle Harmony"},"content":{"rendered":"<p>1Entretien du produit :<\/p>\n<p>Lavable en machine \u00e0 30-40 degr\u00e9s avec un savon doux. Ne pas ajouter d&rsquo;adoucisseur. Ne pas blanchir.<br \/>\nTous les v\u00eatements Arte Pura sont teints \u00e0 la main avec des pigments min\u00e9raux naturels.<br \/>\nIl est possible qu&rsquo;ils perdent un peu de leur couleur lors des premiers lavages, ce qui donne une teinte vintage propre \u00e0 cette marque.<br \/>\nLorsque vous lavez des v\u00eatements aux couleurs anciennes, je vous recommande vivement d&rsquo;ajouter 1 kg de sel de mer dans la machine \u00e0 laver pendant les 3 \u00e0 4 premiers lavages afin de bien fixer les couleurs.<\/p>\n<p>Tissu : 100% lin.<\/p>\n","protected":false},"excerpt":{"rendered":"<p>Paire de serviettes de toilette et d&rsquo;invit\u00e9s avec dentelle harmonieuse par ARTE PURA. La couleur de l&rsquo;image de couverture est Veronica Old.<\/p>\n<p>Disponible dans la boutique dans les coloris Retro et Veronica Old.<\/p>\n<p>Disponible sur commande dans un d\u00e9lai de 6 \u00e0 8 semaines dans toutes les autres couleurs.<\/p>\n<p>WASH<br \/>\nLavable en machine \u00e0 30-40 degr\u00e9s.<br \/>\nTous les v\u00eatements Arte Pura sont teints \u00e0 la main dans des couleurs naturelles.<br \/>\nIl est possible qu&rsquo;ils perdent un peu de leur couleur lors des premiers lavages, ce qui leur conf\u00e8re une teinte vintage particuli\u00e8re et unique \u00e0 cette marque.<br \/>\nLorsque vous lavez des v\u00eatements aux couleurs anciennes, je vous recommande vivement d&rsquo;ajouter 1 kg de sel de mer dans la machine \u00e0 laver pendant les 3 \u00e0 4 premiers lavages afin de bien fixer les couleurs.<\/p>\n<div>Les pigments utilis\u00e9s pour la coloration sont tous d&rsquo;origine min\u00e9rale naturelle.<\/div>\n<div>Les couleurs sont m\u00e9lang\u00e9es dans des bains sp\u00e9ciaux o\u00f9 les v\u00eatements sont teints un par un.<\/div>\n","protected":false},"featured_media":102166,"template":"","meta":{"_seopress_robots_primary_cat":"none","_seopress_titles_title":"","_seopress_titles_desc":"","_seopress_robots_index":""},"product_brand":[],"product_cat":[3747,3883,6039],"product_tag":[4934,3889,4939],"class_list":{"0":"post-121333","1":"product","2":"type-product","3":"status-publish","4":"has-post-thumbnail","6":"product_cat-decoration-interieure","7":"product_cat-salle-de-bains","8":"product_cat-serviettes-fr","9":"product_tag-serviettes","10":"product_tag-serviettes-avec-dentelle","11":"product_tag-serviettes-de-bain","12":"pa_colore-ange-vieux-401","13":"pa_colore-baltique-ancien-428","14":"pa_colore-beurre-ancien-047","15":"pa_colore-blanc-019","16":"pa_colore-bonbon-vieux-429","17":"pa_colore-convivio-438-fr","18":"pa_colore-craie-ancienne-044","19":"pa_colore-douceur-de-lancienne-434","20":"pa_colore-essenza-old-409-fr","21":"pa_colore-evenement-ancien-436","22":"pa_colore-fee-vieille-405","23":"pa_colore-granit-ancien-427","24":"pa_colore-ladorable-vieille-437","25":"pa_colore-lac-old-440","26":"pa_colore-lava-old-037-fr","27":"pa_colore-luxe-vieux-432","28":"pa_colore-malte-ancienne-414","29":"pa_colore-mineral-old-410-fr","30":"pa_colore-noir-021","31":"pa_colore-pierre-vieille-425","32":"pa_colore-pivoine-vieille-417","33":"pa_colore-poudre-ancienne-043","34":"pa_colore-retro-900-fr","35":"pa_colore-roma-old-435-fr","36":"pa_colore-souffle-vieux-415","37":"pa_colore-veronica-old-416-fr","38":"pa_colore-vieille-argile-048","39":"pa_colore-vieille-pensee-441","40":"pa_colore-vita-old-433-fr","42":"first","43":"instock","44":"shipping-taxable","45":"purchasable","46":"product-type-variable"},"jetpack_sharing_enabled":true,"_links":{"self":[{"href":"https:\/\/lighthouselocarno.ch\/fr\/wp-json\/wp\/v2\/product\/121333","targetHints":{"allow":["GET"]}}],"collection":[{"href":"https:\/\/lighthouselocarno.ch\/fr\/wp-json\/wp\/v2\/product"}],"about":[{"href":"https:\/\/lighthouselocarno.ch\/fr\/wp-json\/wp\/v2\/types\/product"}],"wp:featuredmedia":[{"embeddable":true,"href":"https:\/\/lighthouselocarno.ch\/fr\/wp-json\/wp\/v2\/media\/102166"}],"wp:attachment":[{"href":"https:\/\/lighthouselocarno.ch\/fr\/wp-json\/wp\/v2\/media?parent=121333"}],"wp:term":[{"taxonomy":"product_brand","embeddable":true,"href":"https:\/\/lighthouselocarno.ch\/fr\/wp-json\/wp\/v2\/product_brand?post=121333"},{"taxonomy":"product_cat","embeddable":true,"href":"https:\/\/lighthouselocarno.ch\/fr\/wp-json\/wp\/v2\/product_cat?post=121333"},{"taxonomy":"product_tag","embeddable":true,"href":"https:\/\/lighthouselocarno.ch\/fr\/wp-json\/wp\/v2\/product_tag?post=121333"}],"curies":[{"name":"wp","href":"https:\/\/api.w.org\/{rel}","templated":true}]}}