{"id":121468,"date":"2021-08-12T12:12:58","date_gmt":"2021-08-12T12:12:58","guid":{"rendered":"https:\/\/lighthouselocarno.ch\/prodotti\/porte-mouchoirs-avec-noeud\/"},"modified":"2025-05-23T13:44:33","modified_gmt":"2025-05-23T13:44:33","slug":"porte-mouchoirs-avec-arc-en-ciel-pur","status":"publish","type":"product","link":"https:\/\/lighthouselocarno.ch\/fr\/produit\/porte-mouchoirs-avec-arc-en-ciel-pur\/","title":{"rendered":"Porte-mouchoirs avec noeud"},"content":{"rendered":"","protected":false},"excerpt":{"rendered":"<p>Enveloppe pour papier hygi\u00e9nique. Fabriqu\u00e9 en tissu \u00e9ponge et d\u00e9cor\u00e9 d&rsquo;un n\u0153ud.<\/p>\n<p>Parfait pour \u00eatre plac\u00e9 dans la salle de bain, \u00e0 c\u00f4t\u00e9 du lavabo, pour \u00eatre assorti aux serviettes et tapis de bain ARTE PURA.<\/p>\n<p>La couleur Veronica Old figure sur la couverture.<\/p>\n<p>Disponible, sur commande, dans un d\u00e9lai de 4 \u00e0 6 semaines dans toutes les autres couleurs.<\/p>\n<p>WASH<br \/>\nLavable en machine \u00e0 30-40 degr\u00e9s.<br \/>\nTous les v\u00eatements Arte Pura sont teints \u00e0 la main dans des couleurs naturelles.<br \/>\nIl est possible qu&rsquo;ils perdent un peu de leur couleur lors des premiers lavages, ce qui donne une teinte vintage propre \u00e0 cette marque.<br \/>\nLorsque vous lavez des v\u00eatements aux couleurs anciennes, je vous recommande vivement d&rsquo;ajouter 1 kg de sel de mer dans la machine \u00e0 laver pendant les 3 \u00e0 4 premiers lavages afin de bien fixer les couleurs.<\/p>\n<p>Les pigments utilis\u00e9s pour la coloration sont tous d&rsquo;origine min\u00e9rale naturelle.<br \/>\nLes couleurs sont m\u00e9lang\u00e9es dans des bains sp\u00e9ciaux o\u00f9 les v\u00eatements sont teints un par un.<\/p>\n","protected":false},"featured_media":103339,"template":"","meta":{"_seopress_robots_primary_cat":"none","_seopress_titles_title":"","_seopress_titles_desc":"","_seopress_robots_index":""},"product_brand":[8562],"product_cat":[6122,3747,5321],"product_tag":[4956,4975],"class_list":{"0":"post-121468","1":"product","2":"type-product","3":"status-publish","4":"has-post-thumbnail","6":"product_brand-arte-pura","7":"product_cat-accessoires","8":"product_cat-decoration-interieure","9":"product_cat-trousses","10":"product_tag-porte-mouchoir-fr","11":"product_tag-porte-mouchoir-fr-2","12":"pa_colore-ange-vieux-401","13":"pa_colore-baltique-ancien-428","14":"pa_colore-beurre-ancien-047","15":"pa_colore-blanc-019","16":"pa_colore-bonbon-vieux-429","17":"pa_colore-convivio-438-fr","18":"pa_colore-craie-ancienne-044","19":"pa_colore-douceur-de-lancienne-434","20":"pa_colore-essenza-old-409-fr","21":"pa_colore-evenement-ancien-436","22":"pa_colore-fee-vieille-405","23":"pa_colore-granit-ancien-427","24":"pa_colore-ladorable-vieille-437","25":"pa_colore-lac-old-440","26":"pa_colore-lava-old-037-fr","27":"pa_colore-luxe-vieux-432","28":"pa_colore-malte-ancienne-414","29":"pa_colore-mineral-old-410-fr","30":"pa_colore-noir-021","31":"pa_colore-pierre-vieille-425","32":"pa_colore-pivoine-vieille-417","33":"pa_colore-poudre-ancienne-043","34":"pa_colore-retro-900-fr","35":"pa_colore-roma-old-435-fr","36":"pa_colore-souffle-vieux-415","37":"pa_colore-vieille-argile-048","38":"pa_colore-vieille-pensee-441","39":"pa_colore-vita-old-433-fr","41":"first","42":"instock","43":"shipping-taxable","44":"purchasable","45":"product-type-variable"},"jetpack_sharing_enabled":true,"_links":{"self":[{"href":"https:\/\/lighthouselocarno.ch\/fr\/wp-json\/wp\/v2\/product\/121468","targetHints":{"allow":["GET"]}}],"collection":[{"href":"https:\/\/lighthouselocarno.ch\/fr\/wp-json\/wp\/v2\/product"}],"about":[{"href":"https:\/\/lighthouselocarno.ch\/fr\/wp-json\/wp\/v2\/types\/product"}],"wp:featuredmedia":[{"embeddable":true,"href":"https:\/\/lighthouselocarno.ch\/fr\/wp-json\/wp\/v2\/media\/103339"}],"wp:attachment":[{"href":"https:\/\/lighthouselocarno.ch\/fr\/wp-json\/wp\/v2\/media?parent=121468"}],"wp:term":[{"taxonomy":"product_brand","embeddable":true,"href":"https:\/\/lighthouselocarno.ch\/fr\/wp-json\/wp\/v2\/product_brand?post=121468"},{"taxonomy":"product_cat","embeddable":true,"href":"https:\/\/lighthouselocarno.ch\/fr\/wp-json\/wp\/v2\/product_cat?post=121468"},{"taxonomy":"product_tag","embeddable":true,"href":"https:\/\/lighthouselocarno.ch\/fr\/wp-json\/wp\/v2\/product_tag?post=121468"}],"curies":[{"name":"wp","href":"https:\/\/api.w.org\/{rel}","templated":true}]}}