{"id":121473,"date":"2021-09-10T19:06:07","date_gmt":"2021-09-10T19:06:07","guid":{"rendered":"https:\/\/lighthouselocarno.ch\/prodotti\/rideau-en-lin-leger-avec-broderie-centrale-sur-tissu-organza\/"},"modified":"2023-08-30T15:02:42","modified_gmt":"2023-08-30T15:02:42","slug":"tent-en-linen-light-and-embroidery-on-organza-art-pure","status":"publish","type":"product","link":"https:\/\/lighthouselocarno.ch\/fr\/produit\/tent-en-linen-light-and-embroidery-on-organza-art-pure\/","title":{"rendered":"Rideau en lin l\u00e9ger avec broderie centrale sur tissu organza"},"content":{"rendered":"<p>Vous pouvez commander de nombreuses autres couleurs de la gamme Arte Pura directement sur le site.<br \/>\nD\u00e9lai d&rsquo;attente de 6 \u00e0 8 semaines pour toutes les autres couleurs.<\/p>\n<p>WASH<br \/>\nLavable en machine \u00e0 30-40 degr\u00e9s.<br \/>\nTous les v\u00eatements Arte Pura sont teints \u00e0 la main dans des couleurs naturelles.<br \/>\nIl est possible qu&rsquo;ils perdent un peu de leur couleur lors des premiers lavages, ce qui donne une teinte vintage propre \u00e0 cette marque.<br \/>\nLorsque vous lavez des v\u00eatements aux couleurs anciennes, je vous recommande vivement d&rsquo;ajouter 1 kg de sel de mer dans la machine \u00e0 laver pendant les 3 \u00e0 4 premiers lavages afin de bien fixer les couleurs.<\/p>\n<p>Tissu : 100% lin.<br \/>\nDentelle : 100% coton<\/p>\n","protected":false},"excerpt":{"rendered":"<p>Rideau \u00e0 double voile en lin et organza avec broderie verticale.<\/p>\n<p>Ce magnifique rideau \u00e0 double \u00e9paisseur vous offre un maximum d&rsquo;intimit\u00e9 gr\u00e2ce au lin occultant. Les d\u00e9tails en organza brod\u00e9 du second voile permettent de cr\u00e9er des effets d&rsquo;ombre et de lumi\u00e8re dans le salon, la chambre ou la salle de bains.<\/p>\n<p>Disponible dans la boutique en blanc.<\/p>\n<p>Disponible sur commande dans un d\u00e9lai de 6 \u00e0 8 semaines dans toutes les autres couleurs.<\/p>\n<p>WASH<br \/>\nLavable en machine \u00e0 30-40 degr\u00e9s.<br \/>\nTous les v\u00eatements Arte Pura sont teints \u00e0 la main dans des couleurs naturelles.<br \/>\nIl est possible qu&rsquo;ils perdent un peu de leur couleur lors des premiers lavages, ce qui leur conf\u00e8re une teinte vintage particuli\u00e8re et unique \u00e0 cette marque.<br \/>\nLorsque vous lavez des v\u00eatements aux couleurs anciennes, je vous recommande vivement d&rsquo;ajouter 1 kg de sel de mer dans la machine \u00e0 laver pendant les 3 \u00e0 4 premiers lavages afin de bien fixer les couleurs.<\/p>\n<div>Les pigments utilis\u00e9s pour la coloration sont tous d&rsquo;origine min\u00e9rale naturelle.<\/div>\n<div>Les couleurs sont m\u00e9lang\u00e9es dans des bains sp\u00e9ciaux o\u00f9 les v\u00eatements sont teints un par un.<\/div>\n<p>&nbsp;<\/p>\n","protected":false},"featured_media":102301,"template":"","meta":{"_seopress_robots_primary_cat":"81","_seopress_titles_title":"","_seopress_titles_desc":"","_seopress_robots_index":""},"product_brand":[],"product_cat":[3747,7194,6071],"product_tag":[3839,4967,4922,4979],"class_list":{"0":"post-121473","1":"product","2":"type-product","3":"status-publish","4":"has-post-thumbnail","6":"product_cat-decoration-interieure","7":"product_cat-tentes-fr","8":"product_cat-tentes","9":"product_tag-art-pur","10":"product_tag-rideau-dart-pur","11":"product_tag-rideau-en-lin-et-dentelle","12":"product_tag-rideau-en-lin-et-organza","14":"first","15":"instock","16":"shipping-taxable","17":"purchasable","18":"product-type-variable","19":"has-default-attributes"},"jetpack_sharing_enabled":true,"_links":{"self":[{"href":"https:\/\/lighthouselocarno.ch\/fr\/wp-json\/wp\/v2\/product\/121473","targetHints":{"allow":["GET"]}}],"collection":[{"href":"https:\/\/lighthouselocarno.ch\/fr\/wp-json\/wp\/v2\/product"}],"about":[{"href":"https:\/\/lighthouselocarno.ch\/fr\/wp-json\/wp\/v2\/types\/product"}],"wp:featuredmedia":[{"embeddable":true,"href":"https:\/\/lighthouselocarno.ch\/fr\/wp-json\/wp\/v2\/media\/102301"}],"wp:attachment":[{"href":"https:\/\/lighthouselocarno.ch\/fr\/wp-json\/wp\/v2\/media?parent=121473"}],"wp:term":[{"taxonomy":"product_brand","embeddable":true,"href":"https:\/\/lighthouselocarno.ch\/fr\/wp-json\/wp\/v2\/product_brand?post=121473"},{"taxonomy":"product_cat","embeddable":true,"href":"https:\/\/lighthouselocarno.ch\/fr\/wp-json\/wp\/v2\/product_cat?post=121473"},{"taxonomy":"product_tag","embeddable":true,"href":"https:\/\/lighthouselocarno.ch\/fr\/wp-json\/wp\/v2\/product_tag?post=121473"}],"curies":[{"name":"wp","href":"https:\/\/api.w.org\/{rel}","templated":true}]}}