{"id":121620,"date":"2022-01-23T16:00:42","date_gmt":"2022-01-23T16:00:42","guid":{"rendered":"https:\/\/lighthouselocarno.ch\/prodotti\/robe-longue-en-maille-bleue\/"},"modified":"2024-12-15T12:21:40","modified_gmt":"2024-12-15T12:21:40","slug":"robe-longue-en-maille-couleur-bleue","status":"publish","type":"product","link":"https:\/\/lighthouselocarno.ch\/fr\/produit\/robe-longue-en-maille-couleur-bleue\/","title":{"rendered":"Robe longue en maille bleue"},"content":{"rendered":"","protected":false},"excerpt":{"rendered":"<p>Robe longue en maille douce de couleur bleue. Col large d\u00e9cor\u00e9 de demi-perles blanches. Bordure en fil d&rsquo;argent brillant. Fil 70% viscose, 15% polyamide, 15% polyester m\u00e9tallis\u00e9. Fabriqu\u00e9 en Italie.<\/p>\n","protected":false},"featured_media":102841,"template":"","meta":{"_seopress_robots_primary_cat":"61","_seopress_titles_title":"","_seopress_titles_desc":"","_seopress_robots_index":""},"product_brand":[],"product_cat":[3756],"product_tag":[4955,4708,5021],"class_list":{"0":"post-121620","1":"product","2":"type-product","3":"status-publish","4":"has-post-thumbnail","6":"product_cat-vente","7":"product_tag-elisa-cavaletti-fr","8":"product_tag-robe-en-tricot","9":"product_tag-robe-en-tricot-fr","11":"first","12":"outofstock","13":"sale","14":"shipping-taxable","15":"purchasable","16":"product-type-variable","17":"has-default-attributes"},"jetpack_sharing_enabled":true,"_links":{"self":[{"href":"https:\/\/lighthouselocarno.ch\/fr\/wp-json\/wp\/v2\/product\/121620","targetHints":{"allow":["GET"]}}],"collection":[{"href":"https:\/\/lighthouselocarno.ch\/fr\/wp-json\/wp\/v2\/product"}],"about":[{"href":"https:\/\/lighthouselocarno.ch\/fr\/wp-json\/wp\/v2\/types\/product"}],"wp:featuredmedia":[{"embeddable":true,"href":"https:\/\/lighthouselocarno.ch\/fr\/wp-json\/wp\/v2\/media\/102841"}],"wp:attachment":[{"href":"https:\/\/lighthouselocarno.ch\/fr\/wp-json\/wp\/v2\/media?parent=121620"}],"wp:term":[{"taxonomy":"product_brand","embeddable":true,"href":"https:\/\/lighthouselocarno.ch\/fr\/wp-json\/wp\/v2\/product_brand?post=121620"},{"taxonomy":"product_cat","embeddable":true,"href":"https:\/\/lighthouselocarno.ch\/fr\/wp-json\/wp\/v2\/product_cat?post=121620"},{"taxonomy":"product_tag","embeddable":true,"href":"https:\/\/lighthouselocarno.ch\/fr\/wp-json\/wp\/v2\/product_tag?post=121620"}],"curies":[{"name":"wp","href":"https:\/\/api.w.org\/{rel}","templated":true}]}}