{"id":121701,"date":"2021-08-24T15:58:56","date_gmt":"2021-08-24T15:58:56","guid":{"rendered":"https:\/\/lighthouselocarno.ch\/prodotti\/porte-objet-porte-pain-en-dentelle-au-crochet\/"},"modified":"2023-08-30T14:17:55","modified_gmt":"2023-08-30T14:17:55","slug":"petit-paysan-en-lace-uncinet-art-pure","status":"publish","type":"product","link":"https:\/\/lighthouselocarno.ch\/fr\/produit\/petit-paysan-en-lace-uncinet-art-pure\/","title":{"rendered":"Porte-objet - Porte-pain en dentelle au crochet"},"content":{"rendered":"","protected":false},"excerpt":{"rendered":"<p>Magnifique porte-pain en dentelle crochet\u00e9e, \u00e0 utiliser pour tenir le pain sur la table, les petits objets ou comme vide-poche pratique.<\/p>\n<p>Disponible en plusieurs couleurs dans la boutique.<\/p>\n<p>Disponible sur commande dans un d\u00e9lai de 4 \u00e0 6 semaines dans toutes les autres couleurs.<\/p>\n<p>WASH<br \/>\nLavable en machine \u00e0 30-40 degr\u00e9s.<br \/>\nTous les v\u00eatements Arte Pura sont teints \u00e0 la main dans des couleurs naturelles.<br \/>\nIl est possible qu&rsquo;ils perdent un peu de leur couleur lors des premiers lavages, ce qui leur conf\u00e8re une teinte vintage particuli\u00e8re et unique \u00e0 cette marque.<br \/>\nLorsque vous lavez des v\u00eatements aux couleurs anciennes, je vous recommande vivement d&rsquo;ajouter 1 kg de sel de mer dans la machine \u00e0 laver pendant les 3 \u00e0 4 premiers lavages afin de bien fixer les couleurs.<\/p>\n<div>Les pigments utilis\u00e9s pour la coloration sont tous d&rsquo;origine min\u00e9rale naturelle.<\/div>\n<div>Les couleurs sont m\u00e9lang\u00e9es dans des bains sp\u00e9ciaux o\u00f9 les v\u00eatements sont teints un par un.<\/div>\n","protected":false},"featured_media":102250,"template":"","meta":{"_seopress_robots_primary_cat":"none","_seopress_titles_title":"","_seopress_titles_desc":"","_seopress_robots_index":""},"product_brand":[],"product_cat":[6122,3747,7314],"product_tag":[3839,5035,4414],"class_list":{"0":"post-121701","1":"product","2":"type-product","3":"status-publish","4":"has-post-thumbnail","6":"product_cat-accessoires","7":"product_cat-decoration-interieure","8":"product_cat-porte-objets","9":"product_tag-art-pur","10":"product_tag-boite-a-pain-fr","11":"product_tag-titulaire","13":"first","14":"instock","15":"shipping-taxable","16":"purchasable","17":"product-type-variable"},"jetpack_sharing_enabled":true,"_links":{"self":[{"href":"https:\/\/lighthouselocarno.ch\/fr\/wp-json\/wp\/v2\/product\/121701","targetHints":{"allow":["GET"]}}],"collection":[{"href":"https:\/\/lighthouselocarno.ch\/fr\/wp-json\/wp\/v2\/product"}],"about":[{"href":"https:\/\/lighthouselocarno.ch\/fr\/wp-json\/wp\/v2\/types\/product"}],"wp:featuredmedia":[{"embeddable":true,"href":"https:\/\/lighthouselocarno.ch\/fr\/wp-json\/wp\/v2\/media\/102250"}],"wp:attachment":[{"href":"https:\/\/lighthouselocarno.ch\/fr\/wp-json\/wp\/v2\/media?parent=121701"}],"wp:term":[{"taxonomy":"product_brand","embeddable":true,"href":"https:\/\/lighthouselocarno.ch\/fr\/wp-json\/wp\/v2\/product_brand?post=121701"},{"taxonomy":"product_cat","embeddable":true,"href":"https:\/\/lighthouselocarno.ch\/fr\/wp-json\/wp\/v2\/product_cat?post=121701"},{"taxonomy":"product_tag","embeddable":true,"href":"https:\/\/lighthouselocarno.ch\/fr\/wp-json\/wp\/v2\/product_tag?post=121701"}],"curies":[{"name":"wp","href":"https:\/\/api.w.org\/{rel}","templated":true}]}}