{"id":121778,"date":"2021-08-12T11:10:02","date_gmt":"2021-08-12T11:10:02","guid":{"rendered":"https:\/\/lighthouselocarno.ch\/prodotti\/chaussons-de-bain-en-eponge\/"},"modified":"2023-08-30T14:24:31","modified_gmt":"2023-08-30T14:24:31","slug":"pantoufles-en-bain-deponge-art-pur","status":"publish","type":"product","link":"https:\/\/lighthouselocarno.ch\/fr\/produit\/pantoufles-en-bain-deponge-art-pur\/","title":{"rendered":"Chaussons de bain en \u00e9ponge"},"content":{"rendered":"<p>WASH<br \/>\nLavable en machine \u00e0 30-40 degr\u00e9s.<br \/>\nTous les v\u00eatements Arte Pura sont teints \u00e0 la main dans des couleurs naturelles.<br \/>\nIl est possible qu&rsquo;ils perdent un peu de leur couleur lors des premiers lavages, ce qui donne une teinte vintage propre \u00e0 cette marque.<br \/>\nLorsque vous lavez des v\u00eatements aux couleurs anciennes, je vous recommande vivement d&rsquo;ajouter 1 kg de sel de mer dans la machine \u00e0 laver pendant les 3 \u00e0 4 premiers lavages afin de bien fixer les couleurs.<\/p>\n<p>Les pigments utilis\u00e9s pour la coloration sont tous d&rsquo;origine min\u00e9rale naturelle.<br \/>\nLes couleurs sont m\u00e9lang\u00e9es dans des bains sp\u00e9ciaux o\u00f9 les v\u00eatements sont teints un par un.<\/p>\n<p>&nbsp;<\/p>\n","protected":false},"excerpt":{"rendered":"<p>Pantoufles de bain en \u00e9ponge d\u00e9cor\u00e9es de dentelle Armonia, disponibles dans toutes les couleurs d&rsquo;Arte Pura.<\/p>\n<p>Parfait pour offrir \u00e0 des invit\u00e9s, pour emporter en vacances ou pour utiliser dans le confort de votre propre maison.<\/p>\n<p>Disponible dans la boutique dans les couleurs Retro et Veronica<\/p>\n<p>Disponible, sur commande, dans un d\u00e9lai de 4 \u00e0 6 semaines dans toutes les autres couleurs.<\/p>\n<p>&nbsp;<\/p>\n<p>&nbsp;<\/p>\n","protected":false},"featured_media":102196,"template":"","meta":{"_seopress_robots_primary_cat":"80","_seopress_titles_title":"Pantoufles en tissu \u00e9ponge pour la salle de bains ou la maison","_seopress_titles_desc":"Les pantoufles en \u00e9ponge sont le compl\u00e9ment id\u00e9al de toute salle de bain ou maison. Fabriqu\u00e9es en tissu \u00e9ponge doux, ces pantoufles sont parfaites pour vous garder au chaud et au sec apr\u00e8s une douche ou un bain. Disponibles dans une grande vari\u00e9t\u00e9 de couleurs et de motifs, les pantoufles en tissu \u00e9ponge sont un cadeau id\u00e9al pour toutes les occasions.","_seopress_robots_index":""},"product_brand":[],"product_cat":[7290,3747,3883],"product_tag":[7305,7304,5212,6040,7306,4440],"class_list":{"0":"post-121778","1":"product","2":"type-product","3":"status-publish","4":"has-post-thumbnail","6":"product_cat-chaussons","7":"product_cat-decoration-interieure","8":"product_cat-salle-de-bains","9":"product_tag-badeschuhe-fr","10":"product_tag-chaussons-de-bain","11":"product_tag-idee-de-cadeau","12":"product_tag-linge-de-toilette","13":"product_tag-pantoufles-de-bain-fr","14":"product_tag-tongs","16":"first","17":"instock","18":"shipping-taxable","19":"purchasable","20":"product-type-variable"},"jetpack_sharing_enabled":true,"_links":{"self":[{"href":"https:\/\/lighthouselocarno.ch\/fr\/wp-json\/wp\/v2\/product\/121778","targetHints":{"allow":["GET"]}}],"collection":[{"href":"https:\/\/lighthouselocarno.ch\/fr\/wp-json\/wp\/v2\/product"}],"about":[{"href":"https:\/\/lighthouselocarno.ch\/fr\/wp-json\/wp\/v2\/types\/product"}],"wp:featuredmedia":[{"embeddable":true,"href":"https:\/\/lighthouselocarno.ch\/fr\/wp-json\/wp\/v2\/media\/102196"}],"wp:attachment":[{"href":"https:\/\/lighthouselocarno.ch\/fr\/wp-json\/wp\/v2\/media?parent=121778"}],"wp:term":[{"taxonomy":"product_brand","embeddable":true,"href":"https:\/\/lighthouselocarno.ch\/fr\/wp-json\/wp\/v2\/product_brand?post=121778"},{"taxonomy":"product_cat","embeddable":true,"href":"https:\/\/lighthouselocarno.ch\/fr\/wp-json\/wp\/v2\/product_cat?post=121778"},{"taxonomy":"product_tag","embeddable":true,"href":"https:\/\/lighthouselocarno.ch\/fr\/wp-json\/wp\/v2\/product_tag?post=121778"}],"curies":[{"name":"wp","href":"https:\/\/api.w.org\/{rel}","templated":true}]}}