{"id":121877,"date":"2021-07-30T18:11:51","date_gmt":"2021-07-30T18:11:51","guid":{"rendered":"https:\/\/lighthouselocarno.ch\/prodotti\/tapis-de-salle-de-bain-en-dentelle-armonia\/"},"modified":"2021-07-30T18:11:51","modified_gmt":"2021-07-30T18:11:51","slug":"bain-dans-le-labyrinthe-harmonie-art-moquette-pure","status":"publish","type":"product","link":"https:\/\/lighthouselocarno.ch\/fr\/produit\/bain-dans-le-labyrinthe-harmonie-art-moquette-pure\/","title":{"rendered":"Tapis de salle de bain en dentelle Armonia"},"content":{"rendered":"","protected":false},"excerpt":{"rendered":"<p>Tapis de bain Armonia en \u00e9ponge et dentelle de la ligne Arte Pura de Daniela Dallavalle.<\/p>\n<p>Elle est parfaitement assortie aux serviettes de toilette et aux serviettes pour invit\u00e9s et est disponible dans toutes les couleurs d&rsquo;Arte Pura.<\/p>\n<p>Disponible en deux tailles : une petite pour la douche (45&#215;60) et une plus grande (60&#215;90) pour le lavabo ou la baignoire.<\/p>\n<p>Dans le magasin, vous trouverez le tapis de salle de bain dans les couleurs Retro et Veronica.<\/p>\n<p>Disponible sur commande dans un d\u00e9lai de 4 \u00e0 6 semaines dans toutes les autres couleurs.<\/p>\n<p>WASH<br \/>\nLavable en machine \u00e0 30-40 degr\u00e9s.<br \/>\nTous les v\u00eatements Arte Pura sont teints \u00e0 la main dans des couleurs naturelles.<br \/>\nIl est possible qu&rsquo;ils perdent un peu de leur couleur lors des premiers lavages, ce qui donne une teinte vintage propre \u00e0 cette marque.<br \/>\nLorsque vous lavez des v\u00eatements aux couleurs anciennes, je vous recommande vivement d&rsquo;ajouter 1 kg de sel de mer dans la machine \u00e0 laver pendant les 3 \u00e0 4 premiers lavages afin de bien fixer les couleurs.<\/p>\n<p>Les pigments utilis\u00e9s pour la coloration sont tous d&rsquo;origine min\u00e9rale naturelle.<br \/>\nLes couleurs sont m\u00e9lang\u00e9es dans des bains sp\u00e9ciaux o\u00f9 les v\u00eatements sont teints un par un.<\/p>\n","protected":false},"featured_media":102184,"template":"","meta":{"_seopress_robots_primary_cat":"","_seopress_titles_title":"","_seopress_titles_desc":"","_seopress_robots_index":""},"product_brand":[],"product_cat":[3883],"product_tag":[5065],"class_list":{"0":"post-121877","1":"product","2":"type-product","3":"status-publish","4":"has-post-thumbnail","6":"product_cat-salle-de-bains","7":"product_tag-tapis-de-salle-de-bains","8":"pa_colore-ange-vieux-401","9":"pa_colore-baltique-ancien-428","10":"pa_colore-beurre-ancien-047","11":"pa_colore-blanc-019","12":"pa_colore-bonbon-vieux-429","13":"pa_colore-convivio-438-fr","14":"pa_colore-craie-ancienne-044","15":"pa_colore-douceur-de-lancienne-434","16":"pa_colore-essenza-old-409-fr","17":"pa_colore-evenement-ancien-436","18":"pa_colore-fee-vieille-405","19":"pa_colore-granit-ancien-427","20":"pa_colore-ladorable-vieille-437","21":"pa_colore-lac-old-440","22":"pa_colore-lava-old-037-fr","23":"pa_colore-luxe-vieux-432","24":"pa_colore-malte-ancienne-414","25":"pa_colore-mineral-old-410-fr","26":"pa_colore-noir-021","27":"pa_colore-pierre-vieille-425","28":"pa_colore-pivoine-vieille-417","29":"pa_colore-poudre-ancienne-043","30":"pa_colore-retro-900-fr","31":"pa_colore-roma-old-435-fr","32":"pa_colore-souffle-vieux-415","33":"pa_colore-veronica-old-416-fr","34":"pa_colore-vieille-argile-048","35":"pa_colore-vieille-pensee-441","36":"pa_colore-vita-old-433-fr","38":"first","39":"onbackorder","40":"shipping-taxable","41":"purchasable","42":"product-type-variable","43":"has-default-attributes"},"jetpack_sharing_enabled":true,"_links":{"self":[{"href":"https:\/\/lighthouselocarno.ch\/fr\/wp-json\/wp\/v2\/product\/121877","targetHints":{"allow":["GET"]}}],"collection":[{"href":"https:\/\/lighthouselocarno.ch\/fr\/wp-json\/wp\/v2\/product"}],"about":[{"href":"https:\/\/lighthouselocarno.ch\/fr\/wp-json\/wp\/v2\/types\/product"}],"wp:featuredmedia":[{"embeddable":true,"href":"https:\/\/lighthouselocarno.ch\/fr\/wp-json\/wp\/v2\/media\/102184"}],"wp:attachment":[{"href":"https:\/\/lighthouselocarno.ch\/fr\/wp-json\/wp\/v2\/media?parent=121877"}],"wp:term":[{"taxonomy":"product_brand","embeddable":true,"href":"https:\/\/lighthouselocarno.ch\/fr\/wp-json\/wp\/v2\/product_brand?post=121877"},{"taxonomy":"product_cat","embeddable":true,"href":"https:\/\/lighthouselocarno.ch\/fr\/wp-json\/wp\/v2\/product_cat?post=121877"},{"taxonomy":"product_tag","embeddable":true,"href":"https:\/\/lighthouselocarno.ch\/fr\/wp-json\/wp\/v2\/product_tag?post=121877"}],"curies":[{"name":"wp","href":"https:\/\/api.w.org\/{rel}","templated":true}]}}