{"id":122075,"date":"2021-09-05T10:57:16","date_gmt":"2021-09-05T10:57:16","guid":{"rendered":"https:\/\/lighthouselocarno.ch\/prodotti\/serviette-de-bain-avec-dentelle-armonia-100x150-cm\/"},"modified":"2024-06-07T13:18:21","modified_gmt":"2024-06-07T13:18:21","slug":"serviette-de-bain-en-eponge-avec-lace-harmonie-100x150-cm","status":"publish","type":"product","link":"https:\/\/lighthouselocarno.ch\/fr\/produit\/serviette-de-bain-en-eponge-avec-lace-harmonie-100x150-cm\/","title":{"rendered":"Serviette de bain avec dentelle Armonia, 100&#215;140 cm"},"content":{"rendered":"","protected":false},"excerpt":{"rendered":"<p><b>Serviette de<\/b> <b>bain<\/b> en \u00e9ponge, 100% <b>coton<\/b> fin, <b>d\u00e9cor\u00e9e d&rsquo;une<\/b> <b>dentelle<\/b> <b>harmonieuse<\/b>.<\/p>\n<p>Taille 100&#215;140 cm.<\/p>\n<p>Tous les articles sont disponibles sur commande dans d&rsquo;autres lacets et couleurs, selon les dossiers joints dans la galerie d&rsquo;images. D\u00e9lai de livraison : 4 \u00e0 6 semaines.<\/p>\n<p>WASH<br \/>\nLavable en machine \u00e0 30-40 degr\u00e9s.<br \/>\nTous les v\u00eatements Arte Pura sont teints \u00e0 la main dans des couleurs naturelles.<br \/>\nIl est possible qu&rsquo;ils perdent un peu de leur couleur lors des premiers lavages, ce qui leur conf\u00e8re une teinte vintage particuli\u00e8re et unique \u00e0 cette marque.<br \/>\nLorsque vous lavez des v\u00eatements aux couleurs anciennes, je vous recommande vivement d&rsquo;ajouter 1 kg de sel de mer dans la machine \u00e0 laver pendant les 3 \u00e0 4 premiers lavages afin de bien fixer les couleurs.<\/p>\n<div>Les pigments utilis\u00e9s pour la coloration sont tous d&rsquo;origine min\u00e9rale naturelle.<\/div>\n<div>Les couleurs sont m\u00e9lang\u00e9es dans des bains sp\u00e9ciaux o\u00f9 les v\u00eatements sont teints un par un.<\/div>\n","protected":false},"featured_media":102265,"template":"","meta":{"_seopress_robots_primary_cat":"none","_seopress_titles_title":"","_seopress_titles_desc":"","_seopress_robots_index":""},"product_brand":[],"product_cat":[3747,3883,6039],"product_tag":[4934,3889,4939],"class_list":{"0":"post-122075","1":"product","2":"type-product","3":"status-publish","4":"has-post-thumbnail","6":"product_cat-decoration-interieure","7":"product_cat-salle-de-bains","8":"product_cat-serviettes-fr","9":"product_tag-serviettes","10":"product_tag-serviettes-avec-dentelle","11":"product_tag-serviettes-de-bain","12":"pa_colore-ange-vieux-401","13":"pa_colore-baltique-ancien-428","14":"pa_colore-beurre-ancien-047","15":"pa_colore-blanc-019","16":"pa_colore-bonbon-vieux-429","17":"pa_colore-convivio-438-fr","18":"pa_colore-craie-ancienne-044","19":"pa_colore-douceur-de-lancienne-434","20":"pa_colore-essenza-old-409-fr","21":"pa_colore-evenement-ancien-436","22":"pa_colore-fee-vieille-405","23":"pa_colore-granit-ancien-427","24":"pa_colore-ladorable-vieille-437","25":"pa_colore-lac-old-440","26":"pa_colore-lava-old-037-fr","27":"pa_colore-luxe-vieux-432","28":"pa_colore-malte-ancienne-414","29":"pa_colore-mineral-old-410-fr","30":"pa_colore-noir-021","31":"pa_colore-pierre-vieille-425","32":"pa_colore-pivoine-vieille-417","33":"pa_colore-poudre-ancienne-043","34":"pa_colore-retro-900-fr","35":"pa_colore-roma-old-435-fr","36":"pa_colore-souffle-vieux-415","37":"pa_colore-vieille-argile-048","38":"pa_colore-vieille-pensee-441","39":"pa_colore-vita-old-433-fr","41":"first","42":"instock","43":"shipping-taxable","44":"purchasable","45":"product-type-variable"},"jetpack_sharing_enabled":true,"_links":{"self":[{"href":"https:\/\/lighthouselocarno.ch\/fr\/wp-json\/wp\/v2\/product\/122075","targetHints":{"allow":["GET"]}}],"collection":[{"href":"https:\/\/lighthouselocarno.ch\/fr\/wp-json\/wp\/v2\/product"}],"about":[{"href":"https:\/\/lighthouselocarno.ch\/fr\/wp-json\/wp\/v2\/types\/product"}],"wp:featuredmedia":[{"embeddable":true,"href":"https:\/\/lighthouselocarno.ch\/fr\/wp-json\/wp\/v2\/media\/102265"}],"wp:attachment":[{"href":"https:\/\/lighthouselocarno.ch\/fr\/wp-json\/wp\/v2\/media?parent=122075"}],"wp:term":[{"taxonomy":"product_brand","embeddable":true,"href":"https:\/\/lighthouselocarno.ch\/fr\/wp-json\/wp\/v2\/product_brand?post=122075"},{"taxonomy":"product_cat","embeddable":true,"href":"https:\/\/lighthouselocarno.ch\/fr\/wp-json\/wp\/v2\/product_cat?post=122075"},{"taxonomy":"product_tag","embeddable":true,"href":"https:\/\/lighthouselocarno.ch\/fr\/wp-json\/wp\/v2\/product_tag?post=122075"}],"curies":[{"name":"wp","href":"https:\/\/api.w.org\/{rel}","templated":true}]}}