{"id":122126,"date":"2021-09-04T19:12:27","date_gmt":"2021-09-04T19:12:27","guid":{"rendered":"https:\/\/lighthouselocarno.ch\/prodotti\/pareo-de-bain-reglable-en-tissu-eponge-avec-boutons-en-nacre\/"},"modified":"2023-09-12T07:47:54","modified_gmt":"2023-09-12T07:47:54","slug":"pareo-en-eponge-art-pure","status":"publish","type":"product","link":"https:\/\/lighthouselocarno.ch\/fr\/produit\/pareo-en-eponge-art-pure\/","title":{"rendered":"Par\u00e9o de bain r\u00e9glable en tissu \u00e9ponge avec boutons en nacre"},"content":{"rendered":"<p>Entretien du produit :<\/p>\n<p>Lavable en machine \u00e0 30-40 degr\u00e9s avec un savon doux. Ne pas ajouter d&rsquo;adoucisseur. Ne pas blanchir.<br \/>\nTous les v\u00eatements Arte Pura sont teints \u00e0 la main avec des pigments min\u00e9raux naturels.<br \/>\nIl est possible qu&rsquo;ils perdent un peu de leur couleur lors des premiers lavages, ce qui donne une teinte vintage propre \u00e0 cette marque.<br \/>\nLorsque vous lavez des v\u00eatements aux couleurs anciennes, je vous recommande vivement d&rsquo;ajouter 1 kg de sel de mer dans la machine \u00e0 laver pendant les 3 \u00e0 4 premiers lavages afin de bien fixer les couleurs.<\/p>\n<p>Tissu : 100% COTON.<\/p>\n","protected":false},"excerpt":{"rendered":"<p>Serviette par\u00e9o en tissu \u00e9ponge d&rsquo;Arte Pura, fermant avec un bouton Agoya.<br \/>\nParfait pour la salle de bains, mais aussi pour le spa ou la piscine.<\/p>\n<p>Taille unique, r\u00e9glable par boutons.<\/p>\n<p>Disponible sur commande dans un d\u00e9lai de 6 \u00e0 8 semaines dans toutes les autres couleurs.<\/p>\n<p>WASH<br \/>\nLavable en machine \u00e0 30-40 degr\u00e9s.<br \/>\nTous les v\u00eatements Arte Pura sont teints \u00e0 la main dans des couleurs naturelles.<br \/>\nIl est possible qu&rsquo;ils perdent un peu de leur couleur lors des premiers lavages, ce qui donne une teinte vintage propre \u00e0 cette marque.<br \/>\nLorsque vous lavez des v\u00eatements aux couleurs anciennes, je vous recommande vivement d&rsquo;ajouter 1 kg de sel de mer dans la machine \u00e0 laver pendant les 3 \u00e0 4 premiers lavages afin de bien fixer les couleurs.<\/p>\n<p>Les pigments utilis\u00e9s pour la coloration sont tous d&rsquo;origine min\u00e9rale naturelle.<br \/>\nLes couleurs sont m\u00e9lang\u00e9es dans des bains sp\u00e9ciaux o\u00f9 les v\u00eatements sont teints un par un.<\/p>\n","protected":false},"featured_media":102211,"template":"","meta":{"_seopress_robots_primary_cat":"none","_seopress_titles_title":"","_seopress_titles_desc":"","_seopress_robots_index":""},"product_brand":[],"product_cat":[3747,5933,3883],"product_tag":[5076],"class_list":{"0":"post-122126","1":"product","2":"type-product","3":"status-publish","4":"has-post-thumbnail","6":"product_cat-decoration-interieure","7":"product_cat-peignoirs-fr","8":"product_cat-salle-de-bains","9":"product_tag-pareo-fr","10":"pa_colore-ange-vieux-401","11":"pa_colore-baltique-ancien-428","12":"pa_colore-beurre-ancien-047","13":"pa_colore-blanc-019","14":"pa_colore-bonbon-vieux-429","15":"pa_colore-convivio-438-fr","16":"pa_colore-craie-ancienne-044","17":"pa_colore-douceur-de-lancienne-434","18":"pa_colore-essenza-old-409-fr","19":"pa_colore-evenement-ancien-436","20":"pa_colore-fee-vieille-405","21":"pa_colore-granit-ancien-427","22":"pa_colore-ladorable-vieille-437","23":"pa_colore-lac-old-440","24":"pa_colore-lava-old-037-fr","25":"pa_colore-luxe-vieux-432","26":"pa_colore-malte-ancienne-414","27":"pa_colore-mineral-old-410-fr","28":"pa_colore-noir-021","29":"pa_colore-pierre-vieille-425","30":"pa_colore-pivoine-vieille-417","31":"pa_colore-poudre-ancienne-043","32":"pa_colore-retro-900-fr","33":"pa_colore-roma-old-435-fr","34":"pa_colore-souffle-vieux-415","35":"pa_colore-vieille-argile-048","36":"pa_colore-vieille-pensee-441","37":"pa_colore-vita-old-433-fr","39":"first","40":"instock","41":"shipping-taxable","42":"purchasable","43":"product-type-variable"},"jetpack_sharing_enabled":true,"_links":{"self":[{"href":"https:\/\/lighthouselocarno.ch\/fr\/wp-json\/wp\/v2\/product\/122126","targetHints":{"allow":["GET"]}}],"collection":[{"href":"https:\/\/lighthouselocarno.ch\/fr\/wp-json\/wp\/v2\/product"}],"about":[{"href":"https:\/\/lighthouselocarno.ch\/fr\/wp-json\/wp\/v2\/types\/product"}],"wp:featuredmedia":[{"embeddable":true,"href":"https:\/\/lighthouselocarno.ch\/fr\/wp-json\/wp\/v2\/media\/102211"}],"wp:attachment":[{"href":"https:\/\/lighthouselocarno.ch\/fr\/wp-json\/wp\/v2\/media?parent=122126"}],"wp:term":[{"taxonomy":"product_brand","embeddable":true,"href":"https:\/\/lighthouselocarno.ch\/fr\/wp-json\/wp\/v2\/product_brand?post=122126"},{"taxonomy":"product_cat","embeddable":true,"href":"https:\/\/lighthouselocarno.ch\/fr\/wp-json\/wp\/v2\/product_cat?post=122126"},{"taxonomy":"product_tag","embeddable":true,"href":"https:\/\/lighthouselocarno.ch\/fr\/wp-json\/wp\/v2\/product_tag?post=122126"}],"curies":[{"name":"wp","href":"https:\/\/api.w.org\/{rel}","templated":true}]}}