{"id":122320,"date":"2021-09-08T13:34:42","date_gmt":"2021-09-08T13:34:42","guid":{"rendered":"https:\/\/lighthouselocarno.ch\/prodotti\/chemin-de-table-en-dentelle-avec-boutons\/"},"modified":"2023-08-30T14:26:48","modified_gmt":"2023-08-30T14:26:48","slug":"coureur-en-lace-avec-boutons","status":"publish","type":"product","link":"https:\/\/lighthouselocarno.ch\/fr\/produit\/coureur-en-lace-avec-boutons\/","title":{"rendered":"Chemin de table en dentelle avec boutons"},"content":{"rendered":"","protected":false},"excerpt":{"rendered":"<p>Chemins de table en dentelle et boutons avec boucles pour relier plusieurs morceaux de nappes en lin et couvrir une plus grande surface de votre table.<\/p>\n<p>Ce chemin de table se marie bien avec la nappe en lin Arte Pura, \u00e9galement dot\u00e9e de boutonni\u00e8res et de boutons, pour couvrir de longues tables.<\/p>\n<p>Disponible dans la boutique en Veronica Old.<\/p>\n<p>Disponible sur commande dans un d\u00e9lai de 4 \u00e0 6 semaines dans toutes les autres couleurs.<\/p>\n<p>WASH<br \/>\nLavable en machine \u00e0 30-40 degr\u00e9s.<br \/>\nTous les v\u00eatements Arte Pura sont teints \u00e0 la main dans des couleurs naturelles.<br \/>\nIl est possible qu&rsquo;ils perdent un peu de leur couleur lors des premiers lavages, ce qui leur conf\u00e8re une teinte vintage particuli\u00e8re et unique \u00e0 cette marque.<br \/>\nLorsque vous lavez des v\u00eatements aux couleurs anciennes, je vous recommande vivement d&rsquo;ajouter 1 kg de sel de mer dans la machine \u00e0 laver pendant les 3 \u00e0 4 premiers lavages afin de bien fixer les couleurs.<\/p>\n<div>Les pigments utilis\u00e9s pour la coloration sont tous d&rsquo;origine min\u00e9rale naturelle.<\/div>\n<div>Les couleurs sont m\u00e9lang\u00e9es dans des bains sp\u00e9ciaux o\u00f9 les v\u00eatements sont teints un par un.<\/div>\n","protected":false},"featured_media":102283,"template":"","meta":{"_seopress_robots_primary_cat":"181","_seopress_titles_title":"","_seopress_titles_desc":"","_seopress_robots_index":""},"product_brand":[],"product_cat":[6305,3747,3757],"product_tag":[3804,3968],"class_list":{"0":"post-122320","1":"product","2":"type-product","3":"status-publish","4":"has-post-thumbnail","6":"product_cat-chemin-de-table","7":"product_cat-decoration-interieure","8":"product_cat-table-fr","9":"product_tag-chemin-de-table","10":"product_tag-coureur","12":"first","13":"instock","14":"shipping-taxable","15":"product-type-variable"},"jetpack_sharing_enabled":true,"_links":{"self":[{"href":"https:\/\/lighthouselocarno.ch\/fr\/wp-json\/wp\/v2\/product\/122320","targetHints":{"allow":["GET"]}}],"collection":[{"href":"https:\/\/lighthouselocarno.ch\/fr\/wp-json\/wp\/v2\/product"}],"about":[{"href":"https:\/\/lighthouselocarno.ch\/fr\/wp-json\/wp\/v2\/types\/product"}],"wp:featuredmedia":[{"embeddable":true,"href":"https:\/\/lighthouselocarno.ch\/fr\/wp-json\/wp\/v2\/media\/102283"}],"wp:attachment":[{"href":"https:\/\/lighthouselocarno.ch\/fr\/wp-json\/wp\/v2\/media?parent=122320"}],"wp:term":[{"taxonomy":"product_brand","embeddable":true,"href":"https:\/\/lighthouselocarno.ch\/fr\/wp-json\/wp\/v2\/product_brand?post=122320"},{"taxonomy":"product_cat","embeddable":true,"href":"https:\/\/lighthouselocarno.ch\/fr\/wp-json\/wp\/v2\/product_cat?post=122320"},{"taxonomy":"product_tag","embeddable":true,"href":"https:\/\/lighthouselocarno.ch\/fr\/wp-json\/wp\/v2\/product_tag?post=122320"}],"curies":[{"name":"wp","href":"https:\/\/api.w.org\/{rel}","templated":true}]}}