{"id":122467,"date":"2021-10-13T21:45:27","date_gmt":"2021-10-13T21:45:27","guid":{"rendered":"https:\/\/lighthouselocarno.ch\/prodotti\/chandelier-shabby-chic\/"},"modified":"2023-08-30T14:36:49","modified_gmt":"2023-08-30T14:36:49","slug":"candelabre-shabby-chic","status":"publish","type":"product","link":"https:\/\/lighthouselocarno.ch\/fr\/produit\/candelabre-shabby-chic\/","title":{"rendered":"Chandelier shabby chic"},"content":{"rendered":"","protected":false},"excerpt":{"rendered":"<p>Superbe <strong>cand\u00e9labre<\/strong> en m\u00e9tal blanc antique de <strong>style shabby chic<\/strong>.<br \/>\n<strong>Cand\u00e9labre \u00e0 bras pour 11 bougies.<\/strong><br \/>\nId\u00e9al dans tous les environnements, m\u00eame \u00e0 l&rsquo;ext\u00e9rieur, sur la terrasse ou dans le jardin.<br \/>\nDimensions : 60 x 60 x 90 centim\u00e8tres.<\/p>\n","protected":false},"featured_media":102715,"template":"","meta":{"_seopress_robots_primary_cat":"","_seopress_titles_title":"","_seopress_titles_desc":"","_seopress_robots_index":""},"product_brand":[],"product_cat":[4268,7140,3747,3756],"product_tag":[5121,5125,5117],"class_list":{"0":"post-122467","1":"product","2":"type-product","3":"status-publish","4":"has-post-thumbnail","6":"product_cat-bougies","7":"product_cat-chandelier","8":"product_cat-decoration-interieure","9":"product_cat-vente","10":"product_tag-candelabre-en-metal-blanc","11":"product_tag-candelabre-shabby-chic-2","12":"product_tag-chandelier-11-feux","14":"first","15":"outofstock","16":"sale","17":"downloadable","18":"shipping-taxable","19":"purchasable","20":"product-type-simple"},"jetpack_sharing_enabled":true,"_links":{"self":[{"href":"https:\/\/lighthouselocarno.ch\/fr\/wp-json\/wp\/v2\/product\/122467","targetHints":{"allow":["GET"]}}],"collection":[{"href":"https:\/\/lighthouselocarno.ch\/fr\/wp-json\/wp\/v2\/product"}],"about":[{"href":"https:\/\/lighthouselocarno.ch\/fr\/wp-json\/wp\/v2\/types\/product"}],"wp:featuredmedia":[{"embeddable":true,"href":"https:\/\/lighthouselocarno.ch\/fr\/wp-json\/wp\/v2\/media\/102715"}],"wp:attachment":[{"href":"https:\/\/lighthouselocarno.ch\/fr\/wp-json\/wp\/v2\/media?parent=122467"}],"wp:term":[{"taxonomy":"product_brand","embeddable":true,"href":"https:\/\/lighthouselocarno.ch\/fr\/wp-json\/wp\/v2\/product_brand?post=122467"},{"taxonomy":"product_cat","embeddable":true,"href":"https:\/\/lighthouselocarno.ch\/fr\/wp-json\/wp\/v2\/product_cat?post=122467"},{"taxonomy":"product_tag","embeddable":true,"href":"https:\/\/lighthouselocarno.ch\/fr\/wp-json\/wp\/v2\/product_tag?post=122467"}],"curies":[{"name":"wp","href":"https:\/\/api.w.org\/{rel}","templated":true}]}}